{"id":5210,"date":"2021-08-26T11:24:42","date_gmt":"2021-08-26T09:24:42","guid":{"rendered":"https:\/\/exis.hu\/velemenyek-copy\/"},"modified":"2025-06-23T13:32:28","modified_gmt":"2025-06-23T11:32:28","slug":"stimmen","status":"publish","type":"page","link":"https:\/\/exis.hu\/de\/stimmen\/","title":{"rendered":"Stimmen"},"content":{"rendered":"\t\t<div data-elementor-type=\"wp-page\" data-elementor-id=\"5210\" class=\"elementor elementor-5210 elementor-1204\">\n\t\t\t\t\t\t<section class=\"elementor-section elementor-top-section elementor-element elementor-element-065002b elementor-section-full_width elementor-section-height-default elementor-section-height-default\" data-id=\"065002b\" data-element_type=\"section\">\n\t\t\t\t\t\t<div class=\"elementor-container elementor-column-gap-default\">\n\t\t\t\t\t<div class=\"elementor-column elementor-col-100 elementor-top-column elementor-element elementor-element-6ce8b97\" data-id=\"6ce8b97\" data-element_type=\"column\">\n\t\t\t<div class=\"elementor-widget-wrap elementor-element-populated\">\n\t\t\t\t\t\t\t<\/div>\n\t\t<\/div>\n\t\t\t\t\t<\/div>\n\t\t<\/section>\n\t\t\t\t<section class=\"elementor-section elementor-top-section elementor-element elementor-element-bc4ac14 elementor-section-full_width elementor-section-height-default elementor-section-height-default\" data-id=\"bc4ac14\" data-element_type=\"section\">\n\t\t\t\t\t\t<div class=\"elementor-container elementor-column-gap-default\">\n\t\t\t\t\t<div class=\"elementor-column elementor-col-100 elementor-top-column elementor-element elementor-element-22afe7e\" data-id=\"22afe7e\" data-element_type=\"column\">\n\t\t\t<div class=\"elementor-widget-wrap\">\n\t\t\t\t\t\t\t<\/div>\n\t\t<\/div>\n\t\t\t\t\t<\/div>\n\t\t<\/section>\n\t\t\t\t<section class=\"elementor-section elementor-top-section elementor-element elementor-element-86958b1 elementor-section-boxed elementor-section-height-default elementor-section-height-default\" data-id=\"86958b1\" data-element_type=\"section\">\n\t\t\t\t\t\t<div class=\"elementor-container elementor-column-gap-default\">\n\t\t\t\t\t<div class=\"elementor-column elementor-col-100 elementor-top-column elementor-element elementor-element-3170706\" data-id=\"3170706\" data-element_type=\"column\">\n\t\t\t<div class=\"elementor-widget-wrap elementor-element-populated\">\n\t\t\t\t\t\t<div class=\"elementor-element elementor-element-016abbc elementor-widget elementor-widget-reeko_testimonials_v5\" data-id=\"016abbc\" data-element_type=\"widget\" data-widget_type=\"reeko_testimonials_v5.default\">\n\t\t\t\t<div class=\"elementor-widget-container\">\n\t\t\t\t\t        \n        <!-- Testimonial Page Section -->\n\t\t<section id=\"testimonial\" class=\"testimonial-page-section\">\n\t\t\t<div class=\"auto-container\">\n\t\t\t\t<div class=\"row clearfix\">\n\t\t\t\t\t\t\t\t\t\t<!-- Client Block -->\n\t\t\t\t\t<div class=\"client-block col-lg-4 col-md-6 col-sm-12\">\n\t\t\t\t\t\t<div class=\"inner-box\">\n\t\t\t\t\t\t\t\t\t\t\t\t\t\t<div class=\"rating\"><span class=\"fa fa-star\"><\/span> 5<\/div>\n\t\t\t\t\t\t\t\t\t\t\t\t\t\t\n\t\t\t\t\t\t\t<div class=\"text\">\u201eIch wei\u00df schon gar nicht mehr, was ich ohne sie machen w\u00fcrde! Ich h\u00e4tte nicht gedacht, dass ich in so vielen ...<\/div>\n\t\t\t\t\t\t\t<h3>Ant\u00f3nia Kiss &#8211; Marketingassistentin<\/h3>\n\t\t\t\t\t\t\t<div class=\"designation\"><\/div>\n\t\t\t\t\t\t<\/div>\n\t\t\t\t\t<\/div>\n\t\t\t\t\t\t\t\t\t\t<!-- Client Block -->\n\t\t\t\t\t<div class=\"client-block col-lg-4 col-md-6 col-sm-12\">\n\t\t\t\t\t\t<div class=\"inner-box\">\n\t\t\t\t\t\t\t\t\t\t\t\t\t\t<div class=\"rating\"><span class=\"fa fa-star\"><\/span> 5<\/div>\n\t\t\t\t\t\t\t\t\t\t\t\t\t\t\n\t\t\t\t\t\t\t<div class=\"text\">\u201eIhre Einstellung ist vorbildlich in der heutigen Gesch\u00e4ftswelt. Ich habe viele verschiedene IT-Dienstleister gesucht, letztendlich hat mich das pers\u00f6nliche Treffen \u00fcberzeugt.\u201d<\/div>\n\t\t\t\t\t\t\t<h3>Csaba T\u00f3th &#8211; Generalunternehmer<\/h3>\n\t\t\t\t\t\t\t<div class=\"designation\"><\/div>\n\t\t\t\t\t\t<\/div>\n\t\t\t\t\t<\/div>\n\t\t\t\t\t\t\t\t\t\t<!-- Client Block -->\n\t\t\t\t\t<div class=\"client-block col-lg-4 col-md-6 col-sm-12\">\n\t\t\t\t\t\t<div class=\"inner-box\">\n\t\t\t\t\t\t\t\t\t\t\t\t\t\t<div class=\"rating\"><span class=\"fa fa-star\"><\/span> 5<\/div>\n\t\t\t\t\t\t\t\t\t\t\t\t\t\t\n\t\t\t\t\t\t\t<div class=\"text\">\u201eIch bin den Jungs von Exis.hu sehr dankbar f\u00fcr jede Unterst\u00fctzung, die sie geleistet haben. Sie verstehen sogar zwischen den Zeilen, ...<\/div>\n\t\t\t\t\t\t\t<h3>Anna Lakatos &#8211; Orthop\u00e4discher Instrumententechniker<\/h3>\n\t\t\t\t\t\t\t<div class=\"designation\"><\/div>\n\t\t\t\t\t\t<\/div>\n\t\t\t\t\t<\/div>\n\t\t\t\t\t\t\t\t\t\t<!-- Client Block -->\n\t\t\t\t\t<div class=\"client-block col-lg-4 col-md-6 col-sm-12\">\n\t\t\t\t\t\t<div class=\"inner-box\">\n\t\t\t\t\t\t\t\t\t\t\t\t\t\t<div class=\"rating\"><span class=\"fa fa-star\"><\/span> 5<\/div>\n\t\t\t\t\t\t\t\t\t\t\t\t\t\t\n\t\t\t\t\t\t\t<div class=\"text\">\u201eZuverl\u00e4ssige Datenverwaltung, genaue Fristen, gutes Preis-Leistungs-Verh\u00e4ltnis, hilfsbereiter Kundenservice. Man braucht einfach jemanden, an den man sich wenden kann.\u201d<\/div>\n\t\t\t\t\t\t\t<h3>Zsolt L\u0151rincz &#8211; Gesch\u00e4ftsf\u00fchrender Direktor<\/h3>\n\t\t\t\t\t\t\t<div class=\"designation\"><\/div>\n\t\t\t\t\t\t<\/div>\n\t\t\t\t\t<\/div>\n\t\t\t\t\t\t\t\t\t\t<!-- Client Block -->\n\t\t\t\t\t<div class=\"client-block col-lg-4 col-md-6 col-sm-12\">\n\t\t\t\t\t\t<div class=\"inner-box\">\n\t\t\t\t\t\t\t\t\t\t\t\t\t\t<div class=\"rating\"><span class=\"fa fa-star\"><\/span> 5<\/div>\n\t\t\t\t\t\t\t\t\t\t\t\t\t\t\n\t\t\t\t\t\t\t<div class=\"text\">\u201eIn unserem Beruf ist Pr\u00e4zision wichtig, von ihnen habe ich immer das bekommen, was sie versprochen haben, und so, wie sie ...<\/div>\n\t\t\t\t\t\t\t<h3>L\u00f3r\u00e1nt Babos &#8211; Ingenieur<\/h3>\n\t\t\t\t\t\t\t<div class=\"designation\"><\/div>\n\t\t\t\t\t\t<\/div>\n\t\t\t\t\t<\/div>\n\t\t\t\t\t\t\t\t\t\t<!-- Client Block -->\n\t\t\t\t\t<div class=\"client-block col-lg-4 col-md-6 col-sm-12\">\n\t\t\t\t\t\t<div class=\"inner-box\">\n\t\t\t\t\t\t\t\t\t\t\t\t\t\t<div class=\"rating\"><span class=\"fa fa-star\"><\/span> 5<\/div>\n\t\t\t\t\t\t\t\t\t\t\t\t\t\t\n\t\t\t\t\t\t\t<div class=\"text\">\u201eIch kann nur Gutes \u00fcber das Exis.hu-Team sagen, die Zusammenarbeit ist super. Egal, auf welche Weise wir um Hilfe bitten: Sie ...<\/div>\n\t\t\t\t\t\t\t<h3>Katalin Kiss &#8211; Innenarchitekt, Designer<\/h3>\n\t\t\t\t\t\t\t<div class=\"designation\"><\/div>\n\t\t\t\t\t\t<\/div>\n\t\t\t\t\t<\/div>\n\t\t\t\t\t\t\t\t\t\t<!-- Client Block -->\n\t\t\t\t\t<div class=\"client-block col-lg-4 col-md-6 col-sm-12\">\n\t\t\t\t\t\t<div class=\"inner-box\">\n\t\t\t\t\t\t\t\t\t\t\t\t\t\t<div class=\"rating\"><span class=\"fa fa-star\"><\/span> 5<\/div>\n\t\t\t\t\t\t\t\t\t\t\t\t\t\t\n\t\t\t\t\t\t\t<div class=\"text\">\u201eIn kurzer Zeit haben wir uns eingespielt, die Jungs haben sich leicht an unsere Erwartungen und, muss man zugeben, an unsere ...<\/div>\n\t\t\t\t\t\t\t<h3>Guszt\u00e1v T\u00f3th &#8211; Handelskaufmann<\/h3>\n\t\t\t\t\t\t\t<div class=\"designation\"><\/div>\n\t\t\t\t\t\t<\/div>\n\t\t\t\t\t<\/div>\n\t\t\t\t\t\t\t\t\t\t<!-- Client Block -->\n\t\t\t\t\t<div class=\"client-block col-lg-4 col-md-6 col-sm-12\">\n\t\t\t\t\t\t<div class=\"inner-box\">\n\t\t\t\t\t\t\t\t\t\t\t\t\t\t<div class=\"rating\"><span class=\"fa fa-star\"><\/span> 5<\/div>\n\t\t\t\t\t\t\t\t\t\t\t\t\t\t\n\t\t\t\t\t\t\t<div class=\"text\">\u201eIch arbeite seit mehr als 10 Jahren mit dem Exis.hu-Team zusammen. Ich kann nur in Superlativen \u00fcber die von ihnen erbrachten ...<\/div>\n\t\t\t\t\t\t\t<h3>Rebeka Alf\u00f6ldi &#8211; Bildungsassistentin<\/h3>\n\t\t\t\t\t\t\t<div class=\"designation\"><\/div>\n\t\t\t\t\t\t<\/div>\n\t\t\t\t\t<\/div>\n\t\t\t\t\t\t\t\t\t\t<!-- Client Block -->\n\t\t\t\t\t<div class=\"client-block col-lg-4 col-md-6 col-sm-12\">\n\t\t\t\t\t\t<div class=\"inner-box\">\n\t\t\t\t\t\t\t\t\t\t\t\t\t\t<div class=\"rating\"><span class=\"fa fa-star\"><\/span> 5<\/div>\n\t\t\t\t\t\t\t\t\t\t\t\t\t\t\n\t\t\t\t\t\t\t<div class=\"text\">\u201eVon einer Sekunde auf die andere war alles vom Unternehmenslaufwerk verschwunden \u2013 jetzt wei\u00df ich, wie wichtig die Sicherstellung der Gesch\u00e4ftskontinuit\u00e4t ...<\/div>\n\t\t\t\t\t\t\t<h3>L\u00f3r\u00e1nt Talpas &#8211; Gesch\u00e4ftsf\u00fchrer<\/h3>\n\t\t\t\t\t\t\t<div class=\"designation\"><\/div>\n\t\t\t\t\t\t<\/div>\n\t\t\t\t\t<\/div>\n\t\t\t\t\t\t\t\t\t<\/div>\n\n\t\t\t\t<!-- Styled Pagination -->\n\t\t\t\t\t\t\t\t<!-- End Styled Pagination -->\n\n\t\t\t<\/div>\n\t\t<\/section>\n\t\t<!-- End Testimonial Page Section -->\n\n        \t\t\t\t<\/div>\n\t\t\t\t<\/div>\n\t\t\t\t\t<\/div>\n\t\t<\/div>\n\t\t\t\t\t<\/div>\n\t\t<\/section>\n\t\t\t\t<\/div>\n\t\t","protected":false},"excerpt":{"rendered":"<p>5 \u201eIhre Einstellung ist vorbildlich in der heutigen Gesch\u00e4ftswelt. Ich habe viele verschiedene IT-Dienstleister gesucht, letztendlich hat mich das pers\u00f6nliche Treffen \u00fcberzeugt.\u201d Csaba T\u00f3th &#8211; Generalunternehmer Gener\u00e1lkivitelez\u0151 5 \u201eIch bin den Jungs von Exis.hu sehr dankbar f\u00fcr jede Unterst\u00fctzung, die sie geleistet haben. Sie verstehen sogar zwischen den Zeilen, was ich m\u00f6chte. Also, danke f\u00fcr [&hellip;]<\/p>\n","protected":false},"author":2,"featured_media":0,"parent":0,"menu_order":0,"comment_status":"closed","ping_status":"closed","template":"tpl-default-elementor.php","meta":{"footnotes":""},"class_list":["post-5210","page","type-page","status-publish","hentry"],"yoast_head":"<!-- This site is optimized with the Yoast SEO plugin v25.3.1 - https:\/\/yoast.com\/wordpress\/plugins\/seo\/ -->\n<title>Stimmen - Exis.hu \u2013 We solve IT<\/title>\n<meta name=\"robots\" content=\"index, follow, max-snippet:-1, max-image-preview:large, max-video-preview:-1\" \/>\n<link rel=\"canonical\" href=\"https:\/\/exis.hu\/de\/stimmen\/\" \/>\n<meta property=\"og:locale\" content=\"de_DE\" \/>\n<meta property=\"og:type\" content=\"article\" \/>\n<meta property=\"og:title\" content=\"Stimmen - Exis.hu \u2013 We solve IT\" \/>\n<meta property=\"og:description\" content=\"5 \u201eIhre Einstellung ist vorbildlich in der heutigen Gesch\u00e4ftswelt. Ich habe viele verschiedene IT-Dienstleister gesucht, letztendlich hat mich das pers\u00f6nliche Treffen \u00fcberzeugt.\u201d Csaba T\u00f3th &#8211; Generalunternehmer Gener\u00e1lkivitelez\u0151 5 \u201eIch bin den Jungs von Exis.hu sehr dankbar f\u00fcr jede Unterst\u00fctzung, die sie geleistet haben. Sie verstehen sogar zwischen den Zeilen, was ich m\u00f6chte. Also, danke f\u00fcr [&hellip;]\" \/>\n<meta property=\"og:url\" content=\"https:\/\/exis.hu\/de\/stimmen\/\" \/>\n<meta property=\"og:site_name\" content=\"Exis.hu \u2013 We solve IT\" \/>\n<meta property=\"article:modified_time\" content=\"2025-06-23T11:32:28+00:00\" \/>\n<meta name=\"twitter:card\" content=\"summary_large_image\" \/>\n<meta name=\"twitter:label1\" content=\"Gesch\u00e4tzte Lesezeit\" \/>\n\t<meta name=\"twitter:data1\" content=\"2\u00a0Minuten\" \/>\n<script type=\"application\/ld+json\" class=\"yoast-schema-graph\">{\"@context\":\"https:\/\/schema.org\",\"@graph\":[{\"@type\":\"WebPage\",\"@id\":\"https:\/\/exis.hu\/de\/stimmen\/\",\"url\":\"https:\/\/exis.hu\/de\/stimmen\/\",\"name\":\"Stimmen - Exis.hu \u2013 We solve IT\",\"isPartOf\":{\"@id\":\"https:\/\/exis.hu\/#website\"},\"datePublished\":\"2021-08-26T09:24:42+00:00\",\"dateModified\":\"2025-06-23T11:32:28+00:00\",\"inLanguage\":\"de\",\"potentialAction\":[{\"@type\":\"ReadAction\",\"target\":[\"https:\/\/exis.hu\/de\/stimmen\/\"]}]},{\"@type\":\"WebSite\",\"@id\":\"https:\/\/exis.hu\/#website\",\"url\":\"https:\/\/exis.hu\/\",\"name\":\"Exis.hu \u2013 We solve IT\",\"description\":\"\",\"publisher\":{\"@id\":\"https:\/\/exis.hu\/#organization\"},\"potentialAction\":[{\"@type\":\"SearchAction\",\"target\":{\"@type\":\"EntryPoint\",\"urlTemplate\":\"https:\/\/exis.hu\/?s={search_term_string}\"},\"query-input\":{\"@type\":\"PropertyValueSpecification\",\"valueRequired\":true,\"valueName\":\"search_term_string\"}}],\"inLanguage\":\"de\"},{\"@type\":\"Organization\",\"@id\":\"https:\/\/exis.hu\/#organization\",\"name\":\"Exis.hu - We solve IT\",\"url\":\"https:\/\/exis.hu\/\",\"logo\":{\"@type\":\"ImageObject\",\"inLanguage\":\"de\",\"@id\":\"https:\/\/exis.hu\/#\/schema\/logo\/image\/\",\"url\":\"https:\/\/exis.hu\/wp-content\/uploads\/2022\/04\/logo_1000x1000.png\",\"contentUrl\":\"https:\/\/exis.hu\/wp-content\/uploads\/2022\/04\/logo_1000x1000.png\",\"width\":4168,\"height\":4167,\"caption\":\"Exis.hu - We solve IT\"},\"image\":{\"@id\":\"https:\/\/exis.hu\/#\/schema\/logo\/image\/\"}}]}<\/script>\n<!-- \/ Yoast SEO plugin. -->","yoast_head_json":{"title":"Stimmen - Exis.hu \u2013 We solve IT","robots":{"index":"index","follow":"follow","max-snippet":"max-snippet:-1","max-image-preview":"max-image-preview:large","max-video-preview":"max-video-preview:-1"},"canonical":"https:\/\/exis.hu\/de\/stimmen\/","og_locale":"de_DE","og_type":"article","og_title":"Stimmen - Exis.hu \u2013 We solve IT","og_description":"5 \u201eIhre Einstellung ist vorbildlich in der heutigen Gesch\u00e4ftswelt. Ich habe viele verschiedene IT-Dienstleister gesucht, letztendlich hat mich das pers\u00f6nliche Treffen \u00fcberzeugt.\u201d Csaba T\u00f3th &#8211; Generalunternehmer Gener\u00e1lkivitelez\u0151 5 \u201eIch bin den Jungs von Exis.hu sehr dankbar f\u00fcr jede Unterst\u00fctzung, die sie geleistet haben. Sie verstehen sogar zwischen den Zeilen, was ich m\u00f6chte. Also, danke f\u00fcr [&hellip;]","og_url":"https:\/\/exis.hu\/de\/stimmen\/","og_site_name":"Exis.hu \u2013 We solve IT","article_modified_time":"2025-06-23T11:32:28+00:00","twitter_card":"summary_large_image","twitter_misc":{"Gesch\u00e4tzte Lesezeit":"2\u00a0Minuten"},"schema":{"@context":"https:\/\/schema.org","@graph":[{"@type":"WebPage","@id":"https:\/\/exis.hu\/de\/stimmen\/","url":"https:\/\/exis.hu\/de\/stimmen\/","name":"Stimmen - Exis.hu \u2013 We solve IT","isPartOf":{"@id":"https:\/\/exis.hu\/#website"},"datePublished":"2021-08-26T09:24:42+00:00","dateModified":"2025-06-23T11:32:28+00:00","inLanguage":"de","potentialAction":[{"@type":"ReadAction","target":["https:\/\/exis.hu\/de\/stimmen\/"]}]},{"@type":"WebSite","@id":"https:\/\/exis.hu\/#website","url":"https:\/\/exis.hu\/","name":"Exis.hu \u2013 We solve IT","description":"","publisher":{"@id":"https:\/\/exis.hu\/#organization"},"potentialAction":[{"@type":"SearchAction","target":{"@type":"EntryPoint","urlTemplate":"https:\/\/exis.hu\/?s={search_term_string}"},"query-input":{"@type":"PropertyValueSpecification","valueRequired":true,"valueName":"search_term_string"}}],"inLanguage":"de"},{"@type":"Organization","@id":"https:\/\/exis.hu\/#organization","name":"Exis.hu - We solve IT","url":"https:\/\/exis.hu\/","logo":{"@type":"ImageObject","inLanguage":"de","@id":"https:\/\/exis.hu\/#\/schema\/logo\/image\/","url":"https:\/\/exis.hu\/wp-content\/uploads\/2022\/04\/logo_1000x1000.png","contentUrl":"https:\/\/exis.hu\/wp-content\/uploads\/2022\/04\/logo_1000x1000.png","width":4168,"height":4167,"caption":"Exis.hu - We solve IT"},"image":{"@id":"https:\/\/exis.hu\/#\/schema\/logo\/image\/"}}]}},"_links":{"self":[{"href":"https:\/\/exis.hu\/de\/wp-json\/wp\/v2\/pages\/5210","targetHints":{"allow":["GET"]}}],"collection":[{"href":"https:\/\/exis.hu\/de\/wp-json\/wp\/v2\/pages"}],"about":[{"href":"https:\/\/exis.hu\/de\/wp-json\/wp\/v2\/types\/page"}],"author":[{"embeddable":true,"href":"https:\/\/exis.hu\/de\/wp-json\/wp\/v2\/users\/2"}],"replies":[{"embeddable":true,"href":"https:\/\/exis.hu\/de\/wp-json\/wp\/v2\/comments?post=5210"}],"version-history":[{"count":5,"href":"https:\/\/exis.hu\/de\/wp-json\/wp\/v2\/pages\/5210\/revisions"}],"predecessor-version":[{"id":5396,"href":"https:\/\/exis.hu\/de\/wp-json\/wp\/v2\/pages\/5210\/revisions\/5396"}],"wp:attachment":[{"href":"https:\/\/exis.hu\/de\/wp-json\/wp\/v2\/media?parent=5210"}],"curies":[{"name":"wp","href":"https:\/\/api.w.org\/{rel}","templated":true}]}}