{"id":5212,"date":"2025-06-17T15:03:28","date_gmt":"2025-06-17T13:03:28","guid":{"rendered":"https:\/\/exis.hu\/gyik-copy\/"},"modified":"2025-06-23T14:17:31","modified_gmt":"2025-06-23T12:17:31","slug":"faq","status":"publish","type":"page","link":"https:\/\/exis.hu\/de\/faq\/","title":{"rendered":"FAQ"},"content":{"rendered":"\t\t<div data-elementor-type=\"wp-page\" data-elementor-id=\"5212\" class=\"elementor elementor-5212 elementor-1129\">\n\t\t\t\t\t\t<section class=\"elementor-section elementor-top-section elementor-element elementor-element-f9c9588 elementor-section-boxed elementor-section-height-default elementor-section-height-default\" data-id=\"f9c9588\" data-element_type=\"section\">\n\t\t\t\t\t\t<div class=\"elementor-container elementor-column-gap-default\">\n\t\t\t\t\t<div class=\"elementor-column elementor-col-100 elementor-top-column elementor-element elementor-element-902d0b2\" data-id=\"902d0b2\" data-element_type=\"column\">\n\t\t\t<div class=\"elementor-widget-wrap elementor-element-populated\">\n\t\t\t\t\t\t<div class=\"elementor-element elementor-element-8715e99 elementor-widget elementor-widget-reeko_faqs\" data-id=\"8715e99\" data-element_type=\"widget\" data-widget_type=\"reeko_faqs.default\">\n\t\t\t\t<div class=\"elementor-widget-container\">\n\t\t\t\t\t\n            \n                                                \n                                                \n                                                \n                                                \n                                                \n                                                \n                                                \n                                                \n                                                \n                                                \n                                                \n                                                \n                                                                \n            <!-- Faq Page Section -->\n\t\t\t<section id=\"faq\" class=\"faq-page-section\">\n\t\t\t\t<div class=\"auto-container\">\n\t\t\t\t\t<div class=\"row clearfix\">\n\t\t\t\t\t\t<!-- Accordian Column -->\n\t\t\t\t\t\t<div class=\"accordian-column col-lg-6 col-md-12 col-sm-12\">\n\t\t\t\t\t\t\t<div class=\"inner-column\">\n\t\t\t\t\t\t\t\t<!-- Accordian Box -->\n\t\t\t\t\t\t\t\t<ul class=\"accordion-box\">\n\t\t\t\t\t\t\t\t\t<li class=\"accordion block active-block\">\n\t\t\t\t\t\t\t\t<div class=\"acc-btn active\"><div class=\"icon-outer\"><span class=\"icon icon-plus fa fa-plus\"><\/span> <span class=\"icon icon-minus fa fa-minus\"><\/span><\/div>Welche Investition erfordert Ihre Arbeit von mir?<\/div>\n\t\t\t\t\t\t\t\t<div class=\"acc-content current\">\n\t\t\t\t\t\t\t\t\t<div class=\"content\">\n\t\t\t\t\t\t\t\t\t\t<div class=\"accordian-text\">Falls wir Ihr Interesse geweckt haben, nehmen Sie bitte Kontakt mit uns auf, damit wir ein pers\u00f6nliches Treffen vereinbaren und Ihre Anforderungen besprechen k\u00f6nnen. Sie k\u00f6nnen aus zahlreichen Paketangeboten w\u00e4hlen, die wir aber auch individuell auf Ihre Bed\u00fcrfnisse zuschneiden, damit unser Service bestm\u00f6glich Ihren Interessen dient.<\/div>\n\t\t\t\t\t\t\t\t\t<\/div>\n\t\t\t\t\t\t\t\t<\/div>\n\t\t\t\t\t\t\t<\/li><li class=\"accordion block \">\n\t\t\t\t\t\t\t\t<div class=\"acc-btn \"><div class=\"icon-outer\"><span class=\"icon icon-plus fa fa-plus\"><\/span> <span class=\"icon icon-minus fa fa-minus\"><\/span><\/div>Welche Anforderungen haben mobile Nutzer?<\/div>\n\t\t\t\t\t\t\t\t<div class=\"acc-content \">\n\t\t\t\t\t\t\t\t\t<div class=\"content\">\n\t\t\t\t\t\t\t\t\t\t<div class=\"accordian-text\">Er arbeitet meist au\u00dferhalb des Arbeitsplatzes, ben\u00f6tigt aber dennoch jederzeit relevante und aktuelle Informationen. In unerwarteten Situationen muss er sofort reagieren k\u00f6nnen, zum Beispiel wenn sein Laptop gestohlen wird: Die darauf befindlichen Daten d\u00fcrfen nicht in unbefugte H\u00e4nde gelangen, und seine Einstellungen sowie Dateien d\u00fcrfen nicht verloren gehen. Die Arbeitsumgebung muss schnell reproduzierbar sein. Dabei k\u00f6nnen wir Ihnen selbstverst\u00e4ndlich ebenfalls helfen.<\/div>\n\t\t\t\t\t\t\t\t\t<\/div>\n\t\t\t\t\t\t\t\t<\/div>\n\t\t\t\t\t\t\t<\/li><li class=\"accordion block \">\n\t\t\t\t\t\t\t\t<div class=\"acc-btn \"><div class=\"icon-outer\"><span class=\"icon icon-plus fa fa-plus\"><\/span> <span class=\"icon icon-minus fa fa-minus\"><\/span><\/div>Ist das Sicherheitsaudit anpassbar?<\/div>\n\t\t\t\t\t\t\t\t<div class=\"acc-content \">\n\t\t\t\t\t\t\t\t\t<div class=\"content\">\n\t\t\t\t\t\t\t\t\t\t<div class=\"accordian-text\">Nat\u00fcrlich ja. Es gibt jedoch bestimmte Kernbereiche der Systemsicherheit, deren \u00dcberpr\u00fcfung unbedingt erforderlich ist, w\u00e4hrend die Tests je nach Unternehmensprofil nach Bedarf erweitert werden k\u00f6nnen.<\/div>\n\t\t\t\t\t\t\t\t\t<\/div>\n\t\t\t\t\t\t\t\t<\/div>\n\t\t\t\t\t\t\t<\/li><li class=\"accordion block \">\n\t\t\t\t\t\t\t\t<div class=\"acc-btn \"><div class=\"icon-outer\"><span class=\"icon icon-plus fa fa-plus\"><\/span> <span class=\"icon icon-minus fa fa-minus\"><\/span><\/div>Was bedeutet ein System-Sicherheitsaudit?<\/div>\n\t\t\t\t\t\t\t\t<div class=\"acc-content \">\n\t\t\t\t\t\t\t\t\t<div class=\"content\">\n\t\t\t\t\t\t\t\t\t\t<div class=\"accordian-text\">Unsere Experten k\u00f6nnen Ihnen bei der Identifizierung problematischer Bereiche, der Durchf\u00fchrung detaillierter Untersuchungen und der Behebung erkannter Sicherheitsm\u00e4ngel helfen.<\/div>\n\t\t\t\t\t\t\t\t\t<\/div>\n\t\t\t\t\t\t\t\t<\/div>\n\t\t\t\t\t\t\t<\/li><li class=\"accordion block \">\n\t\t\t\t\t\t\t\t<div class=\"acc-btn \"><div class=\"icon-outer\"><span class=\"icon icon-plus fa fa-plus\"><\/span> <span class=\"icon icon-minus fa fa-minus\"><\/span><\/div>Was bedeutet System\u00fcberwachung?<\/div>\n\t\t\t\t\t\t\t\t<div class=\"acc-content \">\n\t\t\t\t\t\t\t\t\t<div class=\"content\">\n\t\t\t\t\t\t\t\t\t\t<div class=\"accordian-text\">Die Hauptaufgabe des Systemadministrators besteht darin, neue Benutzerkonten einzurichten und die aktive Verzeichnisverwaltung zu \u00fcbernehmen. Er erstellt Zugriffsrechte und ein Framework f\u00fcr die Benutzer-Authentifizierung. Au\u00dferdem \u00fcberwacht er die Serverleistung, erstellt Berichte zur Systemperformance und analysiert die Ergebnisse kontinuierlich.<\/div>\n\t\t\t\t\t\t\t\t\t<\/div>\n\t\t\t\t\t\t\t\t<\/div>\n\t\t\t\t\t\t\t<\/li><li class=\"accordion block \">\n\t\t\t\t\t\t\t\t<div class=\"acc-btn \"><div class=\"icon-outer\"><span class=\"icon icon-plus fa fa-plus\"><\/span> <span class=\"icon icon-minus fa fa-minus\"><\/span><\/div>Was macht ein Systemadministrator eigentlich genau?<\/div>\n\t\t\t\t\t\t\t\t<div class=\"acc-content \">\n\t\t\t\t\t\t\t\t\t<div class=\"content\">\n\t\t\t\t\t\t\t\t\t\t<div class=\"accordian-text\">Ein Fachmann, der verantwortlich ist f\u00fcr die Netzwerkkonfiguration, die j\u00e4hrliche Wartung der Server (E-Mail- und Dateiserver) und vieles mehr. Seine Aufgabe ist es, eine zuverl\u00e4ssige Arbeitsumgebung sicherzustellen und \u00fcber tiefgehende Kenntnisse von Software, Hardware und Netzwerken zu verf\u00fcgen. Er muss planen, organisieren und \u00c4nderungen vornehmen, w\u00e4hrend er Betriebssysteme, Gesch\u00e4ftsanwendungen, Sicherheitsl\u00f6sungen, Webserver, E-Mails, Laptops und Desktop-Computer wartet \u2013 und das ist eigentlich nur eine unendliche Aufz\u00e4hlung.<\/div>\n\t\t\t\t\t\t\t\t\t<\/div>\n\t\t\t\t\t\t\t\t<\/div>\n\t\t\t\t\t\t\t<\/li><li class=\"accordion block \">\n\t\t\t\t\t\t\t\t<div class=\"acc-btn \"><div class=\"icon-outer\"><span class=\"icon icon-plus fa fa-plus\"><\/span> <span class=\"icon icon-minus fa fa-minus\"><\/span><\/div>Wir w\u00fcrden den Service nur ein paar Mal in Anspruch nehmen \u2013 ist das m\u00f6glich?<\/div>\n\t\t\t\t\t\t\t\t<div class=\"acc-content \">\n\t\t\t\t\t\t\t\t\t<div class=\"content\">\n\t\t\t\t\t\t\t\t\t\t<div class=\"accordian-text\">Falls wir Ihr Interesse geweckt haben, nehmen Sie bitte Kontakt mit uns auf, damit wir ein pers\u00f6nliches Treffen vereinbaren und Ihre Anforderungen besprechen k\u00f6nnen. Selbstverst\u00e4ndlich besteht die M\u00f6glichkeit, individuelle und flexible Preisgestaltungen oder auch ein Stundenhonorar zu vereinbaren, aber es lohnt sich auch, in unseren Pauschalangeboten zu st\u00f6bern.<\/div>\n\t\t\t\t\t\t\t\t\t<\/div>\n\t\t\t\t\t\t\t\t<\/div>\n\t\t\t\t\t\t\t<\/li>\t\t\t\t\t\t\t\t<\/ul>\n\t\t\t\t\t\t\t<\/div>\n\t\t\t\t\t\t<\/div>\n\n\t\t\t\t\t\t<!-- Accordian Column -->\n\t\t\t\t\t\t<div class=\"accordian-column col-lg-6 col-md-12 col-sm-12\">\n\t\t\t\t\t\t\t<div class=\"inner-column\">\n\t\t\t\t\t\t\t\t<!-- Accordian Box -->\n\t\t\t\t\t\t\t\t<ul class=\"accordion-box\">\n\t\t\t\t\t\t\t\t\t<li class=\"accordion block\">\n\t\t\t\t\t\t\t\t<div class=\"acc-btn\"><div class=\"icon-outer\"><span class=\"icon icon-plus fa fa-plus\"><\/span> <span class=\"icon icon-minus fa fa-minus\"><\/span><\/div>Ben\u00f6tigen Sie technische Unterst\u00fctzung bei der Einstellung externer Mitarbeiter?<\/div>\n\t\t\t\t\t\t\t\t<div class=\"acc-content\">\n\t\t\t\t\t\t\t\t\t<div class=\"content\">\n\t\t\t\t\t\t\t\t\t\t<div class=\"accordian-text\">Er verf\u00fcgt \u00fcber einen eigenen Laptop, der nicht Teil des Unternehmensnetzwerks ist, aber es ist wichtig, dass er dennoch auf die Ressourcen seines Unternehmens zugreifen kann. Er ben\u00f6tigt sofortigen Zugriff und muss gleichzeitig so im Unternehmenssystem (oder sogar in mehreren Systemen verschiedener Unternehmen) arbeiten k\u00f6nnen, dass seine individuellen Einstellungen nicht beeinflusst werden. Wir haben langj\u00e4hrige Erfahrung in der optimalen Gestaltung von Arbeitspl\u00e4tzen f\u00fcr externe Mitarbeiter.<\/div>\n\t\t\t\t\t\t\t\t\t<\/div>\n\t\t\t\t\t\t\t\t<\/div>\n\t\t\t\t\t\t\t<\/li><li class=\"accordion block\">\n\t\t\t\t\t\t\t\t<div class=\"acc-btn\"><div class=\"icon-outer\"><span class=\"icon icon-plus fa fa-plus\"><\/span> <span class=\"icon icon-minus fa fa-minus\"><\/span><\/div>Welche Anforderungen hat der klassische B\u00fcroanwender?<\/div>\n\t\t\t\t\t\t\t\t<div class=\"acc-content\">\n\t\t\t\t\t\t\t\t\t<div class=\"content\">\n\t\t\t\t\t\t\t\t\t\t<div class=\"accordian-text\">Er arbeitet meist an einem festen Arbeitsplatz am Schreibtisch, aber es kommt auch vor, dass er reist oder Pr\u00e4sentationen im Besprechungsraum vorbereitet. Er ben\u00f6tigt hohe Systemleistung und ma\u00dfgeschneiderte Anwendungen, weshalb es f\u00fcr ihn wichtig ist, dass seine Einstellungen auf allen Ger\u00e4ten verf\u00fcgbar sind und er von \u00fcberall schnellen Zugriff auf die ben\u00f6tigten Dateien hat. Das hei\u00dft: roaming profiles und Ordnerumleitung, zentrale Dateiserver, Anwendungsvirtualisierung (App-V) und Desktop-Virtualisierung (Med-V). \u00dcberlassen Sie uns die optimale Einrichtung!<\/div>\n\t\t\t\t\t\t\t\t\t<\/div>\n\t\t\t\t\t\t\t\t<\/div>\n\t\t\t\t\t\t\t<\/li><li class=\"accordion block\">\n\t\t\t\t\t\t\t\t<div class=\"acc-btn\"><div class=\"icon-outer\"><span class=\"icon icon-plus fa fa-plus\"><\/span> <span class=\"icon icon-minus fa fa-minus\"><\/span><\/div>Welche Bereiche umfasst ein System-Sicherheitsaudit?<\/div>\n\t\t\t\t\t\t\t\t<div class=\"acc-content\">\n\t\t\t\t\t\t\t\t\t<div class=\"content\">\n\t\t\t\t\t\t\t\t\t\t<div class=\"accordian-text\">Es umfasst die \u00dcberpr\u00fcfung der Verfahrensweisen, die Sicherheitsstandards und Richtlinien festlegen. Ebenfalls beinhaltet es die Pr\u00fcfung und gegebenenfalls Entwicklung des Berechtigungskonzepts, der Zugangskontrollen sowie der kritischen Zugriffsrechte.<\/div>\n\t\t\t\t\t\t\t\t\t<\/div>\n\t\t\t\t\t\t\t\t<\/div>\n\t\t\t\t\t\t\t<\/li><li class=\"accordion block\">\n\t\t\t\t\t\t\t\t<div class=\"acc-btn\"><div class=\"icon-outer\"><span class=\"icon icon-plus fa fa-plus\"><\/span> <span class=\"icon icon-minus fa fa-minus\"><\/span><\/div>Wer ist ein CIO?<\/div>\n\t\t\t\t\t\t\t\t<div class=\"acc-content\">\n\t\t\t\t\t\t\t\t\t<div class=\"content\">\n\t\t\t\t\t\t\t\t\t\t<div class=\"accordian-text\">Ein Chief Information Officer (CIO) ist eine F\u00fchrungskraft, die von den Gesch\u00e4ftsentscheidern als gleichwertiger Partner angesehen wird, weil sie IT-Fragen nicht nur aus technischer, sondern auch aus gesch\u00e4ftlicher Perspektive bewerten und angehen kann. Er ist eine F\u00fchrungskraft, die kontinuierlich neue und verschiedene Technologien beobachtet und analysiert, um zu beurteilen, welchen gesch\u00e4ftlichen Vorteil deren Einf\u00fchrung f\u00fcr das jeweilige Unternehmen bringen w\u00fcrde.<\/div>\n\t\t\t\t\t\t\t\t\t<\/div>\n\t\t\t\t\t\t\t\t<\/div>\n\t\t\t\t\t\t\t<\/li><li class=\"accordion block\">\n\t\t\t\t\t\t\t\t<div class=\"acc-btn\"><div class=\"icon-outer\"><span class=\"icon icon-plus fa fa-plus\"><\/span> <span class=\"icon icon-minus fa fa-minus\"><\/span><\/div>Warum brauche ich einen Systemadministrator, wenn ich bisher auch ohne ausgekommen bin?<\/div>\n\t\t\t\t\t\t\t\t<div class=\"acc-content\">\n\t\t\t\t\t\t\t\t\t<div class=\"content\">\n\t\t\t\t\t\t\t\t\t\t<div class=\"accordian-text\">Die eigentliche Frage ist, wie viel effizienter Sie mit ihm zusammenarbeiten k\u00f6nnten. Sicher ist es Ihnen schon passiert, dass eine Aufgabe nur teilweise erledigt wurde, weil nicht gen\u00fcgend Kapazit\u00e4ten oder kein fachkundiger Mitarbeiter verf\u00fcgbar war. Ein Systemadministrator bietet auch Schutz und Sicherheit, die heutzutage notwendig sind. Er sorgt daf\u00fcr, dass die Systeme vor Verst\u00f6\u00dfen und Viren sicher sind. Systemadministratoren spielen eine grundlegende Rolle bei der Planung zur Risikominderung.<\/div>\n\t\t\t\t\t\t\t\t\t<\/div>\n\t\t\t\t\t\t\t\t<\/div>\n\t\t\t\t\t\t\t<\/li><li class=\"accordion block\">\n\t\t\t\t\t\t\t\t<div class=\"acc-btn\"><div class=\"icon-outer\"><span class=\"icon icon-plus fa fa-plus\"><\/span> <span class=\"icon icon-minus fa fa-minus\"><\/span><\/div>K\u00f6nnen Sie unsere Kolleginnen und Kollegen bei der Weiterbildung unterst\u00fctzen?<\/div>\n\t\t\t\t\t\t\t\t<div class=\"acc-content\">\n\t\t\t\t\t\t\t\t\t<div class=\"content\">\n\t\t\t\t\t\t\t\t\t\t<div class=\"accordian-text\">Nat\u00fcrlich unterst\u00fctzen wir Sie auch gern bei der Einf\u00fchrung und Konfiguration neuer Systeme sowie bei der Weiterbildung und Einarbeitung Ihrer Kolleginnen und Kollegen. Ebenso stehen wir zur Verf\u00fcgung, wenn IT-Systeme vorgestellt werden m\u00fcssen oder das t\u00e4gliche IT-Wissen aufgefrischt werden soll.<\/div>\n\t\t\t\t\t\t\t\t\t<\/div>\n\t\t\t\t\t\t\t\t<\/div>\n\t\t\t\t\t\t\t<\/li>\t\t\t\t\t\t\t\t<\/ul>\n\t\t\t\t\t\t\t<\/div>\n\t\t\t\t\t\t<\/div>\n\t\t\t\t\t<\/div>\n\t\t\t\t<\/div>\n\t\t\t<\/section>\n\t\t\t<!-- End Faq Page Section -->\n\n        \t\t\t\t<\/div>\n\t\t\t\t<\/div>\n\t\t\t\t\t<\/div>\n\t\t<\/div>\n\t\t\t\t\t<\/div>\n\t\t<\/section>\n\t\t\t\t<section class=\"elementor-section elementor-top-section elementor-element elementor-element-8b188ee elementor-section-boxed elementor-section-height-default elementor-section-height-default\" data-id=\"8b188ee\" data-element_type=\"section\">\n\t\t\t\t\t\t<div class=\"elementor-container elementor-column-gap-default\">\n\t\t\t\t\t<div class=\"elementor-column elementor-col-100 elementor-top-column elementor-element elementor-element-c174d0e\" data-id=\"c174d0e\" data-element_type=\"column\">\n\t\t\t<div class=\"elementor-widget-wrap elementor-element-populated\">\n\t\t\t\t\t\t<div class=\"elementor-element elementor-element-fdd5710 elementor-widget elementor-widget-reeko_partners\" data-id=\"fdd5710\" data-element_type=\"widget\" data-widget_type=\"reeko_partners.default\">\n\t\t\t\t<div class=\"elementor-widget-container\">\n\t\t\t\t\t        \n\t\t\n        <!-- Clients Section -->\n\t\t<section id=\"client\" class=\"clients-section\">\n\t\t\t<div class=\"auto-container\">\n\t\t\t\t<!-- Sec Title -->\n\t\t\t\t<div class=\"sec-title centered\">\n\t\t\t\t\t<h2>\u00dcber 5400 abgeschlossene Projekte<\/h2>\n\t\t\t\t<\/div>\n\n\t\t\t\t<div class=\"sponsors-outer\">\n\t\t\t\t\t<!-- Sponsors Carousel -->\n\t\t\t\t\t<ul class=\"sponsors-carousel owl-carousel owl-theme\">\n\t\t\t\t\t\t\t\t\t\t\t\t<li class=\"slide-item\"><figure class=\"image-box\"><a href=\"\"><img decoding=\"async\" src=\"https:\/\/exis.hu\/wp-content\/uploads\/2022\/05\/IT-uzemeltetes-2.jpg\" alt=\"\"><\/a><\/figure><\/li>\n\t\t\t\t\t\t\t\t\t\t\t\t<li class=\"slide-item\"><figure class=\"image-box\"><a href=\"\"><img decoding=\"async\" src=\"https:\/\/exis.hu\/wp-content\/uploads\/2022\/05\/IT-uzemeltetes-22.jpg\" alt=\"\"><\/a><\/figure><\/li>\n\t\t\t\t\t\t\t\t\t\t\t\t<li class=\"slide-item\"><figure class=\"image-box\"><a href=\"\"><img decoding=\"async\" src=\"https:\/\/exis.hu\/wp-content\/uploads\/2022\/05\/IT-uzemeltetes-23.jpg\" alt=\"\"><\/a><\/figure><\/li>\n\t\t\t\t\t\t\t\t\t\t\t\t<li class=\"slide-item\"><figure class=\"image-box\"><a href=\"\"><img decoding=\"async\" src=\"https:\/\/exis.hu\/wp-content\/uploads\/2022\/05\/IT-uzemeltetes-24.jpg\" alt=\"\"><\/a><\/figure><\/li>\n\t\t\t\t\t\t\t\t\t\t\t\t<li class=\"slide-item\"><figure class=\"image-box\"><a href=\"\"><img decoding=\"async\" src=\"https:\/\/exis.hu\/wp-content\/uploads\/2022\/05\/IT-uzemeltetes-25.jpg\" alt=\"\"><\/a><\/figure><\/li>\n\t\t\t\t\t\t\t\t\t\t\t\t<li class=\"slide-item\"><figure class=\"image-box\"><a href=\"\"><img decoding=\"async\" src=\"https:\/\/exis.hu\/wp-content\/uploads\/2022\/05\/IT-uzemeltetes-26.jpg\" alt=\"\"><\/a><\/figure><\/li>\n\t\t\t\t\t\t\t\t\t\t\t\t<li class=\"slide-item\"><figure class=\"image-box\"><a href=\"\"><img decoding=\"async\" src=\"https:\/\/exis.hu\/wp-content\/uploads\/2022\/05\/IT-uzemeltetes-27.jpg\" alt=\"\"><\/a><\/figure><\/li>\n\t\t\t\t\t\t\t\t\t\t\t\t<li class=\"slide-item\"><figure class=\"image-box\"><a href=\"\"><img decoding=\"async\" src=\"https:\/\/exis.hu\/wp-content\/uploads\/2022\/05\/IT-uzemeltetes-28.jpg\" alt=\"\"><\/a><\/figure><\/li>\n\t\t\t\t\t\t\t\t\t\t\t\t<li class=\"slide-item\"><figure class=\"image-box\"><a href=\"\"><img decoding=\"async\" src=\"https:\/\/exis.hu\/wp-content\/uploads\/2022\/05\/IT-uzemeltetes-29.jpg\" alt=\"\"><\/a><\/figure><\/li>\n\t\t\t\t\t\t\t\t\t\t\t<\/ul>\n\t\t\t\t<\/div>\n\t\t\t<\/div>\n\t\t<\/section>\n\t\t<!-- End Clients Section -->\n        \n\t\t\t\t\n        \t\t\t\t<\/div>\n\t\t\t\t<\/div>\n\t\t\t\t\t<\/div>\n\t\t<\/div>\n\t\t\t\t\t<\/div>\n\t\t<\/section>\n\t\t\t\t<\/div>\n\t\t","protected":false},"excerpt":{"rendered":"<p>Welche Investition erfordert Ihre Arbeit von mir? Falls wir Ihr Interesse geweckt haben, nehmen Sie bitte Kontakt mit uns auf, damit wir ein pers\u00f6nliches Treffen vereinbaren und Ihre Anforderungen besprechen k\u00f6nnen. Sie k\u00f6nnen aus zahlreichen Paketangeboten w\u00e4hlen, die wir aber auch individuell auf Ihre Bed\u00fcrfnisse zuschneiden, damit unser Service bestm\u00f6glich Ihren Interessen dient. Welche Anforderungen [&hellip;]<\/p>\n","protected":false},"author":2,"featured_media":0,"parent":0,"menu_order":0,"comment_status":"closed","ping_status":"closed","template":"tpl-default-elementor.php","meta":{"footnotes":""},"class_list":["post-5212","page","type-page","status-publish","hentry"],"yoast_head":"<!-- This site is optimized with the Yoast SEO plugin v25.3.1 - https:\/\/yoast.com\/wordpress\/plugins\/seo\/ -->\n<title>FAQ - Exis.hu \u2013 We solve IT<\/title>\n<meta name=\"robots\" content=\"index, follow, max-snippet:-1, max-image-preview:large, max-video-preview:-1\" \/>\n<link rel=\"canonical\" href=\"https:\/\/exis.hu\/de\/faq\/\" \/>\n<meta property=\"og:locale\" content=\"de_DE\" \/>\n<meta property=\"og:type\" content=\"article\" \/>\n<meta property=\"og:title\" content=\"FAQ - Exis.hu \u2013 We solve IT\" \/>\n<meta property=\"og:description\" content=\"Welche Investition erfordert Ihre Arbeit von mir? Falls wir Ihr Interesse geweckt haben, nehmen Sie bitte Kontakt mit uns auf, damit wir ein pers\u00f6nliches Treffen vereinbaren und Ihre Anforderungen besprechen k\u00f6nnen. Sie k\u00f6nnen aus zahlreichen Paketangeboten w\u00e4hlen, die wir aber auch individuell auf Ihre Bed\u00fcrfnisse zuschneiden, damit unser Service bestm\u00f6glich Ihren Interessen dient. Welche Anforderungen [&hellip;]\" \/>\n<meta property=\"og:url\" content=\"https:\/\/exis.hu\/de\/faq\/\" \/>\n<meta property=\"og:site_name\" content=\"Exis.hu \u2013 We solve IT\" \/>\n<meta property=\"article:modified_time\" content=\"2025-06-23T12:17:31+00:00\" \/>\n<meta property=\"og:image\" content=\"https:\/\/exis.hu\/wp-content\/uploads\/2022\/05\/IT-uzemeltetes-2.jpg\" \/>\n<meta name=\"twitter:card\" content=\"summary_large_image\" \/>\n<meta name=\"twitter:label1\" content=\"Gesch\u00e4tzte Lesezeit\" \/>\n\t<meta name=\"twitter:data1\" content=\"6\u00a0Minuten\" \/>\n<script type=\"application\/ld+json\" class=\"yoast-schema-graph\">{\"@context\":\"https:\/\/schema.org\",\"@graph\":[{\"@type\":\"WebPage\",\"@id\":\"https:\/\/exis.hu\/de\/faq\/\",\"url\":\"https:\/\/exis.hu\/de\/faq\/\",\"name\":\"FAQ - Exis.hu \u2013 We solve IT\",\"isPartOf\":{\"@id\":\"https:\/\/exis.hu\/#website\"},\"primaryImageOfPage\":{\"@id\":\"https:\/\/exis.hu\/de\/faq\/#primaryimage\"},\"image\":{\"@id\":\"https:\/\/exis.hu\/de\/faq\/#primaryimage\"},\"thumbnailUrl\":\"https:\/\/exis.hu\/wp-content\/uploads\/2022\/05\/IT-uzemeltetes-2.jpg\",\"datePublished\":\"2025-06-17T13:03:28+00:00\",\"dateModified\":\"2025-06-23T12:17:31+00:00\",\"inLanguage\":\"de\",\"potentialAction\":[{\"@type\":\"ReadAction\",\"target\":[\"https:\/\/exis.hu\/de\/faq\/\"]}]},{\"@type\":\"ImageObject\",\"inLanguage\":\"de\",\"@id\":\"https:\/\/exis.hu\/de\/faq\/#primaryimage\",\"url\":\"https:\/\/exis.hu\/wp-content\/uploads\/2022\/05\/IT-uzemeltetes-2.jpg\",\"contentUrl\":\"https:\/\/exis.hu\/wp-content\/uploads\/2022\/05\/IT-uzemeltetes-2.jpg\"},{\"@type\":\"WebSite\",\"@id\":\"https:\/\/exis.hu\/#website\",\"url\":\"https:\/\/exis.hu\/\",\"name\":\"Exis.hu \u2013 We solve IT\",\"description\":\"\",\"publisher\":{\"@id\":\"https:\/\/exis.hu\/#organization\"},\"potentialAction\":[{\"@type\":\"SearchAction\",\"target\":{\"@type\":\"EntryPoint\",\"urlTemplate\":\"https:\/\/exis.hu\/?s={search_term_string}\"},\"query-input\":{\"@type\":\"PropertyValueSpecification\",\"valueRequired\":true,\"valueName\":\"search_term_string\"}}],\"inLanguage\":\"de\"},{\"@type\":\"Organization\",\"@id\":\"https:\/\/exis.hu\/#organization\",\"name\":\"Exis.hu - We solve IT\",\"url\":\"https:\/\/exis.hu\/\",\"logo\":{\"@type\":\"ImageObject\",\"inLanguage\":\"de\",\"@id\":\"https:\/\/exis.hu\/#\/schema\/logo\/image\/\",\"url\":\"https:\/\/exis.hu\/wp-content\/uploads\/2022\/04\/logo_1000x1000.png\",\"contentUrl\":\"https:\/\/exis.hu\/wp-content\/uploads\/2022\/04\/logo_1000x1000.png\",\"width\":4168,\"height\":4167,\"caption\":\"Exis.hu - We solve IT\"},\"image\":{\"@id\":\"https:\/\/exis.hu\/#\/schema\/logo\/image\/\"}}]}<\/script>\n<!-- \/ Yoast SEO plugin. -->","yoast_head_json":{"title":"FAQ - Exis.hu \u2013 We solve IT","robots":{"index":"index","follow":"follow","max-snippet":"max-snippet:-1","max-image-preview":"max-image-preview:large","max-video-preview":"max-video-preview:-1"},"canonical":"https:\/\/exis.hu\/de\/faq\/","og_locale":"de_DE","og_type":"article","og_title":"FAQ - Exis.hu \u2013 We solve IT","og_description":"Welche Investition erfordert Ihre Arbeit von mir? Falls wir Ihr Interesse geweckt haben, nehmen Sie bitte Kontakt mit uns auf, damit wir ein pers\u00f6nliches Treffen vereinbaren und Ihre Anforderungen besprechen k\u00f6nnen. Sie k\u00f6nnen aus zahlreichen Paketangeboten w\u00e4hlen, die wir aber auch individuell auf Ihre Bed\u00fcrfnisse zuschneiden, damit unser Service bestm\u00f6glich Ihren Interessen dient. Welche Anforderungen [&hellip;]","og_url":"https:\/\/exis.hu\/de\/faq\/","og_site_name":"Exis.hu \u2013 We solve IT","article_modified_time":"2025-06-23T12:17:31+00:00","og_image":[{"url":"https:\/\/exis.hu\/wp-content\/uploads\/2022\/05\/IT-uzemeltetes-2.jpg","type":"","width":"","height":""}],"twitter_card":"summary_large_image","twitter_misc":{"Gesch\u00e4tzte Lesezeit":"6\u00a0Minuten"},"schema":{"@context":"https:\/\/schema.org","@graph":[{"@type":"WebPage","@id":"https:\/\/exis.hu\/de\/faq\/","url":"https:\/\/exis.hu\/de\/faq\/","name":"FAQ - Exis.hu \u2013 We solve IT","isPartOf":{"@id":"https:\/\/exis.hu\/#website"},"primaryImageOfPage":{"@id":"https:\/\/exis.hu\/de\/faq\/#primaryimage"},"image":{"@id":"https:\/\/exis.hu\/de\/faq\/#primaryimage"},"thumbnailUrl":"https:\/\/exis.hu\/wp-content\/uploads\/2022\/05\/IT-uzemeltetes-2.jpg","datePublished":"2025-06-17T13:03:28+00:00","dateModified":"2025-06-23T12:17:31+00:00","inLanguage":"de","potentialAction":[{"@type":"ReadAction","target":["https:\/\/exis.hu\/de\/faq\/"]}]},{"@type":"ImageObject","inLanguage":"de","@id":"https:\/\/exis.hu\/de\/faq\/#primaryimage","url":"https:\/\/exis.hu\/wp-content\/uploads\/2022\/05\/IT-uzemeltetes-2.jpg","contentUrl":"https:\/\/exis.hu\/wp-content\/uploads\/2022\/05\/IT-uzemeltetes-2.jpg"},{"@type":"WebSite","@id":"https:\/\/exis.hu\/#website","url":"https:\/\/exis.hu\/","name":"Exis.hu \u2013 We solve IT","description":"","publisher":{"@id":"https:\/\/exis.hu\/#organization"},"potentialAction":[{"@type":"SearchAction","target":{"@type":"EntryPoint","urlTemplate":"https:\/\/exis.hu\/?s={search_term_string}"},"query-input":{"@type":"PropertyValueSpecification","valueRequired":true,"valueName":"search_term_string"}}],"inLanguage":"de"},{"@type":"Organization","@id":"https:\/\/exis.hu\/#organization","name":"Exis.hu - We solve IT","url":"https:\/\/exis.hu\/","logo":{"@type":"ImageObject","inLanguage":"de","@id":"https:\/\/exis.hu\/#\/schema\/logo\/image\/","url":"https:\/\/exis.hu\/wp-content\/uploads\/2022\/04\/logo_1000x1000.png","contentUrl":"https:\/\/exis.hu\/wp-content\/uploads\/2022\/04\/logo_1000x1000.png","width":4168,"height":4167,"caption":"Exis.hu - We solve IT"},"image":{"@id":"https:\/\/exis.hu\/#\/schema\/logo\/image\/"}}]}},"_links":{"self":[{"href":"https:\/\/exis.hu\/de\/wp-json\/wp\/v2\/pages\/5212","targetHints":{"allow":["GET"]}}],"collection":[{"href":"https:\/\/exis.hu\/de\/wp-json\/wp\/v2\/pages"}],"about":[{"href":"https:\/\/exis.hu\/de\/wp-json\/wp\/v2\/types\/page"}],"author":[{"embeddable":true,"href":"https:\/\/exis.hu\/de\/wp-json\/wp\/v2\/users\/2"}],"replies":[{"embeddable":true,"href":"https:\/\/exis.hu\/de\/wp-json\/wp\/v2\/comments?post=5212"}],"version-history":[{"count":11,"href":"https:\/\/exis.hu\/de\/wp-json\/wp\/v2\/pages\/5212\/revisions"}],"predecessor-version":[{"id":5433,"href":"https:\/\/exis.hu\/de\/wp-json\/wp\/v2\/pages\/5212\/revisions\/5433"}],"wp:attachment":[{"href":"https:\/\/exis.hu\/de\/wp-json\/wp\/v2\/media?parent=5212"}],"curies":[{"name":"wp","href":"https:\/\/api.w.org\/{rel}","templated":true}]}}