{"id":5216,"date":"2025-06-17T15:05:05","date_gmt":"2025-06-17T13:05:05","guid":{"rendered":"https:\/\/exis.hu\/araink-copy\/"},"modified":"2025-06-23T15:17:43","modified_gmt":"2025-06-23T13:17:43","slug":"unsere-preise","status":"publish","type":"page","link":"https:\/\/exis.hu\/de\/unsere-preise\/","title":{"rendered":"Unsere Preise"},"content":{"rendered":"\t\t<div data-elementor-type=\"wp-page\" data-elementor-id=\"5216\" class=\"elementor elementor-5216 elementor-1163\">\n\t\t\t\t\t\t<section class=\"elementor-section elementor-top-section elementor-element elementor-element-0055379 elementor-section-full_width elementor-section-height-default elementor-section-height-default\" data-id=\"0055379\" data-element_type=\"section\">\n\t\t\t\t\t\t<div class=\"elementor-container elementor-column-gap-default\">\n\t\t\t\t\t<div class=\"elementor-column elementor-col-100 elementor-top-column elementor-element elementor-element-aeb1d2d\" data-id=\"aeb1d2d\" data-element_type=\"column\">\n\t\t\t<div class=\"elementor-widget-wrap\">\n\t\t\t\t\t\t\t<\/div>\n\t\t<\/div>\n\t\t\t\t\t<\/div>\n\t\t<\/section>\n\t\t\t\t<section class=\"elementor-section elementor-top-section elementor-element elementor-element-bc4ac14 elementor-section-full_width elementor-section-height-default elementor-section-height-default\" data-id=\"bc4ac14\" data-element_type=\"section\">\n\t\t\t\t\t\t<div class=\"elementor-container elementor-column-gap-default\">\n\t\t\t\t\t<div class=\"elementor-column elementor-col-100 elementor-top-column elementor-element elementor-element-22afe7e\" data-id=\"22afe7e\" data-element_type=\"column\">\n\t\t\t<div class=\"elementor-widget-wrap elementor-element-populated\">\n\t\t\t\t\t\t<div class=\"elementor-element elementor-element-dd11730 elementor-widget elementor-widget-reeko_partners\" data-id=\"dd11730\" data-element_type=\"widget\" data-widget_type=\"reeko_partners.default\">\n\t\t\t\t<div class=\"elementor-widget-container\">\n\t\t\t\t\t        \n\t\t\n\t\t<!-- Clients Section \/ Style Two -->\n\t\t<section class=\"clients-section style-three\">\n\t\t\t<div class=\"auto-container\">\n\t\t\t\t<!-- Sec Title -->\n\t\t\t\t<div class=\"sec-title centered\">\n\t\t\t\t\t<h2>\u00dcber 5400 abgeschlossene Projekte<\/h2>\n\t\t\t\t<\/div>\n\n\t\t\t\t<div class=\"sponsors-outer\">\n\t\t\t\t\t<!-- Sponsors Carousel -->\n\t\t\t\t\t<ul class=\"sponsors-carousel owl-carousel owl-theme\">\n\t\t\t\t\t\t\t\t\t\t\t\t<li class=\"slide-item\"><figure class=\"image-box\"><a href=\"\"><img decoding=\"async\" src=\"https:\/\/exis.hu\/wp-content\/uploads\/2022\/05\/IT-uzemeltetes-2.jpg\" alt=\"Company\"><\/a><\/figure><\/li>\n\t\t\t\t\t\t\t\t\t\t\t\t<li class=\"slide-item\"><figure class=\"image-box\"><a href=\"\"><img decoding=\"async\" src=\"https:\/\/exis.hu\/wp-content\/uploads\/2022\/05\/IT-uzemeltetes-22.jpg\" alt=\"Company\"><\/a><\/figure><\/li>\n\t\t\t\t\t\t\t\t\t\t\t\t<li class=\"slide-item\"><figure class=\"image-box\"><a href=\"\"><img decoding=\"async\" src=\"https:\/\/exis.hu\/wp-content\/uploads\/2022\/05\/IT-uzemeltetes-23.jpg\" alt=\"Company\"><\/a><\/figure><\/li>\n\t\t\t\t\t\t\t\t\t\t\t\t<li class=\"slide-item\"><figure class=\"image-box\"><a href=\"\"><img decoding=\"async\" src=\"https:\/\/exis.hu\/wp-content\/uploads\/2022\/05\/IT-uzemeltetes-24.jpg\" alt=\"Brand\"><\/a><\/figure><\/li>\n\t\t\t\t\t\t\t\t\t\t\t\t<li class=\"slide-item\"><figure class=\"image-box\"><a href=\"\"><img decoding=\"async\" src=\"https:\/\/exis.hu\/wp-content\/uploads\/2022\/05\/IT-uzemeltetes-25.jpg\" alt=\"Brand\"><\/a><\/figure><\/li>\n\t\t\t\t\t\t\t\t\t\t\t\t<li class=\"slide-item\"><figure class=\"image-box\"><a href=\"\"><img decoding=\"async\" src=\"https:\/\/exis.hu\/wp-content\/uploads\/2022\/05\/IT-uzemeltetes-26.jpg\" alt=\"Brand\"><\/a><\/figure><\/li>\n\t\t\t\t\t\t\t\t\t\t\t\t<li class=\"slide-item\"><figure class=\"image-box\"><a href=\"\"><img decoding=\"async\" src=\"https:\/\/exis.hu\/wp-content\/uploads\/2022\/05\/IT-uzemeltetes-27.jpg\" alt=\"Brand\"><\/a><\/figure><\/li>\n\t\t\t\t\t\t\t\t\t\t\t\t<li class=\"slide-item\"><figure class=\"image-box\"><a href=\"\"><img decoding=\"async\" src=\"https:\/\/exis.hu\/wp-content\/uploads\/2022\/05\/IT-uzemeltetes-28.jpg\" alt=\"Brand\"><\/a><\/figure><\/li>\n\t\t\t\t\t\t\t\t\t\t\t\t<li class=\"slide-item\"><figure class=\"image-box\"><a href=\"\"><img decoding=\"async\" src=\"https:\/\/exis.hu\/wp-content\/uploads\/2022\/05\/IT-uzemeltetes-29.jpg\" alt=\"Brand\"><\/a><\/figure><\/li>\n\t\t\t\t\t\t\t\t\t\t\t<\/ul>\n\t\t\t\t<\/div>\n\n\t\t\t<\/div>\n\t\t<\/section>\n\t\t<!-- End Clients Section -->\n\n\t\t\t\t\n        \t\t\t\t<\/div>\n\t\t\t\t<\/div>\n\t\t\t\t<div class=\"elementor-element elementor-element-5ef2057 elementor-widget elementor-widget-reeko_pricing_plan\" data-id=\"5ef2057\" data-element_type=\"widget\" data-widget_type=\"reeko_pricing_plan.default\">\n\t\t\t\t<div class=\"elementor-widget-container\">\n\t\t\t\t\t        \n        <!-- Pricing Section -->\n\t\t<section id=\"price\" class=\"pricing-section style-two\">\n\t\t\t<div class=\"pattern-layer\" style=\"background-image: url(https:\/\/exis.hu\/wp-content\/uploads\/2021\/06\/pattern-4.png)\"><\/div>\n\t\t\t<div class=\"auto-container\">\n\t\t\t\t<div class=\"pricing-tabs tabs-box\">\n\n\t\t\t\t\t<!-- Sec Title -->\n\t\t\t\t\t<div class=\"sec-title\">\n\t\t\t\t\t\t<div class=\"clearfix\">\n\t\t\t\t\t\t\t<div class=\"pull-left\">\n\t\t\t\t\t\t\t\t<h2><h2 style=\"text-align:center\">Flexible Pakete f\u00fcr individuelle Anpassung oder vordefinierte Pakete f\u00fcr mehr Planbarkeit<\/h2><\/h2>\n\t\t\t\t\t\t\t\t<div class=\"text\"><\/div>\n\t\t\t\t\t\t\t<\/div>\n\t\t\t\t\t\t\t<div class=\"pull-right\">\n\t\t\t\t\t\t\t\t<!--Tab Btns-->\n\t\t\t\t\t\t\t\t<div class=\"buttons-outer\">\n\t\t\t\t\t\t\t\t\t<ul class=\"tab-buttons clearfix\">\n\t\t\t\t\t\t\t\t\t\t<li data-tab=\"#prod-monthly\" class=\"tab-btn active-btn\">Monatliche Geb\u00fchren<\/li>\n\t\t\t\t\t\t\t\t\t\t<li data-tab=\"#prod-yearly\" class=\"tab-btn\">Jahrespakete<\/li>\n\t\t\t\t\t\t\t\t\t<\/ul>\n\t\t\t\t\t\t\t\t<\/div>\n\t\t\t\t\t\t\t<\/div>\n\t\t\t\t\t\t<\/div>\n\t\t\t\t\t<\/div>\n\n\t\t\t\t\t<!--Tabs Container-->\n\t\t\t\t\t<div class=\"tabs-content\">\n\n\t\t\t\t\t\t<!-- Tab -->\n\t\t\t\t\t\t<div class=\"tab active-tab\" id=\"prod-monthly\">\n\t\t\t\t\t\t\t<div class=\"content\">\n\t\t\t\t\t\t\t\t<div class=\"row clearfix\">\n\t\t\t\t\t\t\t\t\t\t\t\t\t\t\t\t\t\t<!-- Price Block -->\n\t\t\t\t\t\t\t\t\t<div class=\"price-block col-lg-4 col-md-6 col-sm-12\">\n\t\t\t\t\t\t\t\t\t\t<div class=\"inner-box\">\n\t\t\t\t\t\t\t\t\t\t\t<div class=\"upper-box\">\n\t\t\t\t\t\t\t\t\t\t\t\t<h2>Exis Optimum <\/h2>\n\t\t\t\t\t\t\t\t\t\t\t\t<div class=\"title\">Die Stundenzahl basierend auf grundlegenden IT-Aufgaben<\/div>\n\t\t\t\t\t\t\t\t\t\t\t\t<div class=\"icon icon flaticon-open-box\"><\/div>\n\t\t\t\t\t\t\t\t\t\t\t<\/div>\n\t\t\t\t\t\t\t\t\t\t\t<div class=\"lower-box\">\n\t\t\t\t\t\t\t\t\t\t\t\t<div class=\"hover-overlay\"><\/div>\n\t\t\t\t\t\t\t\t\t\t\t\t<div class=\"price\"><span>597 000.- <br><\/span> <sup><\/sup>390 000.-<br><sub>\/30 stunden<\/sub><\/div>\n\t\t\t\t\t\t\t\t\t\t\t\t\n\t\t\t\t\t\t\t\t\t\t\t\t\t\t\t\t\t\t\t\t\t\t\t\t<ul class=\"price-list\">\n\t\t\t\t\t\t\t\t\t\t\t\t\t\t\t\t\t\t\t\t\t\t\t\t\t\t<li>Systemplanung<\/li>\n\t\t\t\t\t\t\t\t\t\t\t\t\t\t\t\t\t\t\t\t\t\t\t\t\t\t<li>Netzwerkaufbau<\/li>\n\t\t\t\t\t\t\t\t\t\t\t\t\t\t\t\t\t\t\t\t\t\t\t\t\t\t<li>Betrieb<\/li>\n\t\t\t\t\t\t\t\t\t\t\t\t\t\t\t\t\t\t\t\t\t\t\t\t\t\t<li>Fern\u00fcberwachung<\/li>\n\t\t\t\t\t\t\t\t\t\t\t\t\t\t\t\t\t\t\t\t\t\t\t\t\t\t<li>Vor-Ort-Wartung<\/li>\n\t\t\t\t\t\t\t\t\t\t\t\t\t\t\t\t\t\t\t\t\t\t\t\t\t<\/ul>\n\t\t\t\t\t\t\t\t\t\t\t\t\t\t\t\t\t\t\t\t\t\t\t\t\n\t\t\t\t\t\t\t\t\t\t\t\t\t\t\t\t\t\t\t\t\t\t\t\t<div class=\"btn-box\">\n\t\t\t\t\t\t\t\t\t\t\t\t\t<a href=\"https:\/\/exis.hu\/de\/kontakt\/\" class=\"theme-btn btn-style-three\"><span class=\"txt\">Interesse am Angebot<\/span><\/a>\n\t\t\t\t\t\t\t\t\t\t\t\t<\/div>\n\t\t\t\t\t\t\t\t\t\t\t\t\t\t\t\t\t\t\t\t\t\t\t<\/div>\n\t\t\t\t\t\t\t\t\t\t<\/div>\n\t\t\t\t\t\t\t\t\t<\/div>\n\t\t\t\t\t\t\t\t\t\t\t\t\t\t\t\t\t\t<!-- Price Block -->\n\t\t\t\t\t\t\t\t\t<div class=\"price-block col-lg-4 col-md-6 col-sm-12\">\n\t\t\t\t\t\t\t\t\t\t<div class=\"inner-box\">\n\t\t\t\t\t\t\t\t\t\t\t<div class=\"upper-box\">\n\t\t\t\t\t\t\t\t\t\t\t\t<h2>Exis Professional <\/h2>\n\t\t\t\t\t\t\t\t\t\t\t\t<div class=\"title\">Wenn Sie eigene Ideen haben und auch unsere Ideen gefragt sind<\/div>\n\t\t\t\t\t\t\t\t\t\t\t\t<div class=\"icon icon flaticon-medal-1\"><\/div>\n\t\t\t\t\t\t\t\t\t\t\t<\/div>\n\t\t\t\t\t\t\t\t\t\t\t<div class=\"lower-box\">\n\t\t\t\t\t\t\t\t\t\t\t\t<div class=\"hover-overlay\"><\/div>\n\t\t\t\t\t\t\t\t\t\t\t\t<div class=\"price\"><span>1 194 000.-<br><\/span> <sup><\/sup>750 000.-<br><sub>\/60 stunden<\/sub><\/div>\n\t\t\t\t\t\t\t\t\t\t\t\t\n\t\t\t\t\t\t\t\t\t\t\t\t\t\t\t\t\t\t\t\t\t\t\t\t<ul class=\"price-list\">\n\t\t\t\t\t\t\t\t\t\t\t\t\t\t\t\t\t\t\t\t\t\t\t\t\t\t<li>Systemplanung<\/li>\n\t\t\t\t\t\t\t\t\t\t\t\t\t\t\t\t\t\t\t\t\t\t\t\t\t\t<li>Netzwerkaufbau<\/li>\n\t\t\t\t\t\t\t\t\t\t\t\t\t\t\t\t\t\t\t\t\t\t\t\t\t\t<li>Betrieb<\/li>\n\t\t\t\t\t\t\t\t\t\t\t\t\t\t\t\t\t\t\t\t\t\t\t\t\t\t<li>Fern\u00fcberwachung<\/li>\n\t\t\t\t\t\t\t\t\t\t\t\t\t\t\t\t\t\t\t\t\t\t\t\t\t\t<li>Vor-Ort-Wartung<\/li>\n\t\t\t\t\t\t\t\t\t\t\t\t\t\t\t\t\t\t\t\t\t\t\t\t\t<\/ul>\n\t\t\t\t\t\t\t\t\t\t\t\t\t\t\t\t\t\t\t\t\t\t\t\t\n\t\t\t\t\t\t\t\t\t\t\t\t\t\t\t\t\t\t\t\t\t\t\t\t<div class=\"btn-box\">\n\t\t\t\t\t\t\t\t\t\t\t\t\t<a href=\"https:\/\/exis.hu\/de\/kontakt\/\" class=\"theme-btn btn-style-three\"><span class=\"txt\">Interesse am Angebot<\/span><\/a>\n\t\t\t\t\t\t\t\t\t\t\t\t<\/div>\n\t\t\t\t\t\t\t\t\t\t\t\t\t\t\t\t\t\t\t\t\t\t\t<\/div>\n\t\t\t\t\t\t\t\t\t\t<\/div>\n\t\t\t\t\t\t\t\t\t<\/div>\n\t\t\t\t\t\t\t\t\t\t\t\t\t\t\t\t\t\t<!-- Price Block -->\n\t\t\t\t\t\t\t\t\t<div class=\"price-block col-lg-4 col-md-6 col-sm-12\">\n\t\t\t\t\t\t\t\t\t\t<div class=\"inner-box\">\n\t\t\t\t\t\t\t\t\t\t\t<div class=\"upper-box\">\n\t\t\t\t\t\t\t\t\t\t\t\t<h2>Exis Premium <\/h2>\n\t\t\t\t\t\t\t\t\t\t\t\t<div class=\"title\">Wenn Sie wirklich gro\u00df <br> denken!<\/div>\n\t\t\t\t\t\t\t\t\t\t\t\t<div class=\"icon icon flaticon-database\"><\/div>\n\t\t\t\t\t\t\t\t\t\t\t<\/div>\n\t\t\t\t\t\t\t\t\t\t\t<div class=\"lower-box\">\n\t\t\t\t\t\t\t\t\t\t\t\t<div class=\"hover-overlay\"><\/div>\n\t\t\t\t\t\t\t\t\t\t\t\t<div class=\"price\"><span>2 388 000.- <br><\/span> <sup><\/sup>1 380 000.-<br><sub>\/120 stunden<\/sub><\/div>\n\t\t\t\t\t\t\t\t\t\t\t\t\n\t\t\t\t\t\t\t\t\t\t\t\t\t\t\t\t\t\t\t\t\t\t\t\t<ul class=\"price-list\">\n\t\t\t\t\t\t\t\t\t\t\t\t\t\t\t\t\t\t\t\t\t\t\t\t\t\t<li>Systemplanung<\/li>\n\t\t\t\t\t\t\t\t\t\t\t\t\t\t\t\t\t\t\t\t\t\t\t\t\t\t<li>Netzwerkaufbau<\/li>\n\t\t\t\t\t\t\t\t\t\t\t\t\t\t\t\t\t\t\t\t\t\t\t\t\t\t<li>Betrieb<\/li>\n\t\t\t\t\t\t\t\t\t\t\t\t\t\t\t\t\t\t\t\t\t\t\t\t\t\t<li>Fern\u00fcberwachung<\/li>\n\t\t\t\t\t\t\t\t\t\t\t\t\t\t\t\t\t\t\t\t\t\t\t\t\t\t<li>Vor-Ort-Wartung<\/li>\n\t\t\t\t\t\t\t\t\t\t\t\t\t\t\t\t\t\t\t\t\t\t\t\t\t<\/ul>\n\t\t\t\t\t\t\t\t\t\t\t\t\t\t\t\t\t\t\t\t\t\t\t\t\n\t\t\t\t\t\t\t\t\t\t\t\t\t\t\t\t\t\t\t\t\t\t\t\t<div class=\"btn-box\">\n\t\t\t\t\t\t\t\t\t\t\t\t\t<a href=\"https:\/\/exis.hu\/de\/kontakt\/\" class=\"theme-btn btn-style-three\"><span class=\"txt\">Interesse am Angebot<\/span><\/a>\n\t\t\t\t\t\t\t\t\t\t\t\t<\/div>\n\t\t\t\t\t\t\t\t\t\t\t\t\t\t\t\t\t\t\t\t\t\t\t<\/div>\n\t\t\t\t\t\t\t\t\t\t<\/div>\n\t\t\t\t\t\t\t\t\t<\/div>\n\t\t\t\t\t\t\t\t\t\t\t\t\t\t\t\t\t<\/div>\n\t\t\t\t\t\t\t<\/div>\n\t\t\t\t\t\t<\/div>\n\n\t\t\t\t\t\t<!--Tab-->\n\t\t\t\t\t\t<div class=\"tab\" id=\"prod-yearly\">\n\t\t\t\t\t\t\t<div class=\"content\">\n\t\t\t\t\t\t\t\t<div class=\"row clearfix\">\n\t\t\t\t\t\t\t\t\t\t\t\t\t\t\t\t\t\t<!-- Price Block -->\n\t\t\t\t\t\t\t\t\t<div class=\"price-block col-lg-4 col-md-6 col-sm-12\">\n\t\t\t\t\t\t\t\t\t\t<div class=\"inner-box\">\n\t\t\t\t\t\t\t\t\t\t\t<div class=\"upper-box\">\n\t\t\t\t\t\t\t\t\t\t\t\t<h2>Exis Optimum <\/h2>\n\t\t\t\t\t\t\t\t\t\t\t\t<div class=\"title\">Die Stundenzahl basierend auf grundlegenden IT-Aufgaben<\/div>\n\t\t\t\t\t\t\t\t\t\t\t\t<div class=\"icon icon flaticon-open-box\"><\/div>\n\t\t\t\t\t\t\t\t\t\t\t<\/div>\n\t\t\t\t\t\t\t\t\t\t\t<div class=\"lower-box\">\n\t\t\t\t\t\t\t\t\t\t\t\t<div class=\"hover-overlay\"><\/div>\n\t\t\t\t\t\t\t\t\t\t\t\t<div class=\"price\"><span>7 164 000.-   <br> <\/span> <sup><\/sup>4 680 000.-<sub>\/Jahr<\/sub><\/div>\n\t\t\t\t\t\t\t\t\t\t\t\t\n\t\t\t\t\t\t\t\t\t\t\t\t\t\t\t\t\t\t\t\t\t\t\t\t<ul class=\"price-list\">\n\t\t\t\t\t\t\t\t\t\t\t\t\t\t\t\t\t\t\t\t\t\t\t\t\t\t<li>Systemplanung<\/li>\n\t\t\t\t\t\t\t\t\t\t\t\t\t\t\t\t\t\t\t\t\t\t\t\t\t\t<li>Netzwerkaufbau<\/li>\n\t\t\t\t\t\t\t\t\t\t\t\t\t\t\t\t\t\t\t\t\t\t\t\t\t\t<li>Betrieb<\/li>\n\t\t\t\t\t\t\t\t\t\t\t\t\t\t\t\t\t\t\t\t\t\t\t\t\t\t<li>Fern\u00fcberwachung<\/li>\n\t\t\t\t\t\t\t\t\t\t\t\t\t\t\t\t\t\t\t\t\t\t\t\t\t\t<li>Vor-Ort-Wartung<\/li>\n\t\t\t\t\t\t\t\t\t\t\t\t\t\t\t\t\t\t\t\t\t\t\t\t\t<\/ul>\n\t\t\t\t\t\t\t\t\t\t\t\t\t\t\t\t\t\t\t\t\t\t\t\t\n\t\t\t\t\t\t\t\t\t\t\t\t\t\t\t\t\t\t\t\t\t\t\t\t<div class=\"btn-box\">\n\t\t\t\t\t\t\t\t\t\t\t\t\t<a href=\"https:\/\/exis.hu\/de\/kontakt\/\" class=\"theme-btn btn-style-three\"><span class=\"txt\">Interesse am Angebot<\/span><\/a>\n\t\t\t\t\t\t\t\t\t\t\t\t<\/div>\n\t\t\t\t\t\t\t\t\t\t\t\t\t\t\t\t\t\t\t\t\t\t\t<\/div>\n\t\t\t\t\t\t\t\t\t\t<\/div>\n\t\t\t\t\t\t\t\t\t<\/div>\n\t\t\t\t\t\t\t\t\t\t\t\t\t\t\t\t\t\t<!-- Price Block -->\n\t\t\t\t\t\t\t\t\t<div class=\"price-block col-lg-4 col-md-6 col-sm-12\">\n\t\t\t\t\t\t\t\t\t\t<div class=\"inner-box\">\n\t\t\t\t\t\t\t\t\t\t\t<div class=\"upper-box\">\n\t\t\t\t\t\t\t\t\t\t\t\t<h2>Exis Professional <\/h2>\n\t\t\t\t\t\t\t\t\t\t\t\t<div class=\"title\">Wenn Sie eigene Ideen haben und auch unsere Ideen gefragt sind<\/div>\n\t\t\t\t\t\t\t\t\t\t\t\t<div class=\"icon icon flaticon-medal-1\"><\/div>\n\t\t\t\t\t\t\t\t\t\t\t<\/div>\n\t\t\t\t\t\t\t\t\t\t\t<div class=\"lower-box\">\n\t\t\t\t\t\t\t\t\t\t\t\t<div class=\"hover-overlay\"><\/div>\n\t\t\t\t\t\t\t\t\t\t\t\t<div class=\"price\"><span>14 328 000.-   <br> <\/span> <sup><\/sup>9 000 000.-<sub>\/Jahr<\/sub><\/div>\n\t\t\t\t\t\t\t\t\t\t\t\t\n\t\t\t\t\t\t\t\t\t\t\t\t\t\t\t\t\t\t\t\t\t\t\t\t<ul class=\"price-list\">\n\t\t\t\t\t\t\t\t\t\t\t\t\t\t\t\t\t\t\t\t\t\t\t\t\t\t<li>Systemplanung<\/li>\n\t\t\t\t\t\t\t\t\t\t\t\t\t\t\t\t\t\t\t\t\t\t\t\t\t\t<li>Netzwerkaufbau<\/li>\n\t\t\t\t\t\t\t\t\t\t\t\t\t\t\t\t\t\t\t\t\t\t\t\t\t\t<li>Betrieb<\/li>\n\t\t\t\t\t\t\t\t\t\t\t\t\t\t\t\t\t\t\t\t\t\t\t\t\t\t<li>Fern\u00fcberwachung<\/li>\n\t\t\t\t\t\t\t\t\t\t\t\t\t\t\t\t\t\t\t\t\t\t\t\t\t\t<li>Vor-Ort-Wartung<\/li>\n\t\t\t\t\t\t\t\t\t\t\t\t\t\t\t\t\t\t\t\t\t\t\t\t\t<\/ul>\n\t\t\t\t\t\t\t\t\t\t\t\t\t\t\t\t\t\t\t\t\t\t\t\t\n\t\t\t\t\t\t\t\t\t\t\t\t\t\t\t\t\t\t\t\t\t\t\t\t<div class=\"btn-box\">\n\t\t\t\t\t\t\t\t\t\t\t\t\t<a href=\"https:\/\/exis.hu\/de\/kontakt\/\" class=\"theme-btn btn-style-three\"><span class=\"txt\">Interesse am Angebot<\/span><\/a>\n\t\t\t\t\t\t\t\t\t\t\t\t<\/div>\n\t\t\t\t\t\t\t\t\t\t\t\t\t\t\t\t\t\t\t\t\t\t\t<\/div>\n\t\t\t\t\t\t\t\t\t\t<\/div>\n\t\t\t\t\t\t\t\t\t<\/div>\n\t\t\t\t\t\t\t\t\t\t\t\t\t\t\t\t\t\t<!-- Price Block -->\n\t\t\t\t\t\t\t\t\t<div class=\"price-block col-lg-4 col-md-6 col-sm-12\">\n\t\t\t\t\t\t\t\t\t\t<div class=\"inner-box\">\n\t\t\t\t\t\t\t\t\t\t\t<div class=\"upper-box\">\n\t\t\t\t\t\t\t\t\t\t\t\t<h2>Exis Premium <\/h2>\n\t\t\t\t\t\t\t\t\t\t\t\t<div class=\"title\">Wenn Sie wirklich gro\u00df <br> denken!<\/div>\n\t\t\t\t\t\t\t\t\t\t\t\t<div class=\"icon icon flaticon-database\"><\/div>\n\t\t\t\t\t\t\t\t\t\t\t<\/div>\n\t\t\t\t\t\t\t\t\t\t\t<div class=\"lower-box\">\n\t\t\t\t\t\t\t\t\t\t\t\t<div class=\"hover-overlay\"><\/div>\n\t\t\t\t\t\t\t\t\t\t\t\t<div class=\"price\"><span>28 656 000.-  <br> <\/span> <sup><\/sup>16 560 000.-<sub>\/Jahr<\/sub><\/div>\n\t\t\t\t\t\t\t\t\t\t\t\t\n\t\t\t\t\t\t\t\t\t\t\t\t\t\t\t\t\t\t\t\t\t\t\t\t<ul class=\"price-list\">\n\t\t\t\t\t\t\t\t\t\t\t\t\t\t\t\t\t\t\t\t\t\t\t\t\t\t<li>Systemplanung<\/li>\n\t\t\t\t\t\t\t\t\t\t\t\t\t\t\t\t\t\t\t\t\t\t\t\t\t\t<li>Netzwerkaufbau<\/li>\n\t\t\t\t\t\t\t\t\t\t\t\t\t\t\t\t\t\t\t\t\t\t\t\t\t\t<li>Betrieb<\/li>\n\t\t\t\t\t\t\t\t\t\t\t\t\t\t\t\t\t\t\t\t\t\t\t\t\t\t<li>Fern\u00fcberwachung<\/li>\n\t\t\t\t\t\t\t\t\t\t\t\t\t\t\t\t\t\t\t\t\t\t\t\t\t\t<li>Vor-Ort-Wartung<\/li>\n\t\t\t\t\t\t\t\t\t\t\t\t\t\t\t\t\t\t\t\t\t\t\t\t\t<\/ul>\n\t\t\t\t\t\t\t\t\t\t\t\t\t\t\t\t\t\t\t\t\t\t\t\t\n\t\t\t\t\t\t\t\t\t\t\t\t\t\t\t\t\t\t\t\t\t\t\t\t<div class=\"btn-box\">\n\t\t\t\t\t\t\t\t\t\t\t\t\t<a href=\"https:\/\/exis.hu\/de\/kontakt\/\" class=\"theme-btn btn-style-three\"><span class=\"txt\">Interesse am Angebot<\/span><\/a>\n\t\t\t\t\t\t\t\t\t\t\t\t<\/div>\n\t\t\t\t\t\t\t\t\t\t\t\t\t\t\t\t\t\t\t\t\t\t\t<\/div>\n\t\t\t\t\t\t\t\t\t\t<\/div>\n\t\t\t\t\t\t\t\t\t<\/div>\n\t\t\t\t\t\t\t\t\t\t\t\t\t\t\t\t\t<\/div>\n\t\t\t\t\t\t\t<\/div>\n\t\t\t\t\t\t<\/div>\n\n\t\t\t\t\t<\/div>\n\t\t\t\t<\/div>\n\t\t\t<\/div>\n\t\t<\/section>\n\t\t<!-- End Pricing Section -->\n\n        \t\t\t\t<\/div>\n\t\t\t\t<\/div>\n\t\t\t\t\t<\/div>\n\t\t<\/div>\n\t\t\t\t\t<\/div>\n\t\t<\/section>\n\t\t\t\t<\/div>\n\t\t","protected":false},"excerpt":{"rendered":"<p>\u00dcber 5400 abgeschlossene Projekte Flexible Pakete f\u00fcr individuelle Anpassung oder vordefinierte Pakete f\u00fcr mehr Planbarkeit Monatliche Geb\u00fchren Jahrespakete Exis Optimum Die Stundenzahl basierend auf grundlegenden IT-Aufgaben 597 000.- 390 000.-\/30 stunden Systemplanung Netzwerkaufbau Betrieb Fern\u00fcberwachung Vor-Ort-Wartung Interesse am Angebot Exis Professional Wenn Sie eigene Ideen haben und auch unsere Ideen gefragt sind 1 194 000.- [&hellip;]<\/p>\n","protected":false},"author":2,"featured_media":0,"parent":0,"menu_order":0,"comment_status":"closed","ping_status":"closed","template":"tpl-default-elementor.php","meta":{"footnotes":""},"class_list":["post-5216","page","type-page","status-publish","hentry"],"yoast_head":"<!-- This site is optimized with the Yoast SEO plugin v25.3.1 - https:\/\/yoast.com\/wordpress\/plugins\/seo\/ -->\n<title>Unsere Preise - Exis.hu \u2013 We solve IT<\/title>\n<meta name=\"robots\" content=\"index, follow, max-snippet:-1, max-image-preview:large, max-video-preview:-1\" \/>\n<link rel=\"canonical\" href=\"https:\/\/exis.hu\/de\/unsere-preise\/\" \/>\n<meta property=\"og:locale\" content=\"de_DE\" \/>\n<meta property=\"og:type\" content=\"article\" \/>\n<meta property=\"og:title\" content=\"Unsere Preise - Exis.hu \u2013 We solve IT\" \/>\n<meta property=\"og:description\" content=\"\u00dcber 5400 abgeschlossene Projekte Flexible Pakete f\u00fcr individuelle Anpassung oder vordefinierte Pakete f\u00fcr mehr Planbarkeit Monatliche Geb\u00fchren Jahrespakete Exis Optimum Die Stundenzahl basierend auf grundlegenden IT-Aufgaben 597 000.- 390 000.-\/30 stunden Systemplanung Netzwerkaufbau Betrieb Fern\u00fcberwachung Vor-Ort-Wartung Interesse am Angebot Exis Professional Wenn Sie eigene Ideen haben und auch unsere Ideen gefragt sind 1 194 000.- [&hellip;]\" \/>\n<meta property=\"og:url\" content=\"https:\/\/exis.hu\/de\/unsere-preise\/\" \/>\n<meta property=\"og:site_name\" content=\"Exis.hu \u2013 We solve IT\" \/>\n<meta property=\"article:modified_time\" content=\"2025-06-23T13:17:43+00:00\" \/>\n<meta property=\"og:image\" content=\"https:\/\/exis.hu\/wp-content\/uploads\/2022\/05\/IT-uzemeltetes-2.jpg\" \/>\n<meta name=\"twitter:card\" content=\"summary_large_image\" \/>\n<meta name=\"twitter:label1\" content=\"Gesch\u00e4tzte Lesezeit\" \/>\n\t<meta name=\"twitter:data1\" content=\"3\u00a0Minuten\" \/>\n<script type=\"application\/ld+json\" class=\"yoast-schema-graph\">{\"@context\":\"https:\/\/schema.org\",\"@graph\":[{\"@type\":\"WebPage\",\"@id\":\"https:\/\/exis.hu\/de\/unsere-preise\/\",\"url\":\"https:\/\/exis.hu\/de\/unsere-preise\/\",\"name\":\"Unsere Preise - Exis.hu \u2013 We solve IT\",\"isPartOf\":{\"@id\":\"https:\/\/exis.hu\/#website\"},\"primaryImageOfPage\":{\"@id\":\"https:\/\/exis.hu\/de\/unsere-preise\/#primaryimage\"},\"image\":{\"@id\":\"https:\/\/exis.hu\/de\/unsere-preise\/#primaryimage\"},\"thumbnailUrl\":\"https:\/\/exis.hu\/wp-content\/uploads\/2022\/05\/IT-uzemeltetes-2.jpg\",\"datePublished\":\"2025-06-17T13:05:05+00:00\",\"dateModified\":\"2025-06-23T13:17:43+00:00\",\"inLanguage\":\"de\",\"potentialAction\":[{\"@type\":\"ReadAction\",\"target\":[\"https:\/\/exis.hu\/de\/unsere-preise\/\"]}]},{\"@type\":\"ImageObject\",\"inLanguage\":\"de\",\"@id\":\"https:\/\/exis.hu\/de\/unsere-preise\/#primaryimage\",\"url\":\"https:\/\/exis.hu\/wp-content\/uploads\/2022\/05\/IT-uzemeltetes-2.jpg\",\"contentUrl\":\"https:\/\/exis.hu\/wp-content\/uploads\/2022\/05\/IT-uzemeltetes-2.jpg\"},{\"@type\":\"WebSite\",\"@id\":\"https:\/\/exis.hu\/#website\",\"url\":\"https:\/\/exis.hu\/\",\"name\":\"Exis.hu \u2013 We solve IT\",\"description\":\"\",\"publisher\":{\"@id\":\"https:\/\/exis.hu\/#organization\"},\"potentialAction\":[{\"@type\":\"SearchAction\",\"target\":{\"@type\":\"EntryPoint\",\"urlTemplate\":\"https:\/\/exis.hu\/?s={search_term_string}\"},\"query-input\":{\"@type\":\"PropertyValueSpecification\",\"valueRequired\":true,\"valueName\":\"search_term_string\"}}],\"inLanguage\":\"de\"},{\"@type\":\"Organization\",\"@id\":\"https:\/\/exis.hu\/#organization\",\"name\":\"Exis.hu - We solve IT\",\"url\":\"https:\/\/exis.hu\/\",\"logo\":{\"@type\":\"ImageObject\",\"inLanguage\":\"de\",\"@id\":\"https:\/\/exis.hu\/#\/schema\/logo\/image\/\",\"url\":\"https:\/\/exis.hu\/wp-content\/uploads\/2022\/04\/logo_1000x1000.png\",\"contentUrl\":\"https:\/\/exis.hu\/wp-content\/uploads\/2022\/04\/logo_1000x1000.png\",\"width\":4168,\"height\":4167,\"caption\":\"Exis.hu - We solve IT\"},\"image\":{\"@id\":\"https:\/\/exis.hu\/#\/schema\/logo\/image\/\"}}]}<\/script>\n<!-- \/ Yoast SEO plugin. -->","yoast_head_json":{"title":"Unsere Preise - Exis.hu \u2013 We solve IT","robots":{"index":"index","follow":"follow","max-snippet":"max-snippet:-1","max-image-preview":"max-image-preview:large","max-video-preview":"max-video-preview:-1"},"canonical":"https:\/\/exis.hu\/de\/unsere-preise\/","og_locale":"de_DE","og_type":"article","og_title":"Unsere Preise - Exis.hu \u2013 We solve IT","og_description":"\u00dcber 5400 abgeschlossene Projekte Flexible Pakete f\u00fcr individuelle Anpassung oder vordefinierte Pakete f\u00fcr mehr Planbarkeit Monatliche Geb\u00fchren Jahrespakete Exis Optimum Die Stundenzahl basierend auf grundlegenden IT-Aufgaben 597 000.- 390 000.-\/30 stunden Systemplanung Netzwerkaufbau Betrieb Fern\u00fcberwachung Vor-Ort-Wartung Interesse am Angebot Exis Professional Wenn Sie eigene Ideen haben und auch unsere Ideen gefragt sind 1 194 000.- [&hellip;]","og_url":"https:\/\/exis.hu\/de\/unsere-preise\/","og_site_name":"Exis.hu \u2013 We solve IT","article_modified_time":"2025-06-23T13:17:43+00:00","og_image":[{"url":"https:\/\/exis.hu\/wp-content\/uploads\/2022\/05\/IT-uzemeltetes-2.jpg","type":"","width":"","height":""}],"twitter_card":"summary_large_image","twitter_misc":{"Gesch\u00e4tzte Lesezeit":"3\u00a0Minuten"},"schema":{"@context":"https:\/\/schema.org","@graph":[{"@type":"WebPage","@id":"https:\/\/exis.hu\/de\/unsere-preise\/","url":"https:\/\/exis.hu\/de\/unsere-preise\/","name":"Unsere Preise - Exis.hu \u2013 We solve IT","isPartOf":{"@id":"https:\/\/exis.hu\/#website"},"primaryImageOfPage":{"@id":"https:\/\/exis.hu\/de\/unsere-preise\/#primaryimage"},"image":{"@id":"https:\/\/exis.hu\/de\/unsere-preise\/#primaryimage"},"thumbnailUrl":"https:\/\/exis.hu\/wp-content\/uploads\/2022\/05\/IT-uzemeltetes-2.jpg","datePublished":"2025-06-17T13:05:05+00:00","dateModified":"2025-06-23T13:17:43+00:00","inLanguage":"de","potentialAction":[{"@type":"ReadAction","target":["https:\/\/exis.hu\/de\/unsere-preise\/"]}]},{"@type":"ImageObject","inLanguage":"de","@id":"https:\/\/exis.hu\/de\/unsere-preise\/#primaryimage","url":"https:\/\/exis.hu\/wp-content\/uploads\/2022\/05\/IT-uzemeltetes-2.jpg","contentUrl":"https:\/\/exis.hu\/wp-content\/uploads\/2022\/05\/IT-uzemeltetes-2.jpg"},{"@type":"WebSite","@id":"https:\/\/exis.hu\/#website","url":"https:\/\/exis.hu\/","name":"Exis.hu \u2013 We solve IT","description":"","publisher":{"@id":"https:\/\/exis.hu\/#organization"},"potentialAction":[{"@type":"SearchAction","target":{"@type":"EntryPoint","urlTemplate":"https:\/\/exis.hu\/?s={search_term_string}"},"query-input":{"@type":"PropertyValueSpecification","valueRequired":true,"valueName":"search_term_string"}}],"inLanguage":"de"},{"@type":"Organization","@id":"https:\/\/exis.hu\/#organization","name":"Exis.hu - We solve IT","url":"https:\/\/exis.hu\/","logo":{"@type":"ImageObject","inLanguage":"de","@id":"https:\/\/exis.hu\/#\/schema\/logo\/image\/","url":"https:\/\/exis.hu\/wp-content\/uploads\/2022\/04\/logo_1000x1000.png","contentUrl":"https:\/\/exis.hu\/wp-content\/uploads\/2022\/04\/logo_1000x1000.png","width":4168,"height":4167,"caption":"Exis.hu - We solve IT"},"image":{"@id":"https:\/\/exis.hu\/#\/schema\/logo\/image\/"}}]}},"_links":{"self":[{"href":"https:\/\/exis.hu\/de\/wp-json\/wp\/v2\/pages\/5216","targetHints":{"allow":["GET"]}}],"collection":[{"href":"https:\/\/exis.hu\/de\/wp-json\/wp\/v2\/pages"}],"about":[{"href":"https:\/\/exis.hu\/de\/wp-json\/wp\/v2\/types\/page"}],"author":[{"embeddable":true,"href":"https:\/\/exis.hu\/de\/wp-json\/wp\/v2\/users\/2"}],"replies":[{"embeddable":true,"href":"https:\/\/exis.hu\/de\/wp-json\/wp\/v2\/comments?post=5216"}],"version-history":[{"count":8,"href":"https:\/\/exis.hu\/de\/wp-json\/wp\/v2\/pages\/5216\/revisions"}],"predecessor-version":[{"id":5465,"href":"https:\/\/exis.hu\/de\/wp-json\/wp\/v2\/pages\/5216\/revisions\/5465"}],"wp:attachment":[{"href":"https:\/\/exis.hu\/de\/wp-json\/wp\/v2\/media?parent=5216"}],"curies":[{"name":"wp","href":"https:\/\/api.w.org\/{rel}","templated":true}]}}