{"id":5218,"date":"2022-05-09T18:56:38","date_gmt":"2022-05-09T16:56:38","guid":{"rendered":"https:\/\/exis.hu\/alapertekeink-copy\/"},"modified":"2025-06-24T11:16:49","modified_gmt":"2025-06-24T09:16:49","slug":"unsere-grundwerte","status":"publish","type":"page","link":"https:\/\/exis.hu\/de\/unsere-grundwerte\/","title":{"rendered":"Unsere Grundwerte"},"content":{"rendered":"\t\t<div data-elementor-type=\"wp-page\" data-elementor-id=\"5218\" class=\"elementor elementor-5218 elementor-2991\">\n\t\t\t\t\t\t<section class=\"elementor-section elementor-top-section elementor-element elementor-element-57734ce elementor-section-boxed elementor-section-height-default elementor-section-height-default\" data-id=\"57734ce\" data-element_type=\"section\">\n\t\t\t\t\t\t<div class=\"elementor-container elementor-column-gap-default\">\n\t\t\t\t\t<div class=\"elementor-column elementor-col-100 elementor-top-column elementor-element elementor-element-db1db2a\" data-id=\"db1db2a\" data-element_type=\"column\">\n\t\t\t<div class=\"elementor-widget-wrap elementor-element-populated\">\n\t\t\t\t\t\t<div class=\"elementor-element elementor-element-d9b69f1 elementor-widget elementor-widget-text-editor\" data-id=\"d9b69f1\" data-element_type=\"widget\" data-widget_type=\"text-editor.default\">\n\t\t\t\t<div class=\"elementor-widget-container\">\n\t\t\t\t\t\t\t\t\t<section class=\"privacy-section\"><div class=\"auto-container\"><div class=\"privacy-content\"><h2>Ethikkodex<\/h2><p>Wir, die Gesch\u00e4ftsf\u00fchrung und Mitarbeitenden der Exis.hu Kft, verpflichten uns zu den im Ethikkodex festgehaltenen Werten. Wir sorgen daf\u00fcr, dass unsere Mitarbeitenden, Lieferanten und Subunternehmer t\u00e4glich die Einhaltung des Ethikkodex sowie die Umsetzung der darin formulierten Ziele gew\u00e4hrleisten k\u00f6nnen und optimale Bedingungen f\u00fcr die t\u00e4gliche Arbeit vorfinden.<\/p><div class=\"date\">Aktualisiert am 03.01.2022<\/div><p>Ziel des Ethikkodex ist es, eine gemeinsame Basis f\u00fcr das Management und die Mitarbeitenden der Exis.hu Kft zu schaffen und die darin enthaltenen Werte und Grunds\u00e4tze zu unterst\u00fctzen sowie deren Einhaltung f\u00fcr unsere Auftraggeber klar und transparent zu machen.<\/p><h2>Einf\u00fchrung<\/h2><p>Unser Verhalten gegen\u00fcber Auftraggebern, Mitarbeitenden, Lieferanten und der Gesellschaft insgesamt ist einwandfrei. Wir geben nur Versprechen ab, die wir auch halten k\u00f6nnen, und vermeiden irref\u00fchrende oder falsche Informationen. Wir sind uns der Ressourcen und M\u00f6glichkeiten unserer Auftraggeber bewusst und gestalten unsere Angebote entsprechend. Wir kennen und respektieren die geltenden Gesetze, Vorschriften und Richtlinien und halten uns unter allen Umst\u00e4nden daran. Mit unseren Auftraggebern f\u00fchren wir einen konstruktiven, transparenten Dialog im Zeichen von Professionalit\u00e4t.<\/p><\/div><div class=\"privacy-content\"><h4>Unsere Werte<\/h4><p>Alles beruht auf Teamarbeit zwischen Auftraggeber und Auftragnehmer. Partnerschaftliche Zusammenarbeit funktioniert sowohl im Kleinen als auch im Gro\u00dfen, \u00fcber Marken und L\u00e4ndergrenzen hinweg, dank der B\u00fcndelung unserer St\u00e4rken, Kenntnisse und Ideen. Im Dialog mit aktuellen und zuk\u00fcnftigen Auftraggebern achten wir aktiv darauf, ihre Erwartungen bei der Projektdurchf\u00fchrung immer wieder zu erf\u00fcllen. Vertrauen ist f\u00fcr eine gute Zusammenarbeit unerl\u00e4sslich, wof\u00fcr Transparenz und Verantwortungsbewusstsein aller Beteiligten notwendig sind. Wir bauen auf langfristige Gesch\u00e4ftsbeziehungen und unsere Auftraggeber k\u00f6nnen darauf z\u00e4hlen, dass wir f\u00fcr die uns anvertrauten Aufgaben stets die bestm\u00f6gliche L\u00f6sung aus allen Blickwinkeln liefern. Da unser Ziel stets eine langfristige Zusammenarbeit ist, gilt bei uns: halbfertige Arbeit ist nicht erledigte Arbeit. Wir liefern ausschlie\u00dflich Qualit\u00e4tsarbeit, mit der unsere Partner vollumf\u00e4nglich zufrieden sind. Die Anpassung an Marktver\u00e4nderungen ist eine anspruchsvolle Aufgabe, aber die notwendige Flexibilit\u00e4t daf\u00fcr ist f\u00fcr alle Mitarbeitenden eine Grundvoraussetzung. Unsere Partner vertrauen uns nicht weniger als auf den Betrieb ihres Unternehmens. Wir vergessen nie, dass unser Erfolg von der Zufriedenheit unserer Auftraggeber abh\u00e4ngt, weshalb wir bestrebt sind, das Vertrauen nicht nur zu gewinnen, sondern immer wieder zu st\u00e4rken.<\/p><\/div><div class=\"privacy-content\"><h4>Rechts- und Verhaltensnormen<\/h4><p>Die Exis.hu Kft h\u00e4lt geltende Gesetze und sonstige relevante nationale und internationale Vorschriften ein und verpflichtet sich zu den zehn Prinzipien des UN Global Compact. Besonders wichtig sind f\u00fcr uns:<\/p><ul class=\"privacy-list\"><li data-start=\"2908\" data-end=\"2923\"><p data-start=\"2910\" data-end=\"2923\">Verantwortung<\/p><\/li><li>Qualit\u00e4t<\/li><li>Berufung<\/li><li>Innovationsfreude<\/li><\/ul><\/div><div class=\"privacy-content\"><h4>Verantwortung<\/h4><p>Unsere Dienstleistungen richten sich nach den von den Auftraggebern ge\u00e4u\u00dferten Bed\u00fcrfnissen und Erwartungen. Marktanforderungen erf\u00fcllen wir durch enge Kundenbeziehungen, Professionalit\u00e4t, Innovationsbereitschaft und faire Preise. Wir kommunizieren offen Informationen und Erfahrungen an unsere Kunden weiter und gew\u00e4hrleisten die erforderliche Vertraulichkeit und Diskretion. Die Exis.hu Kft \u00fcberzeugt Gesch\u00e4ftspartner durch Servicequalit\u00e4t, Kompetenz und Preise. Wir vertrauen auf die Leistungsf\u00e4higkeit und Kompetenz unserer Mitarbeitenden, f\u00f6rdern deren pers\u00f6nliche Entwicklung und sorgen f\u00fcr angemessene Informationen und Arbeitsbedingungen. Zur Qualit\u00e4t und Wirtschaftlichkeit unserer Leistungen bauen wir auf gezielt ausgew\u00e4hlte Lieferanten, Subunternehmer und deren Erfahrung und Kapazit\u00e4ten. Unternehmens- und Gesch\u00e4ftsgeheimnisse behandeln wir vertraulich. Dies gilt f\u00fcr alle Informationen, deren Geheimhaltung f\u00fcr die Exis.hu Kft, deren Vertragspartner und Kunden von Interesse ist. Die Geheimhaltungspflicht besteht auch nach Beendigung des Arbeits- oder sonstigen Vertragsverh\u00e4ltnisses fort.<\/p><\/div><div class=\"privacy-content\"><h2>Kompetenz unserer Mitarbeitenden<\/h2><p>Die Professionalit\u00e4t unserer Mitarbeitenden bildet die Grundlage unseres Erfolgs. Daher wissen wir, dass wir auch f\u00fcr ihre pers\u00f6nliche und fachliche Weiterentwicklung sorgen m\u00fcssen. Ein einwandfreies Verhalten untereinander garantiert nicht nur eine angemessene Kommunikation und die Qualit\u00e4t der Unternehmenskultur, sondern beeinflusst auch das Firmenimage. Unser Ziel ist stets ein hohes Ma\u00df an Qualit\u00e4t.<\/p><\/div><div class=\"privacy-content\"><h2>Kontaktieren Sie uns<\/h2><p>Wir sind sicher, dass es sich lohnt, die Details zu besprechen. Kontaktieren Sie uns und vereinbaren Sie einen Termin \u2013 sei es f\u00fcr eine Vor-Ort-Besichtigung oder ein unverbindliches Beratungsgespr\u00e4ch zur Bedarfsermittlung.<\/p><\/div><\/div><\/section>\t\t\t\t\t\t\t\t<\/div>\n\t\t\t\t<\/div>\n\t\t\t\t\t<\/div>\n\t\t<\/div>\n\t\t\t\t\t<\/div>\n\t\t<\/section>\n\t\t\t\t<section class=\"elementor-section elementor-top-section elementor-element elementor-element-cd6e18a elementor-section-full_width elementor-section-height-default elementor-section-height-default\" data-id=\"cd6e18a\" data-element_type=\"section\">\n\t\t\t\t\t\t<div class=\"elementor-container elementor-column-gap-default\">\n\t\t\t\t\t<div class=\"elementor-column elementor-col-100 elementor-top-column elementor-element elementor-element-e30991c\" data-id=\"e30991c\" data-element_type=\"column\">\n\t\t\t<div class=\"elementor-widget-wrap elementor-element-populated\">\n\t\t\t\t\t\t<div class=\"elementor-element elementor-element-1ba9ecd elementor-widget elementor-widget-reeko_partners\" data-id=\"1ba9ecd\" data-element_type=\"widget\" data-widget_type=\"reeko_partners.default\">\n\t\t\t\t<div class=\"elementor-widget-container\">\n\t\t\t\t\t        \n\t\t\n\t\t<!-- Clients Section \/ Style Two -->\n\t\t<section class=\"clients-section style-three\">\n\t\t\t<div class=\"auto-container\">\n\t\t\t\t<!-- Sec Title -->\n\t\t\t\t<div class=\"sec-title centered\">\n\t\t\t\t\t<h2>\u00dcber 5400 abgeschlossene Projekte<\/h2>\n\t\t\t\t<\/div>\n\n\t\t\t\t<div class=\"sponsors-outer\">\n\t\t\t\t\t<!-- Sponsors Carousel -->\n\t\t\t\t\t<ul class=\"sponsors-carousel owl-carousel owl-theme\">\n\t\t\t\t\t\t\t\t\t\t\t\t<li class=\"slide-item\"><figure class=\"image-box\"><a href=\"\"><img decoding=\"async\" src=\"https:\/\/exis.hu\/wp-content\/uploads\/2022\/05\/IT-uzemeltetes-2.jpg\" alt=\"\"><\/a><\/figure><\/li>\n\t\t\t\t\t\t\t\t\t\t\t\t<li class=\"slide-item\"><figure class=\"image-box\"><a href=\"\"><img decoding=\"async\" src=\"https:\/\/exis.hu\/wp-content\/uploads\/2022\/05\/IT-uzemeltetes-22.jpg\" alt=\"\"><\/a><\/figure><\/li>\n\t\t\t\t\t\t\t\t\t\t\t\t<li class=\"slide-item\"><figure class=\"image-box\"><a href=\"\"><img decoding=\"async\" src=\"https:\/\/exis.hu\/wp-content\/uploads\/2022\/05\/IT-uzemeltetes-23.jpg\" alt=\"\"><\/a><\/figure><\/li>\n\t\t\t\t\t\t\t\t\t\t\t\t<li class=\"slide-item\"><figure class=\"image-box\"><a href=\"\"><img decoding=\"async\" src=\"https:\/\/exis.hu\/wp-content\/uploads\/2022\/05\/IT-uzemeltetes-24.jpg\" alt=\"\"><\/a><\/figure><\/li>\n\t\t\t\t\t\t\t\t\t\t\t\t<li class=\"slide-item\"><figure class=\"image-box\"><a href=\"\"><img decoding=\"async\" src=\"https:\/\/exis.hu\/wp-content\/uploads\/2022\/05\/IT-uzemeltetes-25.jpg\" alt=\"\"><\/a><\/figure><\/li>\n\t\t\t\t\t\t\t\t\t\t\t\t<li class=\"slide-item\"><figure class=\"image-box\"><a href=\"\"><img decoding=\"async\" src=\"https:\/\/exis.hu\/wp-content\/uploads\/2022\/05\/IT-uzemeltetes-26.jpg\" alt=\"\"><\/a><\/figure><\/li>\n\t\t\t\t\t\t\t\t\t\t\t\t<li class=\"slide-item\"><figure class=\"image-box\"><a href=\"\"><img decoding=\"async\" src=\"https:\/\/exis.hu\/wp-content\/uploads\/2022\/05\/IT-uzemeltetes-27.jpg\" alt=\"\"><\/a><\/figure><\/li>\n\t\t\t\t\t\t\t\t\t\t\t\t<li class=\"slide-item\"><figure class=\"image-box\"><a href=\"\"><img decoding=\"async\" src=\"https:\/\/exis.hu\/wp-content\/uploads\/2022\/05\/IT-uzemeltetes-28.jpg\" alt=\"\"><\/a><\/figure><\/li>\n\t\t\t\t\t\t\t\t\t\t\t\t<li class=\"slide-item\"><figure class=\"image-box\"><a href=\"\"><img decoding=\"async\" src=\"https:\/\/exis.hu\/wp-content\/uploads\/2022\/05\/IT-uzemeltetes-29.jpg\" alt=\"\"><\/a><\/figure><\/li>\n\t\t\t\t\t\t\t\t\t\t\t<\/ul>\n\t\t\t\t<\/div>\n\n\t\t\t<\/div>\n\t\t<\/section>\n\t\t<!-- End Clients Section -->\n\n\t\t\t\t\n        \t\t\t\t<\/div>\n\t\t\t\t<\/div>\n\t\t\t\t\t<\/div>\n\t\t<\/div>\n\t\t\t\t\t<\/div>\n\t\t<\/section>\n\t\t\t\t<section class=\"elementor-section elementor-top-section elementor-element elementor-element-b817190 elementor-section-full_width elementor-section-height-default elementor-section-height-default\" data-id=\"b817190\" data-element_type=\"section\">\n\t\t\t\t\t\t<div class=\"elementor-container elementor-column-gap-default\">\n\t\t\t\t\t<div class=\"elementor-column elementor-col-100 elementor-top-column elementor-element elementor-element-81e72c3\" data-id=\"81e72c3\" data-element_type=\"column\">\n\t\t\t<div class=\"elementor-widget-wrap\">\n\t\t\t\t\t\t\t<\/div>\n\t\t<\/div>\n\t\t\t\t\t<\/div>\n\t\t<\/section>\n\t\t\t\t<\/div>\n\t\t","protected":false},"excerpt":{"rendered":"<p>Ethikkodex Wir, die Gesch\u00e4ftsf\u00fchrung und Mitarbeitenden der Exis.hu Kft, verpflichten uns zu den im Ethikkodex festgehaltenen Werten. Wir sorgen daf\u00fcr, dass unsere Mitarbeitenden, Lieferanten und Subunternehmer t\u00e4glich die Einhaltung des Ethikkodex sowie die Umsetzung der darin formulierten Ziele gew\u00e4hrleisten k\u00f6nnen und optimale Bedingungen f\u00fcr die t\u00e4gliche Arbeit vorfinden. Aktualisiert am 03.01.2022 Ziel des Ethikkodex ist [&hellip;]<\/p>\n","protected":false},"author":2,"featured_media":0,"parent":0,"menu_order":0,"comment_status":"closed","ping_status":"closed","template":"tpl-default-elementor.php","meta":{"footnotes":""},"class_list":["post-5218","page","type-page","status-publish","hentry"],"yoast_head":"<!-- This site is optimized with the Yoast SEO plugin v25.3.1 - https:\/\/yoast.com\/wordpress\/plugins\/seo\/ -->\n<title>Unsere Grundwerte - Exis.hu \u2013 We solve IT<\/title>\n<meta name=\"robots\" content=\"index, follow, max-snippet:-1, max-image-preview:large, max-video-preview:-1\" \/>\n<link rel=\"canonical\" href=\"https:\/\/exis.hu\/de\/unsere-grundwerte\/\" \/>\n<meta property=\"og:locale\" content=\"de_DE\" \/>\n<meta property=\"og:type\" content=\"article\" \/>\n<meta property=\"og:title\" content=\"Unsere Grundwerte - Exis.hu \u2013 We solve IT\" \/>\n<meta property=\"og:description\" content=\"Ethikkodex Wir, die Gesch\u00e4ftsf\u00fchrung und Mitarbeitenden der Exis.hu Kft, verpflichten uns zu den im Ethikkodex festgehaltenen Werten. Wir sorgen daf\u00fcr, dass unsere Mitarbeitenden, Lieferanten und Subunternehmer t\u00e4glich die Einhaltung des Ethikkodex sowie die Umsetzung der darin formulierten Ziele gew\u00e4hrleisten k\u00f6nnen und optimale Bedingungen f\u00fcr die t\u00e4gliche Arbeit vorfinden. Aktualisiert am 03.01.2022 Ziel des Ethikkodex ist [&hellip;]\" \/>\n<meta property=\"og:url\" content=\"https:\/\/exis.hu\/de\/unsere-grundwerte\/\" \/>\n<meta property=\"og:site_name\" content=\"Exis.hu \u2013 We solve IT\" \/>\n<meta property=\"article:modified_time\" content=\"2025-06-24T09:16:49+00:00\" \/>\n<meta property=\"og:image\" content=\"https:\/\/exis.hu\/wp-content\/uploads\/2022\/05\/IT-uzemeltetes-2.jpg\" \/>\n<meta name=\"twitter:card\" content=\"summary_large_image\" \/>\n<script type=\"application\/ld+json\" class=\"yoast-schema-graph\">{\"@context\":\"https:\/\/schema.org\",\"@graph\":[{\"@type\":\"WebPage\",\"@id\":\"https:\/\/exis.hu\/de\/unsere-grundwerte\/\",\"url\":\"https:\/\/exis.hu\/de\/unsere-grundwerte\/\",\"name\":\"Unsere Grundwerte - Exis.hu \u2013 We solve IT\",\"isPartOf\":{\"@id\":\"https:\/\/exis.hu\/#website\"},\"primaryImageOfPage\":{\"@id\":\"https:\/\/exis.hu\/de\/unsere-grundwerte\/#primaryimage\"},\"image\":{\"@id\":\"https:\/\/exis.hu\/de\/unsere-grundwerte\/#primaryimage\"},\"thumbnailUrl\":\"https:\/\/exis.hu\/wp-content\/uploads\/2022\/05\/IT-uzemeltetes-2.jpg\",\"datePublished\":\"2022-05-09T16:56:38+00:00\",\"dateModified\":\"2025-06-24T09:16:49+00:00\",\"inLanguage\":\"de\",\"potentialAction\":[{\"@type\":\"ReadAction\",\"target\":[\"https:\/\/exis.hu\/de\/unsere-grundwerte\/\"]}]},{\"@type\":\"ImageObject\",\"inLanguage\":\"de\",\"@id\":\"https:\/\/exis.hu\/de\/unsere-grundwerte\/#primaryimage\",\"url\":\"https:\/\/exis.hu\/wp-content\/uploads\/2022\/05\/IT-uzemeltetes-2.jpg\",\"contentUrl\":\"https:\/\/exis.hu\/wp-content\/uploads\/2022\/05\/IT-uzemeltetes-2.jpg\"},{\"@type\":\"WebSite\",\"@id\":\"https:\/\/exis.hu\/#website\",\"url\":\"https:\/\/exis.hu\/\",\"name\":\"Exis.hu \u2013 We solve IT\",\"description\":\"\",\"publisher\":{\"@id\":\"https:\/\/exis.hu\/#organization\"},\"potentialAction\":[{\"@type\":\"SearchAction\",\"target\":{\"@type\":\"EntryPoint\",\"urlTemplate\":\"https:\/\/exis.hu\/?s={search_term_string}\"},\"query-input\":{\"@type\":\"PropertyValueSpecification\",\"valueRequired\":true,\"valueName\":\"search_term_string\"}}],\"inLanguage\":\"de\"},{\"@type\":\"Organization\",\"@id\":\"https:\/\/exis.hu\/#organization\",\"name\":\"Exis.hu - We solve IT\",\"url\":\"https:\/\/exis.hu\/\",\"logo\":{\"@type\":\"ImageObject\",\"inLanguage\":\"de\",\"@id\":\"https:\/\/exis.hu\/#\/schema\/logo\/image\/\",\"url\":\"https:\/\/exis.hu\/wp-content\/uploads\/2022\/04\/logo_1000x1000.png\",\"contentUrl\":\"https:\/\/exis.hu\/wp-content\/uploads\/2022\/04\/logo_1000x1000.png\",\"width\":4168,\"height\":4167,\"caption\":\"Exis.hu - We solve IT\"},\"image\":{\"@id\":\"https:\/\/exis.hu\/#\/schema\/logo\/image\/\"}}]}<\/script>\n<!-- \/ Yoast SEO plugin. -->","yoast_head_json":{"title":"Unsere Grundwerte - Exis.hu \u2013 We solve IT","robots":{"index":"index","follow":"follow","max-snippet":"max-snippet:-1","max-image-preview":"max-image-preview:large","max-video-preview":"max-video-preview:-1"},"canonical":"https:\/\/exis.hu\/de\/unsere-grundwerte\/","og_locale":"de_DE","og_type":"article","og_title":"Unsere Grundwerte - Exis.hu \u2013 We solve IT","og_description":"Ethikkodex Wir, die Gesch\u00e4ftsf\u00fchrung und Mitarbeitenden der Exis.hu Kft, verpflichten uns zu den im Ethikkodex festgehaltenen Werten. Wir sorgen daf\u00fcr, dass unsere Mitarbeitenden, Lieferanten und Subunternehmer t\u00e4glich die Einhaltung des Ethikkodex sowie die Umsetzung der darin formulierten Ziele gew\u00e4hrleisten k\u00f6nnen und optimale Bedingungen f\u00fcr die t\u00e4gliche Arbeit vorfinden. Aktualisiert am 03.01.2022 Ziel des Ethikkodex ist [&hellip;]","og_url":"https:\/\/exis.hu\/de\/unsere-grundwerte\/","og_site_name":"Exis.hu \u2013 We solve IT","article_modified_time":"2025-06-24T09:16:49+00:00","og_image":[{"url":"https:\/\/exis.hu\/wp-content\/uploads\/2022\/05\/IT-uzemeltetes-2.jpg","type":"","width":"","height":""}],"twitter_card":"summary_large_image","schema":{"@context":"https:\/\/schema.org","@graph":[{"@type":"WebPage","@id":"https:\/\/exis.hu\/de\/unsere-grundwerte\/","url":"https:\/\/exis.hu\/de\/unsere-grundwerte\/","name":"Unsere Grundwerte - Exis.hu \u2013 We solve IT","isPartOf":{"@id":"https:\/\/exis.hu\/#website"},"primaryImageOfPage":{"@id":"https:\/\/exis.hu\/de\/unsere-grundwerte\/#primaryimage"},"image":{"@id":"https:\/\/exis.hu\/de\/unsere-grundwerte\/#primaryimage"},"thumbnailUrl":"https:\/\/exis.hu\/wp-content\/uploads\/2022\/05\/IT-uzemeltetes-2.jpg","datePublished":"2022-05-09T16:56:38+00:00","dateModified":"2025-06-24T09:16:49+00:00","inLanguage":"de","potentialAction":[{"@type":"ReadAction","target":["https:\/\/exis.hu\/de\/unsere-grundwerte\/"]}]},{"@type":"ImageObject","inLanguage":"de","@id":"https:\/\/exis.hu\/de\/unsere-grundwerte\/#primaryimage","url":"https:\/\/exis.hu\/wp-content\/uploads\/2022\/05\/IT-uzemeltetes-2.jpg","contentUrl":"https:\/\/exis.hu\/wp-content\/uploads\/2022\/05\/IT-uzemeltetes-2.jpg"},{"@type":"WebSite","@id":"https:\/\/exis.hu\/#website","url":"https:\/\/exis.hu\/","name":"Exis.hu \u2013 We solve IT","description":"","publisher":{"@id":"https:\/\/exis.hu\/#organization"},"potentialAction":[{"@type":"SearchAction","target":{"@type":"EntryPoint","urlTemplate":"https:\/\/exis.hu\/?s={search_term_string}"},"query-input":{"@type":"PropertyValueSpecification","valueRequired":true,"valueName":"search_term_string"}}],"inLanguage":"de"},{"@type":"Organization","@id":"https:\/\/exis.hu\/#organization","name":"Exis.hu - We solve IT","url":"https:\/\/exis.hu\/","logo":{"@type":"ImageObject","inLanguage":"de","@id":"https:\/\/exis.hu\/#\/schema\/logo\/image\/","url":"https:\/\/exis.hu\/wp-content\/uploads\/2022\/04\/logo_1000x1000.png","contentUrl":"https:\/\/exis.hu\/wp-content\/uploads\/2022\/04\/logo_1000x1000.png","width":4168,"height":4167,"caption":"Exis.hu - We solve IT"},"image":{"@id":"https:\/\/exis.hu\/#\/schema\/logo\/image\/"}}]}},"_links":{"self":[{"href":"https:\/\/exis.hu\/de\/wp-json\/wp\/v2\/pages\/5218","targetHints":{"allow":["GET"]}}],"collection":[{"href":"https:\/\/exis.hu\/de\/wp-json\/wp\/v2\/pages"}],"about":[{"href":"https:\/\/exis.hu\/de\/wp-json\/wp\/v2\/types\/page"}],"author":[{"embeddable":true,"href":"https:\/\/exis.hu\/de\/wp-json\/wp\/v2\/users\/2"}],"replies":[{"embeddable":true,"href":"https:\/\/exis.hu\/de\/wp-json\/wp\/v2\/comments?post=5218"}],"version-history":[{"count":5,"href":"https:\/\/exis.hu\/de\/wp-json\/wp\/v2\/pages\/5218\/revisions"}],"predecessor-version":[{"id":5468,"href":"https:\/\/exis.hu\/de\/wp-json\/wp\/v2\/pages\/5218\/revisions\/5468"}],"wp:attachment":[{"href":"https:\/\/exis.hu\/de\/wp-json\/wp\/v2\/media?parent=5218"}],"curies":[{"name":"wp","href":"https:\/\/api.w.org\/{rel}","templated":true}]}}