{"id":5232,"date":"2025-06-17T15:13:52","date_gmt":"2025-06-17T13:13:52","guid":{"rendered":"https:\/\/exis.hu\/szakteruleteink\/infrastruktura-kiepites-copy\/"},"modified":"2025-06-23T12:25:14","modified_gmt":"2025-06-23T10:25:14","slug":"infrastrukturausbau","status":"publish","type":"page","link":"https:\/\/exis.hu\/de\/unsere-dienstleistungen\/infrastrukturausbau\/","title":{"rendered":"Infrastrukturausbau"},"content":{"rendered":"\t\t<div data-elementor-type=\"wp-page\" data-elementor-id=\"5232\" class=\"elementor elementor-5232 elementor-1093\">\n\t\t\t\t\t\t<section class=\"elementor-section elementor-top-section elementor-element elementor-element-02767ca elementor-section-full_width elementor-section-height-default elementor-section-height-default\" data-id=\"02767ca\" data-element_type=\"section\">\n\t\t\t\t\t\t<div class=\"elementor-container elementor-column-gap-default\">\n\t\t\t\t\t<div class=\"elementor-column elementor-col-100 elementor-top-column elementor-element elementor-element-1126ef7\" data-id=\"1126ef7\" data-element_type=\"column\">\n\t\t\t<div class=\"elementor-widget-wrap elementor-element-populated\">\n\t\t\t\t\t\t<div class=\"elementor-element elementor-element-9aa2133 elementor-widget elementor-widget-reeko_service_details_v1\" data-id=\"9aa2133\" data-element_type=\"widget\" data-widget_type=\"reeko_service_details_v1.default\">\n\t\t\t\t<div class=\"elementor-widget-container\">\n\t\t\t\t\t        \n        <!-- Sidebar Page Container -->\n\t\t<div class=\"sidebar-page-container\">\n\t\t\t<div class=\"auto-container\">\n\t\t\t\t<div class=\"row clearfix\">\n\n\t\t\t\t\t<!-- Sidebar Side \/ Left Sidebar -->\n\t\t\t\t\t<div class=\"sidebar-side left-sidebar col-xl-4 col-lg-4 col-md-12 col-sm-12\">\n\t\t\t\t\t\t<aside class=\"sidebar sticky-top\">\n\t\t\t\t\t\t\t<div id=\"nav_menu-8\" class=\"service-widget sidebar-widget widget-1 widget_nav_menu\"><\/div><div id=\"reeko_download_brouchers-2\" class=\"service-widget sidebar-widget widget-1 widget_reeko_download_brouchers\">\t\t\n\t\t<!-- Pdf Widget -->\n\t\t<div class=\"pdf-widget\">\n\t\t\t<div class=\"widget-content\">\n\t\t\t\t<h3>Downloadable documents<\/h3>\n\t\t\t\t<div class=\"pdf-file-list\">\n\t\t\t\t\t<a href=\"https:\/\/exis.hu\/wp-content\/uploads\/2022\/06\/Exis.hu_-1.pdf\">Exis.hu Information sheet<\/a>\n\t\t\t\t\t<a href=\"\"><\/a>\n\t\t\t\t<\/div>\n\t\t\t<\/div>\n\t\t<\/div>\n\n        <\/div><div id=\"reeko_emergency_call-2\" class=\"service-widget sidebar-widget widget-1 widget_reeko_emergency_call\">        \n\t\t<!-- Phone Widget -->\n\t\t<div class=\"phone-widget\">\n\t\t\t<div class=\"widget-content\">\n\t\t\t\t<h3>If you choose <br>to be contacted immediately<\/h3>\n\t\t\t\t<!-- Phone Box -->\n\t\t\t\t<div class=\"phone-box\">\n\t\t\t\t\t<div class=\"box-inner\">\n\t\t\t\t\t\t<span class=\"icon flaticon-call-1\"><\/span>\n\t\t\t\t\t\tHotline\t\t\t\t\t\t<strong><a href=\"tel:3614477055\">+36 1 44 77 055<\/a><\/strong>\n\t\t\t\t\t<\/div>\n\t\t\t\t<\/div>\n\t\t\t<\/div>\n\t\t<\/div>\n\n        <\/div>\t\t\t\t\t\t<\/aside>\n\t\t\t\t\t<\/div>\n\n\t\t\t\t\t<!-- Content Side \/ Right Sidebar -->\n\t\t\t\t\t<div class=\"content-side right-sidebar col-xl-8 col-lg-8 col-md-12 col-sm-12\">\n\t\t\t\t\t\t<div class=\"service-detail\">\n\t\t\t\t\t\t\t<div class=\"inner-box\">\n\t\t\t\t\t\t\t\t<h2>Die im Hintergrund verborgenen unglaublich wertvollen Menschen<\/h2>\n\t\t\t\t\t\t\t\t<p>Die Aufgaben der Systemadministratoren umfassen auch die Pflege und \u2013 bei Bedarf \u2013 Umsetzung von Backup- und Wiederherstellungspl\u00e4nen. Ebenso geh\u00f6ren die Aktualisierung des Betriebssystems und der Anwendungssoftware auf neue Versionen sowie die Durchsetzung von Richtlinien f\u00fcr die Nutzung des Computersystems und Netzwerks zu ihrem Verantwortungsbereich.\n\nDar\u00fcber hinaus ist der Systemadministrator f\u00fcr die Einrichtung von Sicherheitsrichtlinien f\u00fcr Benutzer und das Identit\u00e4tsmanagement zust\u00e4ndig. Er verwaltet Benutzerkonten, Berechtigungen, Zugriffsrechte und Speicherplatzzuweisungen. Technischen Support und Fehlerbehebung bieten sie bei Hardware- und Softwareproblemen im Zusammenhang mit Servern und Speichersystemen an.\n\nDer gleiche Fachmann k\u00fcmmert sich auch um Fragen zur Verwaltung von Anwendungs- und Datenbankservern. Zudem f\u00fchren sie gr\u00fcndliche Recherchen durch, um die Beschaffung und Entwicklung von Systemsoftware zu unterst\u00fctzen, indem sie Informationen zu geplanten Produkten, Dienstleistungsprotokollen und Standards einholen.\n\nF\u00fcr alle vom Systemadministrator ausgef\u00fchrten Aufgaben ist eine stabile Internetverbindung notwendig, die vom Administrator aufrechterhalten wird. So funktioniert beispielsweise der erfolgreiche Versand und Empfang von E-Mails am Arbeitsplatz nur, wenn die Mailserver korrekt arbeiten.\n<\/p>\n\t\t\t\t\t\t\t\t<div class=\"image\">\n\t\t\t\t\t\t\t\t\t<img decoding=\"async\" src=\"https:\/\/exis.hu\/wp-content\/uploads\/2022\/05\/INFRASTRUKTURA-KIEPITES-exis.hu_-scaled.jpg\" alt=\"Awesome Image\" \/>\n\t\t\t\t\t\t\t\t<\/div>\n\t\t\t\t\t\t\t\t<p>Wartungs- und Fehlerbehebungsarbeiten, die nicht zum richtigen Zeitpunkt oder mit unpassendem Timing durchgef\u00fchrt werden, k\u00f6nnen erhebliche Ausfallzeiten verursachen oder sogar fatale Folgen haben. Ein guter Systemadministrator sorgt daf\u00fcr und garantiert, dass so etwas nicht passiert.<\/p>\n\t\t\t\t\t\t\t\t<div class=\"gallery-box\">\n\t\t\t\t\t\t\t\t\t<div class=\"row clearfix\">\n\n\t\t\t\t\t\t\t\t\t\t<!-- Image Column -->\n\t\t\t\t\t\t\t\t\t\t<div class=\"image-column col-lg-4 col-md-4 col-sm-6\">\n\t\t\t\t\t\t\t\t\t\t\t<img decoding=\"async\" src=\"https:\/\/exis.hu\/wp-content\/uploads\/2021\/06\/service-2.jpg\" alt=\"Awesome Image\" \/>\n\t\t\t\t\t\t\t\t\t\t<\/div>\n\t\t\t\t\t\t\t\t\t\t<!-- Image Column -->\n\t\t\t\t\t\t\t\t\t\t<div class=\"image-column col-lg-4 col-md-4 col-sm-6\">\n\t\t\t\t\t\t\t\t\t\t\t<img decoding=\"async\" src=\"https:\/\/exis.hu\/wp-content\/uploads\/2022\/05\/szoftver-es-hardverleltar-keszitese-IT-audit-scaled.jpg\" alt=\"Awesome Image\" \/>\n\t\t\t\t\t\t\t\t\t\t<\/div>\n\t\t\t\t\t\t\t\t\t\t<!-- Image Column -->\n\t\t\t\t\t\t\t\t\t\t<div class=\"image-column col-lg-4 col-md-4 col-sm-6\">\n\t\t\t\t\t\t\t\t\t\t\t<img decoding=\"async\" src=\"https:\/\/exis.hu\/wp-content\/uploads\/2022\/05\/Halozat-gondos-megtervezese-exis.hu_-scaled.jpg\" alt=\"Awesome Image\" \/>\n\t\t\t\t\t\t\t\t\t\t<\/div>\n\n\t\t\t\t\t\t\t\t\t<\/div>\n\t\t\t\t\t\t\t\t<\/div>\n\n\t\t\t\t\t\t\t\t<!-- Two Column -->\n\t\t\t\t\t\t\t\t<div class=\"two-column\">\n\t\t\t\t\t\t\t\t\t<div class=\"row clearfix\">\n\t\t\t\t\t\t\t\t\t\t<!-- Content Column -->\n\t\t\t\t\t\t\t\t\t\t<div class=\"content-column col-lg-6 col-md-6 col-sm-12\">\n\t\t\t\t\t\t\t\t\t\t\t\t\t\t\t\t\t\t\t\t\t\t<ul class=\"list-style-one\">\n\t\t\t\t\t\t\t\t\t\t\t\t\t\t\t\t\t\t\t\t\t\t\t\t<li>Sorgf\u00e4ltige Netzwerkplanung, physischer Aufbau, Installation und Inbetriebnahme<\/li>\n\t\t\t\t\t\t\t\t\t\t\t\t\t\t\t\t\t\t\t\t\t\t\t\t<li>Bestandsaufnahme vorhandener IT-Ausr\u00fcstung, Software- und Hardwareinventar<\/li>\n\t\t\t\t\t\t\t\t\t\t\t\t\t\t\t\t\t\t\t\t\t\t\t\t<li>Konfiguration von lokalen und Internet-Netzwerken, Router- und WLAN-Einstellungen<\/li>\n\t\t\t\t\t\t\t\t\t\t\t\t\t\t\t\t\t\t\t\t\t\t\t\t<li>Einrichtung des digitalen B\u00fcros, Inbetriebnahme von Kommunikationskan\u00e4len<\/li>\n\t\t\t\t\t\t\t\t\t\t\t\t\t\t\t\t\t\t\t\t\t\t\t<\/ul>\n\t\t\t\t\t\t\t\t\t\t\t\t\t\t\t\t\t\t\t\t\t<\/div>\n\t\t\t\t\t\t\t\t\t\t<!-- Image Column -->\n\t\t\t\t\t\t\t\t\t\t<div class=\"image-column col-lg-6 col-md-6 col-sm-12\">\n\t\t\t\t\t\t\t\t\t\t\t<img decoding=\"async\" src=\"https:\/\/exis.hu\/wp-content\/uploads\/2022\/05\/szoftver-es-hardver-scaled.jpg\" alt=\"Awesome Image\" \/>\n\t\t\t\t\t\t\t\t\t\t<\/div>\n\t\t\t\t\t\t\t\t\t<\/div>\n\t\t\t\t\t\t\t\t<\/div>\n\t\t\t\t\t\t\t\t<!-- End Two Column -->\n\t\t\t\t\t\t\t\t<p>Ein guter Systemadministrator zeichnet sich durch tiefgehende Kenntnisse in Computer-Software, Hardware und Netzwerken aus. Er muss die Computersysteme der Organisation planen, organisieren, anpassen und unterst\u00fctzen. Diese Fachleute aktualisieren und \u00fcberwachen alles, was zur Software- und Hardwarekategorie geh\u00f6rt.<\/p>\n\t\t\t\t\t\t\t\t\n\t\t\t\t\t\t\t\t\t\t\t\t\t\t\t\t<!-- Accordian Box -->\n\t\t\t\t\t\t\t\t<ul class=\"accordion-box\">\n\t\t\t\t\t\t\t\t\t\t\t\t\t\t\t\t\t\t<!-- Block -->\n\t\t\t\t\t\t\t\t\t<li class=\"accordion block active-block\">\n\t\t\t\t\t\t\t\t\t\t<div class=\"acc-btn active\"><div class=\"icon-outer\"><span class=\"icon icon-plus fa fa-plus\"><\/span> <span class=\"icon icon-minus fa fa-minus\"><\/span><\/div>Was macht ein Systemadministrator eigentlich?<\/div>\n\t\t\t\t\t\t\t\t\t\t<div class=\"acc-content current\">\n\t\t\t\t\t\t\t\t\t\t\t<div class=\"content\">\n\t\t\t\t\t\t\t\t\t\t\t\t<div class=\"accordian-text\">Ein Fachmann, der verantwortlich ist f\u00fcr die Netzwerkeinrichtung, die j\u00e4hrliche Wartung der Server (E-Mail- und Dateiserver) und vieles mehr. Seine Aufgabe ist es, eine zuverl\u00e4ssige Arbeitsumgebung zu gew\u00e4hrleisten und dabei \u00fcber fundierte Kenntnisse in Software, Hardware und Netzwerken zu verf\u00fcgen. Er muss planen, organisieren und \u00c4nderungen vornehmen, w\u00e4hrend er Betriebssysteme, Gesch\u00e4ftsanwendungen, Sicherheitsl\u00f6sungen, Webserver, E-Mails, Laptops und Desktop-Computer wartet \u2013 aber eigentlich ist das nur eine niemals endende Aufz\u00e4hlung.<\/div>\n\t\t\t\t\t\t\t\t\t\t\t<\/div>\n\t\t\t\t\t\t\t\t\t\t<\/div>\n\t\t\t\t\t\t\t\t\t<\/li>\n\t\t\t\t\t\t\t\t\t\t\t\t\t\t\t\t\t\t<!-- Block -->\n\t\t\t\t\t\t\t\t\t<li class=\"accordion block \">\n\t\t\t\t\t\t\t\t\t\t<div class=\"acc-btn \"><div class=\"icon-outer\"><span class=\"icon icon-plus fa fa-plus\"><\/span> <span class=\"icon icon-minus fa fa-minus\"><\/span><\/div>Was bedeutet System\u00fcberwachung?<\/div>\n\t\t\t\t\t\t\t\t\t\t<div class=\"acc-content \">\n\t\t\t\t\t\t\t\t\t\t\t<div class=\"content\">\n\t\t\t\t\t\t\t\t\t\t\t\t<div class=\"accordian-text\">Die Hauptaufgabe des Systemadministrators ist die Einrichtung neuer Konten und die aktive Verwaltung des Verzeichnisdienstes. Er erstellt Zugriffsebenen und ein Framework f\u00fcr die Benutzerauthentifizierung. Au\u00dferdem \u00fcberwacht er die Serverleistung, f\u00fchrt Berichte zur Systemperformance durch und analysiert die Ergebnisse.<\/div>\n\t\t\t\t\t\t\t\t\t\t\t<\/div>\n\t\t\t\t\t\t\t\t\t\t<\/div>\n\t\t\t\t\t\t\t\t\t<\/li>\n\t\t\t\t\t\t\t\t\t\t\t\t\t\t\t\t\t\t<!-- Block -->\n\t\t\t\t\t\t\t\t\t<li class=\"accordion block \">\n\t\t\t\t\t\t\t\t\t\t<div class=\"acc-btn \"><div class=\"icon-outer\"><span class=\"icon icon-plus fa fa-plus\"><\/span> <span class=\"icon icon-minus fa fa-minus\"><\/span><\/div>Warum brauche ich einen Systemadministrator, wenn ich bisher auch ohne ausgekommen bin?<\/div>\n\t\t\t\t\t\t\t\t\t\t<div class=\"acc-content \">\n\t\t\t\t\t\t\t\t\t\t\t<div class=\"content\">\n\t\t\t\t\t\t\t\t\t\t\t\t<div class=\"accordian-text\">Die eigentliche Frage ist, wie viel effektiver man mit einem Systemadministrator zusammenarbeiten kann. Sicher ist es schon vorgekommen, dass eine Aufgabe nur teilweise gel\u00f6st wurde, weil nicht genug Kapazit\u00e4t oder kein kompetenter Fachmann verf\u00fcgbar war. Ein Systemadministrator bietet Schutz und Sicherheit, die heute unerl\u00e4sslich sind. Sie sorgen daf\u00fcr, dass Systeme vor Verst\u00f6\u00dfen und Viren gesch\u00fctzt sind. Systemadministratoren spielen eine grundlegende Rolle bei der Risikominderungsplanung.<\/div>\n\t\t\t\t\t\t\t\t\t\t\t<\/div>\n\t\t\t\t\t\t\t\t\t\t<\/div>\n\t\t\t\t\t\t\t\t\t<\/li>\n\t\t\t\t\t\t\t\t\t\t\t\t\t\t\t\t\t\t<!-- Block -->\n\t\t\t\t\t\t\t\t\t<li class=\"accordion block \">\n\t\t\t\t\t\t\t\t\t\t<div class=\"acc-btn \"><div class=\"icon-outer\"><span class=\"icon icon-plus fa fa-plus\"><\/span> <span class=\"icon icon-minus fa fa-minus\"><\/span><\/div>Wann k\u00f6nnen Sie anfangen?<\/div>\n\t\t\t\t\t\t\t\t\t\t<div class=\"acc-content \">\n\t\t\t\t\t\t\t\t\t\t\t<div class=\"content\">\n\t\t\t\t\t\t\t\t\t\t\t\t<div class=\"accordian-text\">Dank unseres Teams mit \u00fcber 10 Personen und unserer umfangreichen Erfahrung k\u00f6nnen wir Ihnen bereits am n\u00e4chsten Tag nach Vertragsabschluss zur Verf\u00fcgung stehen. Da Wissen und Aufgaben nicht in einer einzigen Hand konzentriert sind, ist auch eine Vertretung problemlos m\u00f6glich.<\/div>\n\t\t\t\t\t\t\t\t\t\t\t<\/div>\n\t\t\t\t\t\t\t\t\t\t<\/div>\n\t\t\t\t\t\t\t\t\t<\/li>\n\t\t\t\t\t\t\t\t\t\t\t\t\t\t\t\t\t<\/ul>\n\t\t\t\t\t\t\t\t\t\t\t\t\t\t\t\t\n\t\t\t\t\t\t\t<\/div>\n\t\t\t\t\t\t<\/div>\n\t\t\t\t\t<\/div>\n\n\t\t\t\t<\/div>\n\t\t\t<\/div>\n\t\t<\/div>\n\n        \t\t\t\t<\/div>\n\t\t\t\t<\/div>\n\t\t\t\t\t<\/div>\n\t\t<\/div>\n\t\t\t\t\t<\/div>\n\t\t<\/section>\n\t\t\t\t<\/div>\n\t\t","protected":false},"excerpt":{"rendered":"<p>Downloadable documents Exis.hu Information sheet If you choose to be contacted immediately Hotline +36 1 44 77 055 Die im Hintergrund verborgenen unglaublich wertvollen Menschen Die Aufgaben der Systemadministratoren umfassen auch die Pflege und \u2013 bei Bedarf \u2013 Umsetzung von Backup- und Wiederherstellungspl\u00e4nen. Ebenso geh\u00f6ren die Aktualisierung des Betriebssystems und der Anwendungssoftware auf neue Versionen [&hellip;]<\/p>\n","protected":false},"author":2,"featured_media":0,"parent":5220,"menu_order":0,"comment_status":"closed","ping_status":"closed","template":"tpl-default-elementor.php","meta":{"footnotes":""},"class_list":["post-5232","page","type-page","status-publish","hentry"],"yoast_head":"<!-- This site is optimized with the Yoast SEO plugin v25.3.1 - https:\/\/yoast.com\/wordpress\/plugins\/seo\/ -->\n<title>Infrastrukturausbau - Exis.hu \u2013 We solve IT<\/title>\n<meta name=\"robots\" content=\"index, follow, max-snippet:-1, max-image-preview:large, max-video-preview:-1\" \/>\n<link rel=\"canonical\" href=\"https:\/\/exis.hu\/de\/unsere-dienstleistungen\/infrastrukturausbau\/\" \/>\n<meta property=\"og:locale\" content=\"de_DE\" \/>\n<meta property=\"og:type\" content=\"article\" \/>\n<meta property=\"og:title\" content=\"Infrastrukturausbau - Exis.hu \u2013 We solve IT\" \/>\n<meta property=\"og:description\" content=\"Downloadable documents Exis.hu Information sheet If you choose to be contacted immediately Hotline +36 1 44 77 055 Die im Hintergrund verborgenen unglaublich wertvollen Menschen Die Aufgaben der Systemadministratoren umfassen auch die Pflege und \u2013 bei Bedarf \u2013 Umsetzung von Backup- und Wiederherstellungspl\u00e4nen. Ebenso geh\u00f6ren die Aktualisierung des Betriebssystems und der Anwendungssoftware auf neue Versionen [&hellip;]\" \/>\n<meta property=\"og:url\" content=\"https:\/\/exis.hu\/de\/unsere-dienstleistungen\/infrastrukturausbau\/\" \/>\n<meta property=\"og:site_name\" content=\"Exis.hu \u2013 We solve IT\" \/>\n<meta property=\"article:modified_time\" content=\"2025-06-23T10:25:14+00:00\" \/>\n<meta property=\"og:image\" content=\"https:\/\/exis.hu\/wp-content\/uploads\/2022\/05\/INFRASTRUKTURA-KIEPITES-exis.hu_-scaled.jpg\" \/>\n<meta name=\"twitter:card\" content=\"summary_large_image\" \/>\n<meta name=\"twitter:label1\" content=\"Gesch\u00e4tzte Lesezeit\" \/>\n\t<meta name=\"twitter:data1\" content=\"4\u00a0Minuten\" \/>\n<script type=\"application\/ld+json\" class=\"yoast-schema-graph\">{\"@context\":\"https:\/\/schema.org\",\"@graph\":[{\"@type\":\"WebPage\",\"@id\":\"https:\/\/exis.hu\/de\/unsere-dienstleistungen\/infrastrukturausbau\/\",\"url\":\"https:\/\/exis.hu\/de\/unsere-dienstleistungen\/infrastrukturausbau\/\",\"name\":\"Infrastrukturausbau - Exis.hu \u2013 We solve IT\",\"isPartOf\":{\"@id\":\"https:\/\/exis.hu\/#website\"},\"primaryImageOfPage\":{\"@id\":\"https:\/\/exis.hu\/de\/unsere-dienstleistungen\/infrastrukturausbau\/#primaryimage\"},\"image\":{\"@id\":\"https:\/\/exis.hu\/de\/unsere-dienstleistungen\/infrastrukturausbau\/#primaryimage\"},\"thumbnailUrl\":\"https:\/\/exis.hu\/wp-content\/uploads\/2022\/05\/INFRASTRUKTURA-KIEPITES-exis.hu_-scaled.jpg\",\"datePublished\":\"2025-06-17T13:13:52+00:00\",\"dateModified\":\"2025-06-23T10:25:14+00:00\",\"breadcrumb\":{\"@id\":\"https:\/\/exis.hu\/de\/unsere-dienstleistungen\/infrastrukturausbau\/#breadcrumb\"},\"inLanguage\":\"de\",\"potentialAction\":[{\"@type\":\"ReadAction\",\"target\":[\"https:\/\/exis.hu\/de\/unsere-dienstleistungen\/infrastrukturausbau\/\"]}]},{\"@type\":\"ImageObject\",\"inLanguage\":\"de\",\"@id\":\"https:\/\/exis.hu\/de\/unsere-dienstleistungen\/infrastrukturausbau\/#primaryimage\",\"url\":\"https:\/\/exis.hu\/wp-content\/uploads\/2022\/05\/INFRASTRUKTURA-KIEPITES-exis.hu_-scaled.jpg\",\"contentUrl\":\"https:\/\/exis.hu\/wp-content\/uploads\/2022\/05\/INFRASTRUKTURA-KIEPITES-exis.hu_-scaled.jpg\"},{\"@type\":\"BreadcrumbList\",\"@id\":\"https:\/\/exis.hu\/de\/unsere-dienstleistungen\/infrastrukturausbau\/#breadcrumb\",\"itemListElement\":[{\"@type\":\"ListItem\",\"position\":1,\"name\":\"Unsere Dienstleistungen\",\"item\":\"https:\/\/exis.hu\/de\/unsere-dienstleistungen\/\"},{\"@type\":\"ListItem\",\"position\":2,\"name\":\"Infrastrukturausbau\"}]},{\"@type\":\"WebSite\",\"@id\":\"https:\/\/exis.hu\/#website\",\"url\":\"https:\/\/exis.hu\/\",\"name\":\"Exis.hu \u2013 We solve IT\",\"description\":\"\",\"publisher\":{\"@id\":\"https:\/\/exis.hu\/#organization\"},\"potentialAction\":[{\"@type\":\"SearchAction\",\"target\":{\"@type\":\"EntryPoint\",\"urlTemplate\":\"https:\/\/exis.hu\/?s={search_term_string}\"},\"query-input\":{\"@type\":\"PropertyValueSpecification\",\"valueRequired\":true,\"valueName\":\"search_term_string\"}}],\"inLanguage\":\"de\"},{\"@type\":\"Organization\",\"@id\":\"https:\/\/exis.hu\/#organization\",\"name\":\"Exis.hu - We solve IT\",\"url\":\"https:\/\/exis.hu\/\",\"logo\":{\"@type\":\"ImageObject\",\"inLanguage\":\"de\",\"@id\":\"https:\/\/exis.hu\/#\/schema\/logo\/image\/\",\"url\":\"https:\/\/exis.hu\/wp-content\/uploads\/2022\/04\/logo_1000x1000.png\",\"contentUrl\":\"https:\/\/exis.hu\/wp-content\/uploads\/2022\/04\/logo_1000x1000.png\",\"width\":4168,\"height\":4167,\"caption\":\"Exis.hu - We solve IT\"},\"image\":{\"@id\":\"https:\/\/exis.hu\/#\/schema\/logo\/image\/\"}}]}<\/script>\n<!-- \/ Yoast SEO plugin. -->","yoast_head_json":{"title":"Infrastrukturausbau - Exis.hu \u2013 We solve IT","robots":{"index":"index","follow":"follow","max-snippet":"max-snippet:-1","max-image-preview":"max-image-preview:large","max-video-preview":"max-video-preview:-1"},"canonical":"https:\/\/exis.hu\/de\/unsere-dienstleistungen\/infrastrukturausbau\/","og_locale":"de_DE","og_type":"article","og_title":"Infrastrukturausbau - Exis.hu \u2013 We solve IT","og_description":"Downloadable documents Exis.hu Information sheet If you choose to be contacted immediately Hotline +36 1 44 77 055 Die im Hintergrund verborgenen unglaublich wertvollen Menschen Die Aufgaben der Systemadministratoren umfassen auch die Pflege und \u2013 bei Bedarf \u2013 Umsetzung von Backup- und Wiederherstellungspl\u00e4nen. Ebenso geh\u00f6ren die Aktualisierung des Betriebssystems und der Anwendungssoftware auf neue Versionen [&hellip;]","og_url":"https:\/\/exis.hu\/de\/unsere-dienstleistungen\/infrastrukturausbau\/","og_site_name":"Exis.hu \u2013 We solve IT","article_modified_time":"2025-06-23T10:25:14+00:00","og_image":[{"url":"https:\/\/exis.hu\/wp-content\/uploads\/2022\/05\/INFRASTRUKTURA-KIEPITES-exis.hu_-scaled.jpg","type":"","width":"","height":""}],"twitter_card":"summary_large_image","twitter_misc":{"Gesch\u00e4tzte Lesezeit":"4\u00a0Minuten"},"schema":{"@context":"https:\/\/schema.org","@graph":[{"@type":"WebPage","@id":"https:\/\/exis.hu\/de\/unsere-dienstleistungen\/infrastrukturausbau\/","url":"https:\/\/exis.hu\/de\/unsere-dienstleistungen\/infrastrukturausbau\/","name":"Infrastrukturausbau - Exis.hu \u2013 We solve IT","isPartOf":{"@id":"https:\/\/exis.hu\/#website"},"primaryImageOfPage":{"@id":"https:\/\/exis.hu\/de\/unsere-dienstleistungen\/infrastrukturausbau\/#primaryimage"},"image":{"@id":"https:\/\/exis.hu\/de\/unsere-dienstleistungen\/infrastrukturausbau\/#primaryimage"},"thumbnailUrl":"https:\/\/exis.hu\/wp-content\/uploads\/2022\/05\/INFRASTRUKTURA-KIEPITES-exis.hu_-scaled.jpg","datePublished":"2025-06-17T13:13:52+00:00","dateModified":"2025-06-23T10:25:14+00:00","breadcrumb":{"@id":"https:\/\/exis.hu\/de\/unsere-dienstleistungen\/infrastrukturausbau\/#breadcrumb"},"inLanguage":"de","potentialAction":[{"@type":"ReadAction","target":["https:\/\/exis.hu\/de\/unsere-dienstleistungen\/infrastrukturausbau\/"]}]},{"@type":"ImageObject","inLanguage":"de","@id":"https:\/\/exis.hu\/de\/unsere-dienstleistungen\/infrastrukturausbau\/#primaryimage","url":"https:\/\/exis.hu\/wp-content\/uploads\/2022\/05\/INFRASTRUKTURA-KIEPITES-exis.hu_-scaled.jpg","contentUrl":"https:\/\/exis.hu\/wp-content\/uploads\/2022\/05\/INFRASTRUKTURA-KIEPITES-exis.hu_-scaled.jpg"},{"@type":"BreadcrumbList","@id":"https:\/\/exis.hu\/de\/unsere-dienstleistungen\/infrastrukturausbau\/#breadcrumb","itemListElement":[{"@type":"ListItem","position":1,"name":"Unsere Dienstleistungen","item":"https:\/\/exis.hu\/de\/unsere-dienstleistungen\/"},{"@type":"ListItem","position":2,"name":"Infrastrukturausbau"}]},{"@type":"WebSite","@id":"https:\/\/exis.hu\/#website","url":"https:\/\/exis.hu\/","name":"Exis.hu \u2013 We solve IT","description":"","publisher":{"@id":"https:\/\/exis.hu\/#organization"},"potentialAction":[{"@type":"SearchAction","target":{"@type":"EntryPoint","urlTemplate":"https:\/\/exis.hu\/?s={search_term_string}"},"query-input":{"@type":"PropertyValueSpecification","valueRequired":true,"valueName":"search_term_string"}}],"inLanguage":"de"},{"@type":"Organization","@id":"https:\/\/exis.hu\/#organization","name":"Exis.hu - We solve IT","url":"https:\/\/exis.hu\/","logo":{"@type":"ImageObject","inLanguage":"de","@id":"https:\/\/exis.hu\/#\/schema\/logo\/image\/","url":"https:\/\/exis.hu\/wp-content\/uploads\/2022\/04\/logo_1000x1000.png","contentUrl":"https:\/\/exis.hu\/wp-content\/uploads\/2022\/04\/logo_1000x1000.png","width":4168,"height":4167,"caption":"Exis.hu - We solve IT"},"image":{"@id":"https:\/\/exis.hu\/#\/schema\/logo\/image\/"}}]}},"_links":{"self":[{"href":"https:\/\/exis.hu\/de\/wp-json\/wp\/v2\/pages\/5232","targetHints":{"allow":["GET"]}}],"collection":[{"href":"https:\/\/exis.hu\/de\/wp-json\/wp\/v2\/pages"}],"about":[{"href":"https:\/\/exis.hu\/de\/wp-json\/wp\/v2\/types\/page"}],"author":[{"embeddable":true,"href":"https:\/\/exis.hu\/de\/wp-json\/wp\/v2\/users\/2"}],"replies":[{"embeddable":true,"href":"https:\/\/exis.hu\/de\/wp-json\/wp\/v2\/comments?post=5232"}],"version-history":[{"count":6,"href":"https:\/\/exis.hu\/de\/wp-json\/wp\/v2\/pages\/5232\/revisions"}],"predecessor-version":[{"id":5636,"href":"https:\/\/exis.hu\/de\/wp-json\/wp\/v2\/pages\/5232\/revisions\/5636"}],"up":[{"embeddable":true,"href":"https:\/\/exis.hu\/de\/wp-json\/wp\/v2\/pages\/5220"}],"wp:attachment":[{"href":"https:\/\/exis.hu\/de\/wp-json\/wp\/v2\/media?parent=5232"}],"curies":[{"name":"wp","href":"https:\/\/api.w.org\/{rel}","templated":true}]}}