{"id":5235,"date":"2025-06-17T15:14:42","date_gmt":"2025-06-17T13:14:42","guid":{"rendered":"https:\/\/exis.hu\/szakteruleteink\/rendszerbiztonsag-copy\/"},"modified":"2025-06-23T12:25:38","modified_gmt":"2025-06-23T10:25:38","slug":"systemsicherheit","status":"publish","type":"page","link":"https:\/\/exis.hu\/de\/unsere-dienstleistungen\/systemsicherheit\/","title":{"rendered":"Systemsicherheit"},"content":{"rendered":"\t\t<div data-elementor-type=\"wp-page\" data-elementor-id=\"5235\" class=\"elementor elementor-5235 elementor-897\">\n\t\t\t\t\t\t<section class=\"elementor-section elementor-top-section elementor-element elementor-element-02767ca elementor-section-full_width elementor-section-height-default elementor-section-height-default\" data-id=\"02767ca\" data-element_type=\"section\">\n\t\t\t\t\t\t<div class=\"elementor-container elementor-column-gap-default\">\n\t\t\t\t\t<div class=\"elementor-column elementor-col-100 elementor-top-column elementor-element elementor-element-1126ef7\" data-id=\"1126ef7\" data-element_type=\"column\">\n\t\t\t<div class=\"elementor-widget-wrap\">\n\t\t\t\t\t\t\t<\/div>\n\t\t<\/div>\n\t\t\t\t\t<\/div>\n\t\t<\/section>\n\t\t\t\t<section class=\"elementor-section elementor-top-section elementor-element elementor-element-b2f49f4 elementor-section-full_width elementor-section-height-default elementor-section-height-default\" data-id=\"b2f49f4\" data-element_type=\"section\">\n\t\t\t\t\t\t<div class=\"elementor-container elementor-column-gap-default\">\n\t\t\t\t\t<div class=\"elementor-column elementor-col-100 elementor-top-column elementor-element elementor-element-159c2b8\" data-id=\"159c2b8\" data-element_type=\"column\">\n\t\t\t<div class=\"elementor-widget-wrap elementor-element-populated\">\n\t\t\t\t\t\t<div class=\"elementor-element elementor-element-9aa2133 elementor-widget elementor-widget-reeko_service_details_v1\" data-id=\"9aa2133\" data-element_type=\"widget\" data-widget_type=\"reeko_service_details_v1.default\">\n\t\t\t\t<div class=\"elementor-widget-container\">\n\t\t\t\t\t        \n        <!-- Sidebar Page Container -->\n\t\t<div class=\"sidebar-page-container\">\n\t\t\t<div class=\"auto-container\">\n\t\t\t\t<div class=\"row clearfix\">\n\n\t\t\t\t\t<!-- Sidebar Side \/ Left Sidebar -->\n\t\t\t\t\t<div class=\"sidebar-side left-sidebar col-xl-4 col-lg-4 col-md-12 col-sm-12\">\n\t\t\t\t\t\t<aside class=\"sidebar sticky-top\">\n\t\t\t\t\t\t\t<div id=\"nav_menu-8\" class=\"service-widget sidebar-widget widget-1 widget_nav_menu\"><\/div><div id=\"reeko_download_brouchers-2\" class=\"service-widget sidebar-widget widget-1 widget_reeko_download_brouchers\">\t\t\n\t\t<!-- Pdf Widget -->\n\t\t<div class=\"pdf-widget\">\n\t\t\t<div class=\"widget-content\">\n\t\t\t\t<h3>Downloadable documents<\/h3>\n\t\t\t\t<div class=\"pdf-file-list\">\n\t\t\t\t\t<a href=\"https:\/\/exis.hu\/wp-content\/uploads\/2022\/06\/Exis.hu_-1.pdf\">Exis.hu Information sheet<\/a>\n\t\t\t\t\t<a href=\"\"><\/a>\n\t\t\t\t<\/div>\n\t\t\t<\/div>\n\t\t<\/div>\n\n        <\/div><div id=\"reeko_emergency_call-2\" class=\"service-widget sidebar-widget widget-1 widget_reeko_emergency_call\">        \n\t\t<!-- Phone Widget -->\n\t\t<div class=\"phone-widget\">\n\t\t\t<div class=\"widget-content\">\n\t\t\t\t<h3>If you choose <br>to be contacted immediately<\/h3>\n\t\t\t\t<!-- Phone Box -->\n\t\t\t\t<div class=\"phone-box\">\n\t\t\t\t\t<div class=\"box-inner\">\n\t\t\t\t\t\t<span class=\"icon flaticon-call-1\"><\/span>\n\t\t\t\t\t\tHotline\t\t\t\t\t\t<strong><a href=\"tel:3614477055\">+36 1 44 77 055<\/a><\/strong>\n\t\t\t\t\t<\/div>\n\t\t\t\t<\/div>\n\t\t\t<\/div>\n\t\t<\/div>\n\n        <\/div>\t\t\t\t\t\t<\/aside>\n\t\t\t\t\t<\/div>\n\n\t\t\t\t\t<!-- Content Side \/ Right Sidebar -->\n\t\t\t\t\t<div class=\"content-side right-sidebar col-xl-8 col-lg-8 col-md-12 col-sm-12\">\n\t\t\t\t\t\t<div class=\"service-detail\">\n\t\t\t\t\t\t\t<div class=\"inner-box\">\n\t\t\t\t\t\t\t\t<h2>Systemsicherheit<\/h2>\n\t\t\t\t\t\t\t\t<p>Sind Sie sicher, dass in Ihrem Unternehmen kein Ereignis eintreten kann, das die Betriebsabl\u00e4ufe gef\u00e4hrden k\u00f6nnte? K\u00f6nnen Sie wirklich ruhig bleiben, wenn ein Kollege versehentlich den Firmenlaptop verliert oder bei einem pl\u00f6tzlichen Wasserschaden wichtige Aufzeichnungen besch\u00e4digt werden? Dies sind nur zwei Beispiele von vielen m\u00f6glichen Risiken, die, wenn man unvorbereitet trifft, nicht nur gro\u00dfen Chaos und Umsatzeinbu\u00dfen verursachen, sondern auch irreparable Sch\u00e4den nach sich ziehen k\u00f6nnen. Dar\u00fcber hinaus gibt es zahlreiche weitere potenzielle Gefahren, deren fr\u00fchzeitige Vermeidung oder angemessene Wiederherstellung die Gesch\u00e4ftskontinuit\u00e4t garantiert. Sie sind hier genau richtig, wenn Sie bisher noch nicht an all dies gedacht haben.<\/p>\n\t\t\t\t\t\t\t\t<div class=\"image\">\n\t\t\t\t\t\t\t\t\t<img decoding=\"async\" src=\"https:\/\/exis.hu\/wp-content\/uploads\/2021\/06\/service-1.jpg\" alt=\"Awesome Image\" \/>\n\t\t\t\t\t\t\t\t<\/div>\n\t\t\t\t\t\t\t\t<p>Sie sind auch in besten H\u00e4nden, wenn Sie Ihre IT-Sicherheitsma\u00dfnahmen \u00fcberpr\u00fcfen oder aktualisieren lassen m\u00f6chten. Dank unseres Wissens und unserer langj\u00e4hrigen Erfahrung wissen wir genau, wovon wir sprechen \u2013 und wir wissen, dass das Schlimmste immer dann passiert, wenn man es am wenigsten erwartet. Mit unserer Unterst\u00fctzung k\u00f6nnen Sie sich auf diese unvorhergesehenen Situationen vorbereiten und so den sicheren Betrieb Ihres Unternehmens gew\u00e4hrleisten.\n\n\n\n\n\n\n\n\n\n<\/p>\n\t\t\t\t\t\t\t\t<div class=\"gallery-box\">\n\t\t\t\t\t\t\t\t\t<div class=\"row clearfix\">\n\n\t\t\t\t\t\t\t\t\t\t<!-- Image Column -->\n\t\t\t\t\t\t\t\t\t\t<div class=\"image-column col-lg-4 col-md-4 col-sm-6\">\n\t\t\t\t\t\t\t\t\t\t\t<img decoding=\"async\" src=\"https:\/\/exis.hu\/wp-content\/uploads\/2021\/06\/service-2.jpg\" alt=\"Awesome Image\" \/>\n\t\t\t\t\t\t\t\t\t\t<\/div>\n\t\t\t\t\t\t\t\t\t\t<!-- Image Column -->\n\t\t\t\t\t\t\t\t\t\t<div class=\"image-column col-lg-4 col-md-4 col-sm-6\">\n\t\t\t\t\t\t\t\t\t\t\t<img decoding=\"async\" src=\"https:\/\/exis.hu\/wp-content\/uploads\/2021\/06\/service-3.jpg\" alt=\"Awesome Image\" \/>\n\t\t\t\t\t\t\t\t\t\t<\/div>\n\t\t\t\t\t\t\t\t\t\t<!-- Image Column -->\n\t\t\t\t\t\t\t\t\t\t<div class=\"image-column col-lg-4 col-md-4 col-sm-6\">\n\t\t\t\t\t\t\t\t\t\t\t<img decoding=\"async\" src=\"https:\/\/exis.hu\/wp-content\/uploads\/2021\/06\/service-4.jpg\" alt=\"Awesome Image\" \/>\n\t\t\t\t\t\t\t\t\t\t<\/div>\n\n\t\t\t\t\t\t\t\t\t<\/div>\n\t\t\t\t\t\t\t\t<\/div>\n\n\t\t\t\t\t\t\t\t<!-- Two Column -->\n\t\t\t\t\t\t\t\t<div class=\"two-column\">\n\t\t\t\t\t\t\t\t\t<div class=\"row clearfix\">\n\t\t\t\t\t\t\t\t\t\t<!-- Content Column -->\n\t\t\t\t\t\t\t\t\t\t<div class=\"content-column col-lg-6 col-md-6 col-sm-12\">\n\t\t\t\t\t\t\t\t\t\t\t\t\t\t\t\t\t\t\t\t\t\t<ul class=\"list-style-one\">\n\t\t\t\t\t\t\t\t\t\t\t\t\t\t\t\t\t\t\t\t\t\t\t\t<li>Schaffung der Voraussetzungen f\u00fcr einen sicheren Betrieb<\/li>\n\t\t\t\t\t\t\t\t\t\t\t\t\t\t\t\t\t\t\t\t\t\t\t\t<li>Cloudbasierte L\u00f6sungen (Backups, Systemspiegelung)<\/li>\n\t\t\t\t\t\t\t\t\t\t\t\t\t\t\t\t\t\t\t\t\t\t\t\t<li>Software- und physischer Datenschutz<\/li>\n\t\t\t\t\t\t\t\t\t\t\t\t\t\t\t\t\t\t\t\t\t\t\t\t<li>Katastrophenschutz- und Business-Continuity-Planung<\/li>\n\t\t\t\t\t\t\t\t\t\t\t\t\t\t\t\t\t\t\t\t\t\t\t<\/ul>\n\t\t\t\t\t\t\t\t\t\t\t\t\t\t\t\t\t\t\t\t\t<\/div>\n\t\t\t\t\t\t\t\t\t\t<!-- Image Column -->\n\t\t\t\t\t\t\t\t\t\t<div class=\"image-column col-lg-6 col-md-6 col-sm-12\">\n\t\t\t\t\t\t\t\t\t\t\t<img decoding=\"async\" src=\"https:\/\/exis.hu\/wp-content\/uploads\/2022\/05\/karbantartas-exis.hu_.jpg\" alt=\"Awesome Image\" \/>\n\t\t\t\t\t\t\t\t\t\t<\/div>\n\t\t\t\t\t\t\t\t\t<\/div>\n\t\t\t\t\t\t\t\t<\/div>\n\t\t\t\t\t\t\t\t<!-- End Two Column -->\n\t\t\t\t\t\t\t\t<p>Systemeinf\u00fchrungsaufgaben sind meist an strenge Fristen gebunden, weshalb es h\u00e4ufig vorkommt, dass die Systemsicherheit ohne ausgereiftes Konzept direkt kurz vor dem Live-Gang un\u00fcberlegt implementiert wird. Im schlimmsten Fall wird die Einf\u00fchrung sogar verschoben, ohne dabei die damit verbundenen Risiken zu bedenken.<\/p>\n\t\t\t\t\t\t\t\t\n\t\t\t\t\t\t\t\t\t\t\t\t\t\t\t\t<!-- Accordian Box -->\n\t\t\t\t\t\t\t\t<ul class=\"accordion-box\">\n\t\t\t\t\t\t\t\t\t\t\t\t\t\t\t\t\t\t<!-- Block -->\n\t\t\t\t\t\t\t\t\t<li class=\"accordion block active-block\">\n\t\t\t\t\t\t\t\t\t\t<div class=\"acc-btn active\"><div class=\"icon-outer\"><span class=\"icon icon-plus fa fa-plus\"><\/span> <span class=\"icon icon-minus fa fa-minus\"><\/span><\/div>Wer ist ein CIO?<\/div>\n\t\t\t\t\t\t\t\t\t\t<div class=\"acc-content current\">\n\t\t\t\t\t\t\t\t\t\t\t<div class=\"content\">\n\t\t\t\t\t\t\t\t\t\t\t\t<div class=\"accordian-text\">Der Chief Information Officer ist eine F\u00fchrungskraft, die von den Gesch\u00e4ftsentscheidern als gleichwertiger Partner angesehen wird, da sie IT-Fragen nicht nur aus technischer, sondern auch aus gesch\u00e4ftlicher Sicht beurteilen und angehen kann. Es handelt sich um eine F\u00fchrungsperson, die kontinuierlich neue und verschiedene Technologien beobachtet und analysiert, um zu bewerten, welchen gesch\u00e4ftlichen Nutzen deren Einf\u00fchrung f\u00fcr das jeweilige Unternehmen bringen k\u00f6nnte.<\/div>\n\t\t\t\t\t\t\t\t\t\t\t<\/div>\n\t\t\t\t\t\t\t\t\t\t<\/div>\n\t\t\t\t\t\t\t\t\t<\/li>\n\t\t\t\t\t\t\t\t\t\t\t\t\t\t\t\t\t\t<!-- Block -->\n\t\t\t\t\t\t\t\t\t<li class=\"accordion block \">\n\t\t\t\t\t\t\t\t\t\t<div class=\"acc-btn \"><div class=\"icon-outer\"><span class=\"icon icon-plus fa fa-plus\"><\/span> <span class=\"icon icon-minus fa fa-minus\"><\/span><\/div>Was bedeutet Systemsicherheitsaudit?<\/div>\n\t\t\t\t\t\t\t\t\t\t<div class=\"acc-content \">\n\t\t\t\t\t\t\t\t\t\t\t<div class=\"content\">\n\t\t\t\t\t\t\t\t\t\t\t\t<div class=\"accordian-text\">Unsere Experten k\u00f6nnen Ihnen dabei helfen, problematische Bereiche zu identifizieren, detaillierte Untersuchungen durchzuf\u00fchren und erkannte Sicherheitsm\u00e4ngel zu beheben.<\/div>\n\t\t\t\t\t\t\t\t\t\t\t<\/div>\n\t\t\t\t\t\t\t\t\t\t<\/div>\n\t\t\t\t\t\t\t\t\t<\/li>\n\t\t\t\t\t\t\t\t\t\t\t\t\t\t\t\t\t\t<!-- Block -->\n\t\t\t\t\t\t\t\t\t<li class=\"accordion block \">\n\t\t\t\t\t\t\t\t\t\t<div class=\"acc-btn \"><div class=\"icon-outer\"><span class=\"icon icon-plus fa fa-plus\"><\/span> <span class=\"icon icon-minus fa fa-minus\"><\/span><\/div>Welche Bereiche umfasst ein Systemsicherheitsaudit?<\/div>\n\t\t\t\t\t\t\t\t\t\t<div class=\"acc-content \">\n\t\t\t\t\t\t\t\t\t\t\t<div class=\"content\">\n\t\t\t\t\t\t\t\t\t\t\t\t<div class=\"accordian-text\">Es umfasst die \u00dcberpr\u00fcfung der Verfahren, die Sicherheitsstandards und -richtlinien festlegen. Ebenso beinhaltet es die \u00dcberpr\u00fcfung und gegebenenfalls Erstellung des Berechtigungskonzepts, der Zugangskontrollen sowie der kritischen Zugriffsrechte.<\/div>\n\t\t\t\t\t\t\t\t\t\t\t<\/div>\n\t\t\t\t\t\t\t\t\t\t<\/div>\n\t\t\t\t\t\t\t\t\t<\/li>\n\t\t\t\t\t\t\t\t\t\t\t\t\t\t\t\t\t\t<!-- Block -->\n\t\t\t\t\t\t\t\t\t<li class=\"accordion block \">\n\t\t\t\t\t\t\t\t\t\t<div class=\"acc-btn \"><div class=\"icon-outer\"><span class=\"icon icon-plus fa fa-plus\"><\/span> <span class=\"icon icon-minus fa fa-minus\"><\/span><\/div>Ist das Sicherheitsaudit anpassbar?<\/div>\n\t\t\t\t\t\t\t\t\t\t<div class=\"acc-content \">\n\t\t\t\t\t\t\t\t\t\t\t<div class=\"content\">\n\t\t\t\t\t\t\t\t\t\t\t\t<div class=\"accordian-text\">Nat\u00fcrlich ja. Allerdings gibt es Eckpunkte der Systemsicherheit, die auf jeden Fall durchgef\u00fchrt werden m\u00fcssen, w\u00e4hrend die Tests je nach Firmenprofil nach Bedarf erweitert werden k\u00f6nnen.<\/div>\n\t\t\t\t\t\t\t\t\t\t\t<\/div>\n\t\t\t\t\t\t\t\t\t\t<\/div>\n\t\t\t\t\t\t\t\t\t<\/li>\n\t\t\t\t\t\t\t\t\t\t\t\t\t\t\t\t\t<\/ul>\n\t\t\t\t\t\t\t\t\t\t\t\t\t\t\t\t\n\t\t\t\t\t\t\t<\/div>\n\t\t\t\t\t\t<\/div>\n\t\t\t\t\t<\/div>\n\n\t\t\t\t<\/div>\n\t\t\t<\/div>\n\t\t<\/div>\n\n        \t\t\t\t<\/div>\n\t\t\t\t<\/div>\n\t\t\t\t\t<\/div>\n\t\t<\/div>\n\t\t\t\t\t<\/div>\n\t\t<\/section>\n\t\t\t\t<\/div>\n\t\t","protected":false},"excerpt":{"rendered":"<p>Downloadable documents Exis.hu Information sheet If you choose to be contacted immediately Hotline +36 1 44 77 055 Systemsicherheit Sind Sie sicher, dass in Ihrem Unternehmen kein Ereignis eintreten kann, das die Betriebsabl\u00e4ufe gef\u00e4hrden k\u00f6nnte? K\u00f6nnen Sie wirklich ruhig bleiben, wenn ein Kollege versehentlich den Firmenlaptop verliert oder bei einem pl\u00f6tzlichen Wasserschaden wichtige Aufzeichnungen besch\u00e4digt [&hellip;]<\/p>\n","protected":false},"author":2,"featured_media":0,"parent":5220,"menu_order":0,"comment_status":"closed","ping_status":"closed","template":"tpl-default-elementor.php","meta":{"footnotes":""},"class_list":["post-5235","page","type-page","status-publish","hentry"],"yoast_head":"<!-- This site is optimized with the Yoast SEO plugin v25.3.1 - https:\/\/yoast.com\/wordpress\/plugins\/seo\/ -->\n<title>Systemsicherheit - Exis.hu \u2013 We solve IT<\/title>\n<meta name=\"robots\" content=\"index, follow, max-snippet:-1, max-image-preview:large, max-video-preview:-1\" \/>\n<link rel=\"canonical\" href=\"https:\/\/exis.hu\/de\/unsere-dienstleistungen\/systemsicherheit\/\" \/>\n<meta property=\"og:locale\" content=\"de_DE\" \/>\n<meta property=\"og:type\" content=\"article\" \/>\n<meta property=\"og:title\" content=\"Systemsicherheit - Exis.hu \u2013 We solve IT\" \/>\n<meta property=\"og:description\" content=\"Downloadable documents Exis.hu Information sheet If you choose to be contacted immediately Hotline +36 1 44 77 055 Systemsicherheit Sind Sie sicher, dass in Ihrem Unternehmen kein Ereignis eintreten kann, das die Betriebsabl\u00e4ufe gef\u00e4hrden k\u00f6nnte? K\u00f6nnen Sie wirklich ruhig bleiben, wenn ein Kollege versehentlich den Firmenlaptop verliert oder bei einem pl\u00f6tzlichen Wasserschaden wichtige Aufzeichnungen besch\u00e4digt [&hellip;]\" \/>\n<meta property=\"og:url\" content=\"https:\/\/exis.hu\/de\/unsere-dienstleistungen\/systemsicherheit\/\" \/>\n<meta property=\"og:site_name\" content=\"Exis.hu \u2013 We solve IT\" \/>\n<meta property=\"article:modified_time\" content=\"2025-06-23T10:25:38+00:00\" \/>\n<meta property=\"og:image\" content=\"https:\/\/exis.hu\/wp-content\/uploads\/2021\/06\/service-1.jpg\" \/>\n<meta name=\"twitter:card\" content=\"summary_large_image\" \/>\n<meta name=\"twitter:label1\" content=\"Gesch\u00e4tzte Lesezeit\" \/>\n\t<meta name=\"twitter:data1\" content=\"4\u00a0Minuten\" \/>\n<script type=\"application\/ld+json\" class=\"yoast-schema-graph\">{\"@context\":\"https:\/\/schema.org\",\"@graph\":[{\"@type\":\"WebPage\",\"@id\":\"https:\/\/exis.hu\/de\/unsere-dienstleistungen\/systemsicherheit\/\",\"url\":\"https:\/\/exis.hu\/de\/unsere-dienstleistungen\/systemsicherheit\/\",\"name\":\"Systemsicherheit - Exis.hu \u2013 We solve IT\",\"isPartOf\":{\"@id\":\"https:\/\/exis.hu\/#website\"},\"primaryImageOfPage\":{\"@id\":\"https:\/\/exis.hu\/de\/unsere-dienstleistungen\/systemsicherheit\/#primaryimage\"},\"image\":{\"@id\":\"https:\/\/exis.hu\/de\/unsere-dienstleistungen\/systemsicherheit\/#primaryimage\"},\"thumbnailUrl\":\"https:\/\/exis.hu\/wp-content\/uploads\/2021\/06\/service-1.jpg\",\"datePublished\":\"2025-06-17T13:14:42+00:00\",\"dateModified\":\"2025-06-23T10:25:38+00:00\",\"breadcrumb\":{\"@id\":\"https:\/\/exis.hu\/de\/unsere-dienstleistungen\/systemsicherheit\/#breadcrumb\"},\"inLanguage\":\"de\",\"potentialAction\":[{\"@type\":\"ReadAction\",\"target\":[\"https:\/\/exis.hu\/de\/unsere-dienstleistungen\/systemsicherheit\/\"]}]},{\"@type\":\"ImageObject\",\"inLanguage\":\"de\",\"@id\":\"https:\/\/exis.hu\/de\/unsere-dienstleistungen\/systemsicherheit\/#primaryimage\",\"url\":\"https:\/\/exis.hu\/wp-content\/uploads\/2021\/06\/service-1.jpg\",\"contentUrl\":\"https:\/\/exis.hu\/wp-content\/uploads\/2021\/06\/service-1.jpg\"},{\"@type\":\"BreadcrumbList\",\"@id\":\"https:\/\/exis.hu\/de\/unsere-dienstleistungen\/systemsicherheit\/#breadcrumb\",\"itemListElement\":[{\"@type\":\"ListItem\",\"position\":1,\"name\":\"Unsere Dienstleistungen\",\"item\":\"https:\/\/exis.hu\/de\/unsere-dienstleistungen\/\"},{\"@type\":\"ListItem\",\"position\":2,\"name\":\"Systemsicherheit\"}]},{\"@type\":\"WebSite\",\"@id\":\"https:\/\/exis.hu\/#website\",\"url\":\"https:\/\/exis.hu\/\",\"name\":\"Exis.hu \u2013 We solve IT\",\"description\":\"\",\"publisher\":{\"@id\":\"https:\/\/exis.hu\/#organization\"},\"potentialAction\":[{\"@type\":\"SearchAction\",\"target\":{\"@type\":\"EntryPoint\",\"urlTemplate\":\"https:\/\/exis.hu\/?s={search_term_string}\"},\"query-input\":{\"@type\":\"PropertyValueSpecification\",\"valueRequired\":true,\"valueName\":\"search_term_string\"}}],\"inLanguage\":\"de\"},{\"@type\":\"Organization\",\"@id\":\"https:\/\/exis.hu\/#organization\",\"name\":\"Exis.hu - We solve IT\",\"url\":\"https:\/\/exis.hu\/\",\"logo\":{\"@type\":\"ImageObject\",\"inLanguage\":\"de\",\"@id\":\"https:\/\/exis.hu\/#\/schema\/logo\/image\/\",\"url\":\"https:\/\/exis.hu\/wp-content\/uploads\/2022\/04\/logo_1000x1000.png\",\"contentUrl\":\"https:\/\/exis.hu\/wp-content\/uploads\/2022\/04\/logo_1000x1000.png\",\"width\":4168,\"height\":4167,\"caption\":\"Exis.hu - We solve IT\"},\"image\":{\"@id\":\"https:\/\/exis.hu\/#\/schema\/logo\/image\/\"}}]}<\/script>\n<!-- \/ Yoast SEO plugin. -->","yoast_head_json":{"title":"Systemsicherheit - Exis.hu \u2013 We solve IT","robots":{"index":"index","follow":"follow","max-snippet":"max-snippet:-1","max-image-preview":"max-image-preview:large","max-video-preview":"max-video-preview:-1"},"canonical":"https:\/\/exis.hu\/de\/unsere-dienstleistungen\/systemsicherheit\/","og_locale":"de_DE","og_type":"article","og_title":"Systemsicherheit - Exis.hu \u2013 We solve IT","og_description":"Downloadable documents Exis.hu Information sheet If you choose to be contacted immediately Hotline +36 1 44 77 055 Systemsicherheit Sind Sie sicher, dass in Ihrem Unternehmen kein Ereignis eintreten kann, das die Betriebsabl\u00e4ufe gef\u00e4hrden k\u00f6nnte? K\u00f6nnen Sie wirklich ruhig bleiben, wenn ein Kollege versehentlich den Firmenlaptop verliert oder bei einem pl\u00f6tzlichen Wasserschaden wichtige Aufzeichnungen besch\u00e4digt [&hellip;]","og_url":"https:\/\/exis.hu\/de\/unsere-dienstleistungen\/systemsicherheit\/","og_site_name":"Exis.hu \u2013 We solve IT","article_modified_time":"2025-06-23T10:25:38+00:00","og_image":[{"url":"https:\/\/exis.hu\/wp-content\/uploads\/2021\/06\/service-1.jpg","type":"","width":"","height":""}],"twitter_card":"summary_large_image","twitter_misc":{"Gesch\u00e4tzte Lesezeit":"4\u00a0Minuten"},"schema":{"@context":"https:\/\/schema.org","@graph":[{"@type":"WebPage","@id":"https:\/\/exis.hu\/de\/unsere-dienstleistungen\/systemsicherheit\/","url":"https:\/\/exis.hu\/de\/unsere-dienstleistungen\/systemsicherheit\/","name":"Systemsicherheit - Exis.hu \u2013 We solve IT","isPartOf":{"@id":"https:\/\/exis.hu\/#website"},"primaryImageOfPage":{"@id":"https:\/\/exis.hu\/de\/unsere-dienstleistungen\/systemsicherheit\/#primaryimage"},"image":{"@id":"https:\/\/exis.hu\/de\/unsere-dienstleistungen\/systemsicherheit\/#primaryimage"},"thumbnailUrl":"https:\/\/exis.hu\/wp-content\/uploads\/2021\/06\/service-1.jpg","datePublished":"2025-06-17T13:14:42+00:00","dateModified":"2025-06-23T10:25:38+00:00","breadcrumb":{"@id":"https:\/\/exis.hu\/de\/unsere-dienstleistungen\/systemsicherheit\/#breadcrumb"},"inLanguage":"de","potentialAction":[{"@type":"ReadAction","target":["https:\/\/exis.hu\/de\/unsere-dienstleistungen\/systemsicherheit\/"]}]},{"@type":"ImageObject","inLanguage":"de","@id":"https:\/\/exis.hu\/de\/unsere-dienstleistungen\/systemsicherheit\/#primaryimage","url":"https:\/\/exis.hu\/wp-content\/uploads\/2021\/06\/service-1.jpg","contentUrl":"https:\/\/exis.hu\/wp-content\/uploads\/2021\/06\/service-1.jpg"},{"@type":"BreadcrumbList","@id":"https:\/\/exis.hu\/de\/unsere-dienstleistungen\/systemsicherheit\/#breadcrumb","itemListElement":[{"@type":"ListItem","position":1,"name":"Unsere Dienstleistungen","item":"https:\/\/exis.hu\/de\/unsere-dienstleistungen\/"},{"@type":"ListItem","position":2,"name":"Systemsicherheit"}]},{"@type":"WebSite","@id":"https:\/\/exis.hu\/#website","url":"https:\/\/exis.hu\/","name":"Exis.hu \u2013 We solve IT","description":"","publisher":{"@id":"https:\/\/exis.hu\/#organization"},"potentialAction":[{"@type":"SearchAction","target":{"@type":"EntryPoint","urlTemplate":"https:\/\/exis.hu\/?s={search_term_string}"},"query-input":{"@type":"PropertyValueSpecification","valueRequired":true,"valueName":"search_term_string"}}],"inLanguage":"de"},{"@type":"Organization","@id":"https:\/\/exis.hu\/#organization","name":"Exis.hu - We solve IT","url":"https:\/\/exis.hu\/","logo":{"@type":"ImageObject","inLanguage":"de","@id":"https:\/\/exis.hu\/#\/schema\/logo\/image\/","url":"https:\/\/exis.hu\/wp-content\/uploads\/2022\/04\/logo_1000x1000.png","contentUrl":"https:\/\/exis.hu\/wp-content\/uploads\/2022\/04\/logo_1000x1000.png","width":4168,"height":4167,"caption":"Exis.hu - We solve IT"},"image":{"@id":"https:\/\/exis.hu\/#\/schema\/logo\/image\/"}}]}},"_links":{"self":[{"href":"https:\/\/exis.hu\/de\/wp-json\/wp\/v2\/pages\/5235","targetHints":{"allow":["GET"]}}],"collection":[{"href":"https:\/\/exis.hu\/de\/wp-json\/wp\/v2\/pages"}],"about":[{"href":"https:\/\/exis.hu\/de\/wp-json\/wp\/v2\/types\/page"}],"author":[{"embeddable":true,"href":"https:\/\/exis.hu\/de\/wp-json\/wp\/v2\/users\/2"}],"replies":[{"embeddable":true,"href":"https:\/\/exis.hu\/de\/wp-json\/wp\/v2\/comments?post=5235"}],"version-history":[{"count":7,"href":"https:\/\/exis.hu\/de\/wp-json\/wp\/v2\/pages\/5235\/revisions"}],"predecessor-version":[{"id":5349,"href":"https:\/\/exis.hu\/de\/wp-json\/wp\/v2\/pages\/5235\/revisions\/5349"}],"up":[{"embeddable":true,"href":"https:\/\/exis.hu\/de\/wp-json\/wp\/v2\/pages\/5220"}],"wp:attachment":[{"href":"https:\/\/exis.hu\/de\/wp-json\/wp\/v2\/media?parent=5235"}],"curies":[{"name":"wp","href":"https:\/\/api.w.org\/{rel}","templated":true}]}}