{"id":5236,"date":"2025-06-17T15:14:54","date_gmt":"2025-06-17T13:14:54","guid":{"rendered":"https:\/\/exis.hu\/szakteruleteink\/projectfeladatok-copy\/"},"modified":"2025-06-23T12:34:57","modified_gmt":"2025-06-23T10:34:57","slug":"projektaufgaben","status":"publish","type":"page","link":"https:\/\/exis.hu\/de\/unsere-dienstleistungen\/projektaufgaben\/","title":{"rendered":"Projektaufgaben"},"content":{"rendered":"\t\t<div data-elementor-type=\"wp-page\" data-elementor-id=\"5236\" class=\"elementor elementor-5236 elementor-719\">\n\t\t\t\t\t\t<section class=\"elementor-section elementor-top-section elementor-element elementor-element-02767ca elementor-section-full_width elementor-section-height-default elementor-section-height-default\" data-id=\"02767ca\" data-element_type=\"section\">\n\t\t\t\t\t\t<div class=\"elementor-container elementor-column-gap-default\">\n\t\t\t\t\t<div class=\"elementor-column elementor-col-100 elementor-top-column elementor-element elementor-element-1126ef7\" data-id=\"1126ef7\" data-element_type=\"column\">\n\t\t\t<div class=\"elementor-widget-wrap elementor-element-populated\">\n\t\t\t\t\t\t<div class=\"elementor-element elementor-element-9aa2133 elementor-widget elementor-widget-reeko_service_details_v1\" data-id=\"9aa2133\" data-element_type=\"widget\" data-widget_type=\"reeko_service_details_v1.default\">\n\t\t\t\t<div class=\"elementor-widget-container\">\n\t\t\t\t\t        \n        <!-- Sidebar Page Container -->\n\t\t<div class=\"sidebar-page-container\">\n\t\t\t<div class=\"auto-container\">\n\t\t\t\t<div class=\"row clearfix\">\n\n\t\t\t\t\t<!-- Sidebar Side \/ Left Sidebar -->\n\t\t\t\t\t<div class=\"sidebar-side left-sidebar col-xl-4 col-lg-4 col-md-12 col-sm-12\">\n\t\t\t\t\t\t<aside class=\"sidebar sticky-top\">\n\t\t\t\t\t\t\t<div id=\"nav_menu-8\" class=\"service-widget sidebar-widget widget-1 widget_nav_menu\"><\/div><div id=\"reeko_download_brouchers-2\" class=\"service-widget sidebar-widget widget-1 widget_reeko_download_brouchers\">\t\t\n\t\t<!-- Pdf Widget -->\n\t\t<div class=\"pdf-widget\">\n\t\t\t<div class=\"widget-content\">\n\t\t\t\t<h3>Downloadable documents<\/h3>\n\t\t\t\t<div class=\"pdf-file-list\">\n\t\t\t\t\t<a href=\"https:\/\/exis.hu\/wp-content\/uploads\/2022\/06\/Exis.hu_-1.pdf\">Exis.hu Information sheet<\/a>\n\t\t\t\t\t<a href=\"\"><\/a>\n\t\t\t\t<\/div>\n\t\t\t<\/div>\n\t\t<\/div>\n\n        <\/div><div id=\"reeko_emergency_call-2\" class=\"service-widget sidebar-widget widget-1 widget_reeko_emergency_call\">        \n\t\t<!-- Phone Widget -->\n\t\t<div class=\"phone-widget\">\n\t\t\t<div class=\"widget-content\">\n\t\t\t\t<h3>If you choose <br>to be contacted immediately<\/h3>\n\t\t\t\t<!-- Phone Box -->\n\t\t\t\t<div class=\"phone-box\">\n\t\t\t\t\t<div class=\"box-inner\">\n\t\t\t\t\t\t<span class=\"icon flaticon-call-1\"><\/span>\n\t\t\t\t\t\tHotline\t\t\t\t\t\t<strong><a href=\"tel:3614477055\">+36 1 44 77 055<\/a><\/strong>\n\t\t\t\t\t<\/div>\n\t\t\t\t<\/div>\n\t\t\t<\/div>\n\t\t<\/div>\n\n        <\/div>\t\t\t\t\t\t<\/aside>\n\t\t\t\t\t<\/div>\n\n\t\t\t\t\t<!-- Content Side \/ Right Sidebar -->\n\t\t\t\t\t<div class=\"content-side right-sidebar col-xl-8 col-lg-8 col-md-12 col-sm-12\">\n\t\t\t\t\t\t<div class=\"service-detail\">\n\t\t\t\t\t\t\t<div class=\"inner-box\">\n\t\t\t\t\t\t\t\t<h2>Wenn Sie ein flexibles Team brauchen\u2026<\/h2>\n\t\t\t\t\t\t\t\t<p>\u2026dann sind wir die beste Wahl. Wir wissen, dass die Umsetzung neuer Ideen stets mit erheblichen finanziellen Aufwendungen verbunden sein kann. Das Team von Exis.hu findet stets die f\u00fcr Sie passendste L\u00f6sung (was m\u00f6glich ist vs. was sich lohnt). Eine gut getimte Entwicklung oder eine durchdachte Kapazit\u00e4tserweiterung kann auch f\u00fcr Ihr Unternehmen einen bedeutenden Fortschritt und Wachstum bedeuten.<\/p>\n\t\t\t\t\t\t\t\t<div class=\"image\">\n\t\t\t\t\t\t\t\t\t<img decoding=\"async\" src=\"https:\/\/exis.hu\/wp-content\/uploads\/2022\/05\/projectek-exis.hu_.jpg\" alt=\"Awesome Image\" \/>\n\t\t\t\t\t\t\t\t<\/div>\n\t\t\t\t\t\t\t\t<p>Unsere Fachleute stehen Ihnen gerne zur Verf\u00fcgung, wenn Sie keine IT-Neuheiten verpassen m\u00f6chten, Ihre bestehende Infrastruktur modernisieren wollen oder von den vielen neuen M\u00f6glichkeiten profitieren m\u00f6chten, die Ihren Arbeitsalltag und den Ihrer Kollegen erleichtern k\u00f6nnen.<\/p>\n\t\t\t\t\t\t\t\t<div class=\"gallery-box\">\n\t\t\t\t\t\t\t\t\t<div class=\"row clearfix\">\n\n\t\t\t\t\t\t\t\t\t\t<!-- Image Column -->\n\t\t\t\t\t\t\t\t\t\t<div class=\"image-column col-lg-4 col-md-4 col-sm-6\">\n\t\t\t\t\t\t\t\t\t\t\t<img decoding=\"async\" src=\"https:\/\/exis.hu\/wp-content\/uploads\/2021\/06\/service-2.jpg\" alt=\"Awesome Image\" \/>\n\t\t\t\t\t\t\t\t\t\t<\/div>\n\t\t\t\t\t\t\t\t\t\t<!-- Image Column -->\n\t\t\t\t\t\t\t\t\t\t<div class=\"image-column col-lg-4 col-md-4 col-sm-6\">\n\t\t\t\t\t\t\t\t\t\t\t<img decoding=\"async\" src=\"https:\/\/exis.hu\/wp-content\/uploads\/2021\/06\/service-3.jpg\" alt=\"Awesome Image\" \/>\n\t\t\t\t\t\t\t\t\t\t<\/div>\n\t\t\t\t\t\t\t\t\t\t<!-- Image Column -->\n\t\t\t\t\t\t\t\t\t\t<div class=\"image-column col-lg-4 col-md-4 col-sm-6\">\n\t\t\t\t\t\t\t\t\t\t\t<img decoding=\"async\" src=\"https:\/\/exis.hu\/wp-content\/uploads\/2022\/05\/server9.jpg\" alt=\"Awesome Image\" \/>\n\t\t\t\t\t\t\t\t\t\t<\/div>\n\n\t\t\t\t\t\t\t\t\t<\/div>\n\t\t\t\t\t\t\t\t<\/div>\n\n\t\t\t\t\t\t\t\t<!-- Two Column -->\n\t\t\t\t\t\t\t\t<div class=\"two-column\">\n\t\t\t\t\t\t\t\t\t<div class=\"row clearfix\">\n\t\t\t\t\t\t\t\t\t\t<!-- Content Column -->\n\t\t\t\t\t\t\t\t\t\t<div class=\"content-column col-lg-6 col-md-6 col-sm-12\">\n\t\t\t\t\t\t\t\t\t\t\t\t\t\t\t\t\t\t\t\t\t\t<ul class=\"list-style-one\">\n\t\t\t\t\t\t\t\t\t\t\t\t\t\t\t\t\t\t\t\t\t\t\t\t<li>Installation und Inbetriebnahme von Software, ERP-, CRM-, Intranet-Systemen usw.<\/li>\n\t\t\t\t\t\t\t\t\t\t\t\t\t\t\t\t\t\t\t\t\t\t\t\t<li>Einrichtung von Ordnersystemen, Entwicklung von Archivierungssystemen, \u00dcberwachung von Backups<\/li>\n\t\t\t\t\t\t\t\t\t\t\t\t\t\t\t\t\t\t\t\t\t\t\t\t<li>Fehlerdiagnose und Reparatur von Ger\u00e4ten, Entfernung von Viren und Spyware<\/li>\n\t\t\t\t\t\t\t\t\t\t\t\t\t\t\t\t\t\t\t\t\t\t\t\t<li>Optimierung der Ger\u00e4te-Nutzung<\/li>\n\t\t\t\t\t\t\t\t\t\t\t\t\t\t\t\t\t\t\t\t\t\t\t<\/ul>\n\t\t\t\t\t\t\t\t\t\t\t\t\t\t\t\t\t\t\t\t\t<\/div>\n\t\t\t\t\t\t\t\t\t\t<!-- Image Column -->\n\t\t\t\t\t\t\t\t\t\t<div class=\"image-column col-lg-6 col-md-6 col-sm-12\">\n\t\t\t\t\t\t\t\t\t\t\t<img decoding=\"async\" src=\"https:\/\/exis.hu\/wp-content\/uploads\/2022\/05\/softver-rendszerek-exis.hu_.jpg\" alt=\"Awesome Image\" \/>\n\t\t\t\t\t\t\t\t\t\t<\/div>\n\t\t\t\t\t\t\t\t\t<\/div>\n\t\t\t\t\t\t\t\t<\/div>\n\t\t\t\t\t\t\t\t<!-- End Two Column -->\n\t\t\t\t\t\t\t\t<p>Haben Sie auch schon einmal daran gedacht, wie praktisch ein neuer, leistungsst\u00e4rkerer Drucker w\u00e4re? Wir helfen Ihnen bei der Auswahl des f\u00fcr Sie passenden Modells und \u00fcbernehmen alles f\u00fcr Sie \u2013 von der Abstimmung mit den Lieferanten \u00fcber die Inbetriebnahme und Wartung bis hin zur Nachbestellung von Verbrauchsmaterialien (Tintenpatronen).\n\nHaben Sie auch schon einmal daran gedacht, wie hilfreich eine digitale Telefonanlage mit Men\u00fcf\u00fchrung w\u00e4re, um der Post-it-\u00c4ra ein Ende zu setzen? Teilen Sie uns Ihre Vorstellungen mit, und wir unterst\u00fctzen Sie bei der Umsetzung!<\/p>\n\t\t\t\t\t\t\t\t\n\t\t\t\t\t\t\t\t\t\t\t\t\t\t\t\t<!-- Accordian Box -->\n\t\t\t\t\t\t\t\t<ul class=\"accordion-box\">\n\t\t\t\t\t\t\t\t\t\t\t\t\t\t\t\t\t\t<!-- Block -->\n\t\t\t\t\t\t\t\t\t<li class=\"accordion block active-block\">\n\t\t\t\t\t\t\t\t\t\t<div class=\"acc-btn active\"><div class=\"icon-outer\"><span class=\"icon icon-plus fa fa-plus\"><\/span> <span class=\"icon icon-minus fa fa-minus\"><\/span><\/div>Ich kenne mich nicht gut mit IT aus, aber ich bin neugierig, ob Sie M\u00f6glichkeiten sehen, die mein Unternehmen voranbringen k\u00f6nnten. Ich habe keine konkreten Vorstellungen \u2013 k\u00f6nnen Sie mir trotzdem helfen?<\/div>\n\t\t\t\t\t\t\t\t\t\t<div class=\"acc-content current\">\n\t\t\t\t\t\t\t\t\t\t\t<div class=\"content\">\n\t\t\t\t\t\t\t\t\t\t\t\t<div class=\"accordian-text\">Wir bem\u00fchen uns stets, unser Wissen auf dem neuesten Stand zu halten, was durch den uners\u00e4ttlichen Wissensdurst und Innovationsdrang unserer Kolleginnen und Kollegen garantiert wird. Ganz gleich, ob Sie bereits eine Vorstellung davon haben, in welchem Bereich Ihr Unternehmen durch IT vorankommen kann oder nicht \u2013 wir helfen Ihnen nicht nur bei der Vision, sondern auch bei der Umsetzung, zum Beispiel bei der Einrichtung eines automatischen Telefonmen\u00fc-Systems.<\/div>\n\t\t\t\t\t\t\t\t\t\t\t<\/div>\n\t\t\t\t\t\t\t\t\t\t<\/div>\n\t\t\t\t\t\t\t\t\t<\/li>\n\t\t\t\t\t\t\t\t\t\t\t\t\t\t\t\t\t\t<!-- Block -->\n\t\t\t\t\t\t\t\t\t<li class=\"accordion block \">\n\t\t\t\t\t\t\t\t\t\t<div class=\"acc-btn \"><div class=\"icon-outer\"><span class=\"icon icon-plus fa fa-plus\"><\/span> <span class=\"icon icon-minus fa fa-minus\"><\/span><\/div>K\u00f6nnen Sie bei der Weiterbildung unserer Kollegen unterst\u00fctzen?<\/div>\n\t\t\t\t\t\t\t\t\t\t<div class=\"acc-content \">\n\t\t\t\t\t\t\t\t\t\t\t<div class=\"content\">\n\t\t\t\t\t\t\t\t\t\t\t\t<div class=\"accordian-text\">Nat\u00fcrlich helfen wir gerne bei der Weiterbildung und Schulung Ihrer Kollegen, insbesondere wenn es um die Einf\u00fchrung und Konfiguration neuer Systeme geht. Ebenso stehen wir Ihnen zur Verf\u00fcgung, wenn IT-Systeme vorgestellt werden sollen oder wenn das t\u00e4gliche IT-Wissen aufgefrischt werden muss.<\/div>\n\t\t\t\t\t\t\t\t\t\t\t<\/div>\n\t\t\t\t\t\t\t\t\t\t<\/div>\n\t\t\t\t\t\t\t\t\t<\/li>\n\t\t\t\t\t\t\t\t\t\t\t\t\t\t\t\t\t\t<!-- Block -->\n\t\t\t\t\t\t\t\t\t<li class=\"accordion block \">\n\t\t\t\t\t\t\t\t\t\t<div class=\"acc-btn \"><div class=\"icon-outer\"><span class=\"icon icon-plus fa fa-plus\"><\/span> <span class=\"icon icon-minus fa fa-minus\"><\/span><\/div>Wann k\u00f6nnen Sie beginnen?<\/div>\n\t\t\t\t\t\t\t\t\t\t<div class=\"acc-content \">\n\t\t\t\t\t\t\t\t\t\t\t<div class=\"content\">\n\t\t\t\t\t\t\t\t\t\t\t\t<div class=\"accordian-text\">Dank unseres Teams mit \u00fcber 10 Personen und unserer umfangreichen Erfahrung k\u00f6nnen wir Ihnen bereits am Tag nach Vertragsabschluss zur Verf\u00fcgung stehen. Da Wissen und Aufgaben nicht in einer einzigen Hand geb\u00fcndelt sind, stellt die Vertretung eines Mitarbeiters f\u00fcr uns ebenfalls kein Problem dar.<\/div>\n\t\t\t\t\t\t\t\t\t\t\t<\/div>\n\t\t\t\t\t\t\t\t\t\t<\/div>\n\t\t\t\t\t\t\t\t\t<\/li>\n\t\t\t\t\t\t\t\t\t\t\t\t\t\t\t\t\t\t<!-- Block -->\n\t\t\t\t\t\t\t\t\t<li class=\"accordion block \">\n\t\t\t\t\t\t\t\t\t\t<div class=\"acc-btn \"><div class=\"icon-outer\"><span class=\"icon icon-plus fa fa-plus\"><\/span> <span class=\"icon icon-minus fa fa-minus\"><\/span><\/div>Welche Investition erfordert Ihre Arbeit von mir?<\/div>\n\t\t\t\t\t\t\t\t\t\t<div class=\"acc-content \">\n\t\t\t\t\t\t\t\t\t\t\t<div class=\"content\">\n\t\t\t\t\t\t\t\t\t\t\t\t<div class=\"accordian-text\">Falls wir Ihr Interesse geweckt haben, nehmen Sie bitte Kontakt mit uns auf, damit wir ein pers\u00f6nliches Treffen vereinbaren und Ihre Bed\u00fcrfnisse einsch\u00e4tzen k\u00f6nnen. Sie k\u00f6nnen aus zahlreichen Paketangeboten w\u00e4hlen, die wir zudem individuell auf Ihre Anforderungen anpassen, damit unser Service bestm\u00f6glich Ihren Interessen dient.<\/div>\n\t\t\t\t\t\t\t\t\t\t\t<\/div>\n\t\t\t\t\t\t\t\t\t\t<\/div>\n\t\t\t\t\t\t\t\t\t<\/li>\n\t\t\t\t\t\t\t\t\t\t\t\t\t\t\t\t\t<\/ul>\n\t\t\t\t\t\t\t\t\t\t\t\t\t\t\t\t\n\t\t\t\t\t\t\t<\/div>\n\t\t\t\t\t\t<\/div>\n\t\t\t\t\t<\/div>\n\n\t\t\t\t<\/div>\n\t\t\t<\/div>\n\t\t<\/div>\n\n        \t\t\t\t<\/div>\n\t\t\t\t<\/div>\n\t\t\t\t\t<\/div>\n\t\t<\/div>\n\t\t\t\t\t<\/div>\n\t\t<\/section>\n\t\t\t\t<\/div>\n\t\t","protected":false},"excerpt":{"rendered":"<p>Downloadable documents Exis.hu Information sheet If you choose to be contacted immediately Hotline +36 1 44 77 055 Wenn Sie ein flexibles Team brauchen\u2026 \u2026dann sind wir die beste Wahl. Wir wissen, dass die Umsetzung neuer Ideen stets mit erheblichen finanziellen Aufwendungen verbunden sein kann. Das Team von Exis.hu findet stets die f\u00fcr Sie passendste [&hellip;]<\/p>\n","protected":false},"author":2,"featured_media":0,"parent":5220,"menu_order":0,"comment_status":"closed","ping_status":"closed","template":"tpl-default-elementor.php","meta":{"footnotes":""},"class_list":["post-5236","page","type-page","status-publish","hentry"],"yoast_head":"<!-- This site is optimized with the Yoast SEO plugin v25.3.1 - https:\/\/yoast.com\/wordpress\/plugins\/seo\/ -->\n<title>Projektaufgaben - Exis.hu \u2013 We solve IT<\/title>\n<meta name=\"robots\" content=\"index, follow, max-snippet:-1, max-image-preview:large, max-video-preview:-1\" \/>\n<link rel=\"canonical\" href=\"https:\/\/exis.hu\/de\/unsere-dienstleistungen\/projektaufgaben\/\" \/>\n<meta property=\"og:locale\" content=\"de_DE\" \/>\n<meta property=\"og:type\" content=\"article\" \/>\n<meta property=\"og:title\" content=\"Projektaufgaben - Exis.hu \u2013 We solve IT\" \/>\n<meta property=\"og:description\" content=\"Downloadable documents Exis.hu Information sheet If you choose to be contacted immediately Hotline +36 1 44 77 055 Wenn Sie ein flexibles Team brauchen\u2026 \u2026dann sind wir die beste Wahl. Wir wissen, dass die Umsetzung neuer Ideen stets mit erheblichen finanziellen Aufwendungen verbunden sein kann. Das Team von Exis.hu findet stets die f\u00fcr Sie passendste [&hellip;]\" \/>\n<meta property=\"og:url\" content=\"https:\/\/exis.hu\/de\/unsere-dienstleistungen\/projektaufgaben\/\" \/>\n<meta property=\"og:site_name\" content=\"Exis.hu \u2013 We solve IT\" \/>\n<meta property=\"article:modified_time\" content=\"2025-06-23T10:34:57+00:00\" \/>\n<meta property=\"og:image\" content=\"https:\/\/exis.hu\/wp-content\/uploads\/2022\/05\/projectek-exis.hu_.jpg\" \/>\n<meta name=\"twitter:card\" content=\"summary_large_image\" \/>\n<meta name=\"twitter:label1\" content=\"Gesch\u00e4tzte Lesezeit\" \/>\n\t<meta name=\"twitter:data1\" content=\"4\u00a0Minuten\" \/>\n<script type=\"application\/ld+json\" class=\"yoast-schema-graph\">{\"@context\":\"https:\/\/schema.org\",\"@graph\":[{\"@type\":\"WebPage\",\"@id\":\"https:\/\/exis.hu\/de\/unsere-dienstleistungen\/projektaufgaben\/\",\"url\":\"https:\/\/exis.hu\/de\/unsere-dienstleistungen\/projektaufgaben\/\",\"name\":\"Projektaufgaben - Exis.hu \u2013 We solve IT\",\"isPartOf\":{\"@id\":\"https:\/\/exis.hu\/#website\"},\"primaryImageOfPage\":{\"@id\":\"https:\/\/exis.hu\/de\/unsere-dienstleistungen\/projektaufgaben\/#primaryimage\"},\"image\":{\"@id\":\"https:\/\/exis.hu\/de\/unsere-dienstleistungen\/projektaufgaben\/#primaryimage\"},\"thumbnailUrl\":\"https:\/\/exis.hu\/wp-content\/uploads\/2022\/05\/projectek-exis.hu_.jpg\",\"datePublished\":\"2025-06-17T13:14:54+00:00\",\"dateModified\":\"2025-06-23T10:34:57+00:00\",\"breadcrumb\":{\"@id\":\"https:\/\/exis.hu\/de\/unsere-dienstleistungen\/projektaufgaben\/#breadcrumb\"},\"inLanguage\":\"de\",\"potentialAction\":[{\"@type\":\"ReadAction\",\"target\":[\"https:\/\/exis.hu\/de\/unsere-dienstleistungen\/projektaufgaben\/\"]}]},{\"@type\":\"ImageObject\",\"inLanguage\":\"de\",\"@id\":\"https:\/\/exis.hu\/de\/unsere-dienstleistungen\/projektaufgaben\/#primaryimage\",\"url\":\"https:\/\/exis.hu\/wp-content\/uploads\/2022\/05\/projectek-exis.hu_.jpg\",\"contentUrl\":\"https:\/\/exis.hu\/wp-content\/uploads\/2022\/05\/projectek-exis.hu_.jpg\"},{\"@type\":\"BreadcrumbList\",\"@id\":\"https:\/\/exis.hu\/de\/unsere-dienstleistungen\/projektaufgaben\/#breadcrumb\",\"itemListElement\":[{\"@type\":\"ListItem\",\"position\":1,\"name\":\"Unsere Dienstleistungen\",\"item\":\"https:\/\/exis.hu\/de\/unsere-dienstleistungen\/\"},{\"@type\":\"ListItem\",\"position\":2,\"name\":\"Projektaufgaben\"}]},{\"@type\":\"WebSite\",\"@id\":\"https:\/\/exis.hu\/#website\",\"url\":\"https:\/\/exis.hu\/\",\"name\":\"Exis.hu \u2013 We solve IT\",\"description\":\"\",\"publisher\":{\"@id\":\"https:\/\/exis.hu\/#organization\"},\"potentialAction\":[{\"@type\":\"SearchAction\",\"target\":{\"@type\":\"EntryPoint\",\"urlTemplate\":\"https:\/\/exis.hu\/?s={search_term_string}\"},\"query-input\":{\"@type\":\"PropertyValueSpecification\",\"valueRequired\":true,\"valueName\":\"search_term_string\"}}],\"inLanguage\":\"de\"},{\"@type\":\"Organization\",\"@id\":\"https:\/\/exis.hu\/#organization\",\"name\":\"Exis.hu - We solve IT\",\"url\":\"https:\/\/exis.hu\/\",\"logo\":{\"@type\":\"ImageObject\",\"inLanguage\":\"de\",\"@id\":\"https:\/\/exis.hu\/#\/schema\/logo\/image\/\",\"url\":\"https:\/\/exis.hu\/wp-content\/uploads\/2022\/04\/logo_1000x1000.png\",\"contentUrl\":\"https:\/\/exis.hu\/wp-content\/uploads\/2022\/04\/logo_1000x1000.png\",\"width\":4168,\"height\":4167,\"caption\":\"Exis.hu - We solve IT\"},\"image\":{\"@id\":\"https:\/\/exis.hu\/#\/schema\/logo\/image\/\"}}]}<\/script>\n<!-- \/ Yoast SEO plugin. -->","yoast_head_json":{"title":"Projektaufgaben - Exis.hu \u2013 We solve IT","robots":{"index":"index","follow":"follow","max-snippet":"max-snippet:-1","max-image-preview":"max-image-preview:large","max-video-preview":"max-video-preview:-1"},"canonical":"https:\/\/exis.hu\/de\/unsere-dienstleistungen\/projektaufgaben\/","og_locale":"de_DE","og_type":"article","og_title":"Projektaufgaben - Exis.hu \u2013 We solve IT","og_description":"Downloadable documents Exis.hu Information sheet If you choose to be contacted immediately Hotline +36 1 44 77 055 Wenn Sie ein flexibles Team brauchen\u2026 \u2026dann sind wir die beste Wahl. Wir wissen, dass die Umsetzung neuer Ideen stets mit erheblichen finanziellen Aufwendungen verbunden sein kann. Das Team von Exis.hu findet stets die f\u00fcr Sie passendste [&hellip;]","og_url":"https:\/\/exis.hu\/de\/unsere-dienstleistungen\/projektaufgaben\/","og_site_name":"Exis.hu \u2013 We solve IT","article_modified_time":"2025-06-23T10:34:57+00:00","og_image":[{"url":"https:\/\/exis.hu\/wp-content\/uploads\/2022\/05\/projectek-exis.hu_.jpg","type":"","width":"","height":""}],"twitter_card":"summary_large_image","twitter_misc":{"Gesch\u00e4tzte Lesezeit":"4\u00a0Minuten"},"schema":{"@context":"https:\/\/schema.org","@graph":[{"@type":"WebPage","@id":"https:\/\/exis.hu\/de\/unsere-dienstleistungen\/projektaufgaben\/","url":"https:\/\/exis.hu\/de\/unsere-dienstleistungen\/projektaufgaben\/","name":"Projektaufgaben - Exis.hu \u2013 We solve IT","isPartOf":{"@id":"https:\/\/exis.hu\/#website"},"primaryImageOfPage":{"@id":"https:\/\/exis.hu\/de\/unsere-dienstleistungen\/projektaufgaben\/#primaryimage"},"image":{"@id":"https:\/\/exis.hu\/de\/unsere-dienstleistungen\/projektaufgaben\/#primaryimage"},"thumbnailUrl":"https:\/\/exis.hu\/wp-content\/uploads\/2022\/05\/projectek-exis.hu_.jpg","datePublished":"2025-06-17T13:14:54+00:00","dateModified":"2025-06-23T10:34:57+00:00","breadcrumb":{"@id":"https:\/\/exis.hu\/de\/unsere-dienstleistungen\/projektaufgaben\/#breadcrumb"},"inLanguage":"de","potentialAction":[{"@type":"ReadAction","target":["https:\/\/exis.hu\/de\/unsere-dienstleistungen\/projektaufgaben\/"]}]},{"@type":"ImageObject","inLanguage":"de","@id":"https:\/\/exis.hu\/de\/unsere-dienstleistungen\/projektaufgaben\/#primaryimage","url":"https:\/\/exis.hu\/wp-content\/uploads\/2022\/05\/projectek-exis.hu_.jpg","contentUrl":"https:\/\/exis.hu\/wp-content\/uploads\/2022\/05\/projectek-exis.hu_.jpg"},{"@type":"BreadcrumbList","@id":"https:\/\/exis.hu\/de\/unsere-dienstleistungen\/projektaufgaben\/#breadcrumb","itemListElement":[{"@type":"ListItem","position":1,"name":"Unsere Dienstleistungen","item":"https:\/\/exis.hu\/de\/unsere-dienstleistungen\/"},{"@type":"ListItem","position":2,"name":"Projektaufgaben"}]},{"@type":"WebSite","@id":"https:\/\/exis.hu\/#website","url":"https:\/\/exis.hu\/","name":"Exis.hu \u2013 We solve IT","description":"","publisher":{"@id":"https:\/\/exis.hu\/#organization"},"potentialAction":[{"@type":"SearchAction","target":{"@type":"EntryPoint","urlTemplate":"https:\/\/exis.hu\/?s={search_term_string}"},"query-input":{"@type":"PropertyValueSpecification","valueRequired":true,"valueName":"search_term_string"}}],"inLanguage":"de"},{"@type":"Organization","@id":"https:\/\/exis.hu\/#organization","name":"Exis.hu - We solve IT","url":"https:\/\/exis.hu\/","logo":{"@type":"ImageObject","inLanguage":"de","@id":"https:\/\/exis.hu\/#\/schema\/logo\/image\/","url":"https:\/\/exis.hu\/wp-content\/uploads\/2022\/04\/logo_1000x1000.png","contentUrl":"https:\/\/exis.hu\/wp-content\/uploads\/2022\/04\/logo_1000x1000.png","width":4168,"height":4167,"caption":"Exis.hu - We solve IT"},"image":{"@id":"https:\/\/exis.hu\/#\/schema\/logo\/image\/"}}]}},"_links":{"self":[{"href":"https:\/\/exis.hu\/de\/wp-json\/wp\/v2\/pages\/5236","targetHints":{"allow":["GET"]}}],"collection":[{"href":"https:\/\/exis.hu\/de\/wp-json\/wp\/v2\/pages"}],"about":[{"href":"https:\/\/exis.hu\/de\/wp-json\/wp\/v2\/types\/page"}],"author":[{"embeddable":true,"href":"https:\/\/exis.hu\/de\/wp-json\/wp\/v2\/users\/2"}],"replies":[{"embeddable":true,"href":"https:\/\/exis.hu\/de\/wp-json\/wp\/v2\/comments?post=5236"}],"version-history":[{"count":4,"href":"https:\/\/exis.hu\/de\/wp-json\/wp\/v2\/pages\/5236\/revisions"}],"predecessor-version":[{"id":5353,"href":"https:\/\/exis.hu\/de\/wp-json\/wp\/v2\/pages\/5236\/revisions\/5353"}],"up":[{"embeddable":true,"href":"https:\/\/exis.hu\/de\/wp-json\/wp\/v2\/pages\/5220"}],"wp:attachment":[{"href":"https:\/\/exis.hu\/de\/wp-json\/wp\/v2\/media?parent=5236"}],"curies":[{"name":"wp","href":"https:\/\/api.w.org\/{rel}","templated":true}]}}