{"id":5440,"date":"2021-08-23T19:09:15","date_gmt":"2021-08-23T17:09:15","guid":{"rendered":"https:\/\/exis.hu\/unser-team\/"},"modified":"2025-06-24T18:18:13","modified_gmt":"2025-06-24T16:18:13","slug":"unser-team","status":"publish","type":"page","link":"https:\/\/exis.hu\/de\/unser-team\/","title":{"rendered":"Kollegen"},"content":{"rendered":"\t\t<div data-elementor-type=\"wp-page\" data-elementor-id=\"5440\" class=\"elementor elementor-5440 elementor-1175\">\n\t\t\t\t\t\t<section class=\"elementor-section elementor-top-section elementor-element elementor-element-84845f1 elementor-section-boxed elementor-section-height-default elementor-section-height-default\" data-id=\"84845f1\" data-element_type=\"section\">\n\t\t\t\t\t\t<div class=\"elementor-container elementor-column-gap-default\">\n\t\t\t\t\t<div class=\"elementor-column elementor-col-100 elementor-top-column elementor-element elementor-element-0aabb1e\" data-id=\"0aabb1e\" data-element_type=\"column\">\n\t\t\t<div class=\"elementor-widget-wrap elementor-element-populated\">\n\t\t\t\t\t\t\t<\/div>\n\t\t<\/div>\n\t\t\t\t\t<\/div>\n\t\t<\/section>\n\t\t\t\t<\/div>\n\t\t","protected":false},"excerpt":{"rendered":"<p>T\u00f3th Bal\u00e1zs Szakmai igazgat\u00f3, \u00fcgyvezet\u0151 Antal L\u00e1szl\u00f3 \u00fczletfejleszt\u00e9si igazgat\u00f3 Bal\u00e1zs \u00c1gnes p\u00e9nz\u00fcgyi vezet\u0151 Juh\u00e1sz Tam\u00e1s Senior rendszergazda T\u00f3th Adrienne Controller Egri Levente Senior rendszergazda Szab\u00f3 Ferenc m\u0171veleti szak\u00e9rt\u0151 Farkas M\u00e1rton Rendszer\u00fczemeltet\u0151 M\u00e1rk Gy\u00f6rgy Senior adatb\u00e1zis adminisztr\u00e1tor Buliczka Csilla Projektvezet\u0151 K\u00e1r\u00e1sz L\u00e1szl\u00f3 \u00c9rt\u00e9kes\u00edt\u00e9si vezet\u0151 Alv\u00e1llalkoz\u00f3i h\u00e1l\u00f3zat<\/p>\n","protected":false},"author":1,"featured_media":0,"parent":0,"menu_order":0,"comment_status":"closed","ping_status":"closed","template":"","meta":{"footnotes":""},"class_list":["post-5440","page","type-page","status-publish","hentry"],"yoast_head":"<!-- This site is optimized with the Yoast SEO plugin v25.3.1 - https:\/\/yoast.com\/wordpress\/plugins\/seo\/ -->\n<title>Kollegen - Exis.hu \u2013 We solve IT<\/title>\n<meta name=\"robots\" content=\"index, follow, max-snippet:-1, max-image-preview:large, max-video-preview:-1\" \/>\n<link rel=\"canonical\" href=\"https:\/\/exis.hu\/kollegaink\/\" \/>\n<meta property=\"og:locale\" content=\"de_DE\" \/>\n<meta property=\"og:type\" content=\"article\" \/>\n<meta property=\"og:title\" content=\"Kollegen - Exis.hu \u2013 We solve IT\" \/>\n<meta property=\"og:description\" content=\"T\u00f3th Bal\u00e1zs Szakmai igazgat\u00f3, \u00fcgyvezet\u0151 Antal L\u00e1szl\u00f3 \u00fczletfejleszt\u00e9si igazgat\u00f3 Bal\u00e1zs \u00c1gnes p\u00e9nz\u00fcgyi vezet\u0151 Juh\u00e1sz Tam\u00e1s Senior rendszergazda T\u00f3th Adrienne Controller Egri Levente Senior rendszergazda Szab\u00f3 Ferenc m\u0171veleti szak\u00e9rt\u0151 Farkas M\u00e1rton Rendszer\u00fczemeltet\u0151 M\u00e1rk Gy\u00f6rgy Senior adatb\u00e1zis adminisztr\u00e1tor Buliczka Csilla Projektvezet\u0151 K\u00e1r\u00e1sz L\u00e1szl\u00f3 \u00c9rt\u00e9kes\u00edt\u00e9si vezet\u0151 Alv\u00e1llalkoz\u00f3i h\u00e1l\u00f3zat\" \/>\n<meta property=\"og:url\" content=\"https:\/\/exis.hu\/kollegaink\/\" \/>\n<meta property=\"og:site_name\" content=\"Exis.hu \u2013 We solve IT\" \/>\n<meta property=\"article:modified_time\" content=\"2025-06-24T16:18:13+00:00\" \/>\n<meta property=\"og:image\" content=\"https:\/\/exis.hu\/wp-content\/uploads\/2022\/06\/1-Toth-Balazs-exis.hu_-305x350.jpg\" \/>\n<meta name=\"twitter:card\" content=\"summary_large_image\" \/>\n<meta name=\"twitter:label1\" content=\"Gesch\u00e4tzte Lesezeit\" \/>\n\t<meta name=\"twitter:data1\" content=\"3\u00a0Minuten\" \/>\n<script type=\"application\/ld+json\" class=\"yoast-schema-graph\">{\"@context\":\"https:\/\/schema.org\",\"@graph\":[{\"@type\":\"WebPage\",\"@id\":\"https:\/\/exis.hu\/kollegaink\/\",\"url\":\"https:\/\/exis.hu\/kollegaink\/\",\"name\":\"Kollegen - Exis.hu \u2013 We solve IT\",\"isPartOf\":{\"@id\":\"https:\/\/exis.hu\/#website\"},\"primaryImageOfPage\":{\"@id\":\"https:\/\/exis.hu\/kollegaink\/#primaryimage\"},\"image\":{\"@id\":\"https:\/\/exis.hu\/kollegaink\/#primaryimage\"},\"thumbnailUrl\":\"https:\/\/exis.hu\/wp-content\/uploads\/2022\/06\/1-Toth-Balazs-exis.hu_-305x350.jpg\",\"datePublished\":\"2021-08-23T17:09:15+00:00\",\"dateModified\":\"2025-06-24T16:18:13+00:00\",\"inLanguage\":\"de\",\"potentialAction\":[{\"@type\":\"ReadAction\",\"target\":[\"https:\/\/exis.hu\/kollegaink\/\"]}]},{\"@type\":\"ImageObject\",\"inLanguage\":\"de\",\"@id\":\"https:\/\/exis.hu\/kollegaink\/#primaryimage\",\"url\":\"https:\/\/exis.hu\/wp-content\/uploads\/2022\/06\/1-Toth-Balazs-exis.hu_-305x350.jpg\",\"contentUrl\":\"https:\/\/exis.hu\/wp-content\/uploads\/2022\/06\/1-Toth-Balazs-exis.hu_-305x350.jpg\"},{\"@type\":\"WebSite\",\"@id\":\"https:\/\/exis.hu\/#website\",\"url\":\"https:\/\/exis.hu\/\",\"name\":\"Exis.hu \u2013 We solve IT\",\"description\":\"\",\"publisher\":{\"@id\":\"https:\/\/exis.hu\/#organization\"},\"potentialAction\":[{\"@type\":\"SearchAction\",\"target\":{\"@type\":\"EntryPoint\",\"urlTemplate\":\"https:\/\/exis.hu\/?s={search_term_string}\"},\"query-input\":{\"@type\":\"PropertyValueSpecification\",\"valueRequired\":true,\"valueName\":\"search_term_string\"}}],\"inLanguage\":\"de\"},{\"@type\":\"Organization\",\"@id\":\"https:\/\/exis.hu\/#organization\",\"name\":\"Exis.hu - We solve IT\",\"url\":\"https:\/\/exis.hu\/\",\"logo\":{\"@type\":\"ImageObject\",\"inLanguage\":\"de\",\"@id\":\"https:\/\/exis.hu\/#\/schema\/logo\/image\/\",\"url\":\"https:\/\/exis.hu\/wp-content\/uploads\/2022\/04\/logo_1000x1000.png\",\"contentUrl\":\"https:\/\/exis.hu\/wp-content\/uploads\/2022\/04\/logo_1000x1000.png\",\"width\":4168,\"height\":4167,\"caption\":\"Exis.hu - We solve IT\"},\"image\":{\"@id\":\"https:\/\/exis.hu\/#\/schema\/logo\/image\/\"}}]}<\/script>\n<!-- \/ Yoast SEO plugin. -->","yoast_head_json":{"title":"Kollegen - Exis.hu \u2013 We solve IT","robots":{"index":"index","follow":"follow","max-snippet":"max-snippet:-1","max-image-preview":"max-image-preview:large","max-video-preview":"max-video-preview:-1"},"canonical":"https:\/\/exis.hu\/kollegaink\/","og_locale":"de_DE","og_type":"article","og_title":"Kollegen - Exis.hu \u2013 We solve IT","og_description":"T\u00f3th Bal\u00e1zs Szakmai igazgat\u00f3, \u00fcgyvezet\u0151 Antal L\u00e1szl\u00f3 \u00fczletfejleszt\u00e9si igazgat\u00f3 Bal\u00e1zs \u00c1gnes p\u00e9nz\u00fcgyi vezet\u0151 Juh\u00e1sz Tam\u00e1s Senior rendszergazda T\u00f3th Adrienne Controller Egri Levente Senior rendszergazda Szab\u00f3 Ferenc m\u0171veleti szak\u00e9rt\u0151 Farkas M\u00e1rton Rendszer\u00fczemeltet\u0151 M\u00e1rk Gy\u00f6rgy Senior adatb\u00e1zis adminisztr\u00e1tor Buliczka Csilla Projektvezet\u0151 K\u00e1r\u00e1sz L\u00e1szl\u00f3 \u00c9rt\u00e9kes\u00edt\u00e9si vezet\u0151 Alv\u00e1llalkoz\u00f3i h\u00e1l\u00f3zat","og_url":"https:\/\/exis.hu\/kollegaink\/","og_site_name":"Exis.hu \u2013 We solve IT","article_modified_time":"2025-06-24T16:18:13+00:00","og_image":[{"url":"https:\/\/exis.hu\/wp-content\/uploads\/2022\/06\/1-Toth-Balazs-exis.hu_-305x350.jpg","type":"","width":"","height":""}],"twitter_card":"summary_large_image","twitter_misc":{"Gesch\u00e4tzte Lesezeit":"3\u00a0Minuten"},"schema":{"@context":"https:\/\/schema.org","@graph":[{"@type":"WebPage","@id":"https:\/\/exis.hu\/kollegaink\/","url":"https:\/\/exis.hu\/kollegaink\/","name":"Kollegen - Exis.hu \u2013 We solve IT","isPartOf":{"@id":"https:\/\/exis.hu\/#website"},"primaryImageOfPage":{"@id":"https:\/\/exis.hu\/kollegaink\/#primaryimage"},"image":{"@id":"https:\/\/exis.hu\/kollegaink\/#primaryimage"},"thumbnailUrl":"https:\/\/exis.hu\/wp-content\/uploads\/2022\/06\/1-Toth-Balazs-exis.hu_-305x350.jpg","datePublished":"2021-08-23T17:09:15+00:00","dateModified":"2025-06-24T16:18:13+00:00","inLanguage":"de","potentialAction":[{"@type":"ReadAction","target":["https:\/\/exis.hu\/kollegaink\/"]}]},{"@type":"ImageObject","inLanguage":"de","@id":"https:\/\/exis.hu\/kollegaink\/#primaryimage","url":"https:\/\/exis.hu\/wp-content\/uploads\/2022\/06\/1-Toth-Balazs-exis.hu_-305x350.jpg","contentUrl":"https:\/\/exis.hu\/wp-content\/uploads\/2022\/06\/1-Toth-Balazs-exis.hu_-305x350.jpg"},{"@type":"WebSite","@id":"https:\/\/exis.hu\/#website","url":"https:\/\/exis.hu\/","name":"Exis.hu \u2013 We solve IT","description":"","publisher":{"@id":"https:\/\/exis.hu\/#organization"},"potentialAction":[{"@type":"SearchAction","target":{"@type":"EntryPoint","urlTemplate":"https:\/\/exis.hu\/?s={search_term_string}"},"query-input":{"@type":"PropertyValueSpecification","valueRequired":true,"valueName":"search_term_string"}}],"inLanguage":"de"},{"@type":"Organization","@id":"https:\/\/exis.hu\/#organization","name":"Exis.hu - We solve IT","url":"https:\/\/exis.hu\/","logo":{"@type":"ImageObject","inLanguage":"de","@id":"https:\/\/exis.hu\/#\/schema\/logo\/image\/","url":"https:\/\/exis.hu\/wp-content\/uploads\/2022\/04\/logo_1000x1000.png","contentUrl":"https:\/\/exis.hu\/wp-content\/uploads\/2022\/04\/logo_1000x1000.png","width":4168,"height":4167,"caption":"Exis.hu - We solve IT"},"image":{"@id":"https:\/\/exis.hu\/#\/schema\/logo\/image\/"}}]}},"_links":{"self":[{"href":"https:\/\/exis.hu\/de\/wp-json\/wp\/v2\/pages\/5440","targetHints":{"allow":["GET"]}}],"collection":[{"href":"https:\/\/exis.hu\/de\/wp-json\/wp\/v2\/pages"}],"about":[{"href":"https:\/\/exis.hu\/de\/wp-json\/wp\/v2\/types\/page"}],"author":[{"embeddable":true,"href":"https:\/\/exis.hu\/de\/wp-json\/wp\/v2\/users\/1"}],"replies":[{"embeddable":true,"href":"https:\/\/exis.hu\/de\/wp-json\/wp\/v2\/comments?post=5440"}],"version-history":[{"count":29,"href":"https:\/\/exis.hu\/de\/wp-json\/wp\/v2\/pages\/5440\/revisions"}],"predecessor-version":[{"id":5655,"href":"https:\/\/exis.hu\/de\/wp-json\/wp\/v2\/pages\/5440\/revisions\/5655"}],"wp:attachment":[{"href":"https:\/\/exis.hu\/de\/wp-json\/wp\/v2\/media?parent=5440"}],"curies":[{"name":"wp","href":"https:\/\/api.w.org\/{rel}","templated":true}]}}