{"id":5498,"date":"2022-06-17T10:34:24","date_gmt":"2022-06-17T08:34:24","guid":{"rendered":"https:\/\/exis.hu\/idopontfoglalas-copy\/"},"modified":"2025-06-23T16:00:30","modified_gmt":"2025-06-23T14:00:30","slug":"terminvereinbarung","status":"publish","type":"page","link":"https:\/\/exis.hu\/de\/terminvereinbarung\/","title":{"rendered":"Terminvereinbarung"},"content":{"rendered":"\t\t<div data-elementor-type=\"wp-page\" data-elementor-id=\"5498\" class=\"elementor elementor-5498 elementor-4018\">\n\t\t\t\t\t\t<section class=\"elementor-section elementor-top-section elementor-element elementor-element-6655b16 elementor-section-boxed elementor-section-height-default elementor-section-height-default\" data-id=\"6655b16\" data-element_type=\"section\">\n\t\t\t\t\t\t<div class=\"elementor-container elementor-column-gap-default\">\n\t\t\t\t\t<div class=\"elementor-column elementor-col-100 elementor-top-column elementor-element elementor-element-f927579\" data-id=\"f927579\" data-element_type=\"column\">\n\t\t\t<div class=\"elementor-widget-wrap elementor-element-populated\">\n\t\t\t\t\t\t<div class=\"elementor-element elementor-element-565edf2 elementor-widget elementor-widget-text-editor\" data-id=\"565edf2\" data-element_type=\"widget\" data-widget_type=\"text-editor.default\">\n\t\t\t\t<div class=\"elementor-widget-container\">\n\t\t\t\t\t\t\t\t\t<h2>Terminvereinbarung<\/h2>\t\t\t\t\t\t\t\t<\/div>\n\t\t\t\t<\/div>\n\t\t\t\t\t<\/div>\n\t\t<\/div>\n\t\t\t\t\t<\/div>\n\t\t<\/section>\n\t\t\t\t<section class=\"elementor-section elementor-top-section elementor-element elementor-element-412bacc elementor-section-boxed elementor-section-height-default elementor-section-height-default\" data-id=\"412bacc\" data-element_type=\"section\">\n\t\t\t\t\t\t<div class=\"elementor-container elementor-column-gap-default\">\n\t\t\t\t\t<div class=\"elementor-column elementor-col-100 elementor-top-column elementor-element elementor-element-7d9fc64\" data-id=\"7d9fc64\" data-element_type=\"column\">\n\t\t\t<div class=\"elementor-widget-wrap elementor-element-populated\">\n\t\t\t\t\t\t<div class=\"elementor-element elementor-element-6a955f5 elementor-widget elementor-widget-text-editor\" data-id=\"6a955f5\" data-element_type=\"widget\" data-widget_type=\"text-editor.default\">\n\t\t\t\t<div class=\"elementor-widget-container\">\n\t\t\t\t\t\t\t\t\t<p data-start=\"0\" data-end=\"73\">Nehmen Sie sich eine halbe Stunde ganz ohne Verpflichtungen Zeit f\u00fcr uns!<\/p><p data-start=\"75\" data-end=\"732\">Finden Sie heraus, wie auch Ihr Unternehmen von unserem Know-how profitieren kann \u2013 ganz bequem von zu Hause oder Ihrem B\u00fcro aus, denn das Treffen kann auch online stattfinden. Bitte achten Sie darauf, Ihre Telefonnummer und E-Mail-Adresse korrekt anzugeben, da das System dar\u00fcber die Best\u00e4tigung, Erinnerungen und technische Zugangsdaten (Chatraum-Nummer, Zugangslink, Passwort) versendet. Im Kommentarfeld k\u00f6nnen Sie kurz beschreiben, wobei Sie Unterst\u00fctzung suchen. Wenn Sie das lieber m\u00fcndlich erkl\u00e4ren m\u00f6chten, reicht es, wenn Sie den Namen Ihres Unternehmens und die Webadresse angeben, damit unser Kollege gut vorbereitet zum digitalen Treffen kommt.<\/p><p>\u00a0<\/p><p data-start=\"734\" data-end=\"844\" data-is-last-node=\"\" data-is-only-node=\"\">Klicken Sie jetzt f\u00fcr einen Termin! Die Beratung ist selbstverst\u00e4ndlich kostenlos. Nutzen Sie die Gelegenheit!<\/p>\t\t\t\t\t\t\t\t<\/div>\n\t\t\t\t<\/div>\n\t\t\t\t\t<\/div>\n\t\t<\/div>\n\t\t\t\t\t<\/div>\n\t\t<\/section>\n\t\t\t\t<section class=\"elementor-section elementor-top-section elementor-element elementor-element-f6f1c91 elementor-section-boxed elementor-section-height-default elementor-section-height-default\" data-id=\"f6f1c91\" data-element_type=\"section\">\n\t\t\t\t\t\t<div class=\"elementor-container elementor-column-gap-default\">\n\t\t\t\t\t<div class=\"elementor-column elementor-col-100 elementor-top-column elementor-element elementor-element-c9276da\" data-id=\"c9276da\" data-element_type=\"column\">\n\t\t\t<div class=\"elementor-widget-wrap elementor-element-populated\">\n\t\t\t\t\t\t<div class=\"elementor-element elementor-element-6c7c21d elementor-widget elementor-widget-text-editor\" data-id=\"6c7c21d\" data-element_type=\"widget\" data-widget_type=\"text-editor.default\">\n\t\t\t\t<div class=\"elementor-widget-container\">\n\t\t\t\t\t\t\t\t\t<iframe src=\"https:\/\/exis-hu-kft.reservio.com\/booking?backlink=0\" width=\"100%\" height=\"600px\"><\/iframe>\t\t\t\t\t\t\t\t<\/div>\n\t\t\t\t<\/div>\n\t\t\t\t\t<\/div>\n\t\t<\/div>\n\t\t\t\t\t<\/div>\n\t\t<\/section>\n\t\t\t\t<section class=\"elementor-section elementor-top-section elementor-element elementor-element-132ae07 elementor-section-boxed elementor-section-height-default elementor-section-height-default\" data-id=\"132ae07\" data-element_type=\"section\">\n\t\t\t\t\t\t<div class=\"elementor-container elementor-column-gap-default\">\n\t\t\t\t\t<div class=\"elementor-column elementor-col-100 elementor-top-column elementor-element elementor-element-f6be334\" data-id=\"f6be334\" data-element_type=\"column\">\n\t\t\t<div class=\"elementor-widget-wrap\">\n\t\t\t\t\t\t\t<\/div>\n\t\t<\/div>\n\t\t\t\t\t<\/div>\n\t\t<\/section>\n\t\t\t\t<section class=\"elementor-section elementor-top-section elementor-element elementor-element-8052855 elementor-section-full_width elementor-section-height-default elementor-section-height-default\" data-id=\"8052855\" data-element_type=\"section\">\n\t\t\t\t\t\t<div class=\"elementor-container elementor-column-gap-default\">\n\t\t\t\t\t<div class=\"elementor-column elementor-col-100 elementor-top-column elementor-element elementor-element-f6c42d1\" data-id=\"f6c42d1\" data-element_type=\"column\">\n\t\t\t<div class=\"elementor-widget-wrap elementor-element-populated\">\n\t\t\t\t\t\t<div class=\"elementor-element elementor-element-2ee2999 elementor-widget elementor-widget-reeko_contact_info\" data-id=\"2ee2999\" data-element_type=\"widget\" data-widget_type=\"reeko_contact_info.default\">\n\t\t\t\t<div class=\"elementor-widget-container\">\n\t\t\t\t\t\n\t\t<!-- Contact Info Section -->\n\t\t<section id=\"contact\" class=\"contact-info-section\">\n\t\t\t<div class=\"auto-container\">\n\t\t\t\t<div class=\"row clearfix\">\n\t\t\t\t\t\t\t\t\t\t<!-- Info Column -->\n\t\t\t\t\t<div class=\"info-column col-lg-4 col-md-6 col-sm-12\">\n\t\t\t\t\t\t<div class=\"inner-column\">\n\t\t\t\t\t\t\t<div class=\"icon flaticon-phone\"><\/div>\n\t\t\t\t\t\t\t<a href=\"tel:3614477055\">+36 1 44 77 055<\/a><br>\n\t\t\t\t\t\t\t<a href=\"tel:\"><\/a>\n\t\t\t\t\t\t<\/div>\n\t\t\t\t\t<\/div>\n\t\t\t\t\t\n\t\t\t\t\t\t\t\t\t\t<!-- Info Column -->\n\t\t\t\t\t<div class=\"info-column col-lg-4 col-md-6 col-sm-12\">\n\t\t\t\t\t\t<div class=\"inner-column\">\n\t\t\t\t\t\t\t<div class=\"icon flaticon-email-5\"><\/div>\n\t\t\t\t\t\t\t<a href=\"mailto:info@exis.hu\">info@exis.hu<\/a><br>\n\t\t\t\t\t\t\t<a href=\"mailto:\"><\/a>\n\t\t\t\t\t\t<\/div>\n\t\t\t\t\t<\/div>\n\t\t\t\t\t\n\t\t\t\t\t\t\t\t\t\t<!-- Info Column -->\n\t\t\t\t\t<div class=\"info-column col-lg-4 col-md-6 col-sm-12\">\n\t\t\t\t\t\t<div class=\"inner-column\">\n\t\t\t\t\t\t\t<div class=\"icon flaticon-placeholder-3\"><\/div>\n\t\t\t\t\t\t\t<div class=\"text\">Levelez\u00e9si c\u00edm: <br>1118 Budapest, Gombocz Zolt\u00e1n utca 14. <\/div>\n\t\t\t\t\t\t<\/div>\n\t\t\t\t\t<\/div>\n\t\t\t\t\t\t\t\t\t<\/div>\n\t\t\t<\/div>\n\t\t<\/section>\n\t\t<!-- End Contact Info Section -->\n\n        \t\t\t\t<\/div>\n\t\t\t\t<\/div>\n\t\t\t\t\t<\/div>\n\t\t<\/div>\n\t\t\t\t\t<\/div>\n\t\t<\/section>\n\t\t\t\t<section class=\"elementor-section elementor-top-section elementor-element elementor-element-3768686 elementor-section-full_width elementor-section-height-default elementor-section-height-default\" data-id=\"3768686\" data-element_type=\"section\">\n\t\t\t\t\t\t<div class=\"elementor-container elementor-column-gap-default\">\n\t\t\t\t\t<div class=\"elementor-column elementor-col-100 elementor-top-column elementor-element elementor-element-a0d0b36\" data-id=\"a0d0b36\" data-element_type=\"column\">\n\t\t\t<div class=\"elementor-widget-wrap elementor-element-populated\">\n\t\t\t\t\t\t<div class=\"elementor-element elementor-element-bdeed8d elementor-widget-divider--view-line elementor-widget elementor-widget-divider\" data-id=\"bdeed8d\" data-element_type=\"widget\" data-widget_type=\"divider.default\">\n\t\t\t\t<div class=\"elementor-widget-container\">\n\t\t\t\t\t\t\t<div class=\"elementor-divider\">\n\t\t\t<span class=\"elementor-divider-separator\">\n\t\t\t\t\t\t<\/span>\n\t\t<\/div>\n\t\t\t\t\t\t<\/div>\n\t\t\t\t<\/div>\n\t\t\t\t\t<\/div>\n\t\t<\/div>\n\t\t\t\t\t<\/div>\n\t\t<\/section>\n\t\t\t\t<\/div>\n\t\t","protected":false},"excerpt":{"rendered":"<p>Terminvereinbarung Nehmen Sie sich eine halbe Stunde ganz ohne Verpflichtungen Zeit f\u00fcr uns! Finden Sie heraus, wie auch Ihr Unternehmen von unserem Know-how profitieren kann \u2013 ganz bequem von zu Hause oder Ihrem B\u00fcro aus, denn das Treffen kann auch online stattfinden. Bitte achten Sie darauf, Ihre Telefonnummer und E-Mail-Adresse korrekt anzugeben, da das System [&hellip;]<\/p>\n","protected":false},"author":2,"featured_media":0,"parent":0,"menu_order":0,"comment_status":"closed","ping_status":"closed","template":"tpl-default-elementor.php","meta":{"footnotes":""},"class_list":["post-5498","page","type-page","status-publish","hentry"],"yoast_head":"<!-- This site is optimized with the Yoast SEO plugin v25.3.1 - https:\/\/yoast.com\/wordpress\/plugins\/seo\/ -->\n<title>Terminvereinbarung - Exis.hu \u2013 We solve IT<\/title>\n<meta name=\"robots\" content=\"index, follow, max-snippet:-1, max-image-preview:large, max-video-preview:-1\" \/>\n<link rel=\"canonical\" href=\"https:\/\/exis.hu\/de\/terminvereinbarung\/\" \/>\n<meta property=\"og:locale\" content=\"de_DE\" \/>\n<meta property=\"og:type\" content=\"article\" \/>\n<meta property=\"og:title\" content=\"Terminvereinbarung - Exis.hu \u2013 We solve IT\" \/>\n<meta property=\"og:description\" content=\"Terminvereinbarung Nehmen Sie sich eine halbe Stunde ganz ohne Verpflichtungen Zeit f\u00fcr uns! Finden Sie heraus, wie auch Ihr Unternehmen von unserem Know-how profitieren kann \u2013 ganz bequem von zu Hause oder Ihrem B\u00fcro aus, denn das Treffen kann auch online stattfinden. Bitte achten Sie darauf, Ihre Telefonnummer und E-Mail-Adresse korrekt anzugeben, da das System [&hellip;]\" \/>\n<meta property=\"og:url\" content=\"https:\/\/exis.hu\/de\/terminvereinbarung\/\" \/>\n<meta property=\"og:site_name\" content=\"Exis.hu \u2013 We solve IT\" \/>\n<meta property=\"article:modified_time\" content=\"2025-06-23T14:00:30+00:00\" \/>\n<meta name=\"twitter:card\" content=\"summary_large_image\" \/>\n<meta name=\"twitter:label1\" content=\"Gesch\u00e4tzte Lesezeit\" \/>\n\t<meta name=\"twitter:data1\" content=\"1\u00a0Minute\" \/>\n<script type=\"application\/ld+json\" class=\"yoast-schema-graph\">{\"@context\":\"https:\/\/schema.org\",\"@graph\":[{\"@type\":\"WebPage\",\"@id\":\"https:\/\/exis.hu\/de\/terminvereinbarung\/\",\"url\":\"https:\/\/exis.hu\/de\/terminvereinbarung\/\",\"name\":\"Terminvereinbarung - Exis.hu \u2013 We solve IT\",\"isPartOf\":{\"@id\":\"https:\/\/exis.hu\/#website\"},\"datePublished\":\"2022-06-17T08:34:24+00:00\",\"dateModified\":\"2025-06-23T14:00:30+00:00\",\"inLanguage\":\"de\",\"potentialAction\":[{\"@type\":\"ReadAction\",\"target\":[\"https:\/\/exis.hu\/de\/terminvereinbarung\/\"]}]},{\"@type\":\"WebSite\",\"@id\":\"https:\/\/exis.hu\/#website\",\"url\":\"https:\/\/exis.hu\/\",\"name\":\"Exis.hu \u2013 We solve IT\",\"description\":\"\",\"publisher\":{\"@id\":\"https:\/\/exis.hu\/#organization\"},\"potentialAction\":[{\"@type\":\"SearchAction\",\"target\":{\"@type\":\"EntryPoint\",\"urlTemplate\":\"https:\/\/exis.hu\/?s={search_term_string}\"},\"query-input\":{\"@type\":\"PropertyValueSpecification\",\"valueRequired\":true,\"valueName\":\"search_term_string\"}}],\"inLanguage\":\"de\"},{\"@type\":\"Organization\",\"@id\":\"https:\/\/exis.hu\/#organization\",\"name\":\"Exis.hu - We solve IT\",\"url\":\"https:\/\/exis.hu\/\",\"logo\":{\"@type\":\"ImageObject\",\"inLanguage\":\"de\",\"@id\":\"https:\/\/exis.hu\/#\/schema\/logo\/image\/\",\"url\":\"https:\/\/exis.hu\/wp-content\/uploads\/2022\/04\/logo_1000x1000.png\",\"contentUrl\":\"https:\/\/exis.hu\/wp-content\/uploads\/2022\/04\/logo_1000x1000.png\",\"width\":4168,\"height\":4167,\"caption\":\"Exis.hu - We solve IT\"},\"image\":{\"@id\":\"https:\/\/exis.hu\/#\/schema\/logo\/image\/\"}}]}<\/script>\n<!-- \/ Yoast SEO plugin. -->","yoast_head_json":{"title":"Terminvereinbarung - Exis.hu \u2013 We solve IT","robots":{"index":"index","follow":"follow","max-snippet":"max-snippet:-1","max-image-preview":"max-image-preview:large","max-video-preview":"max-video-preview:-1"},"canonical":"https:\/\/exis.hu\/de\/terminvereinbarung\/","og_locale":"de_DE","og_type":"article","og_title":"Terminvereinbarung - Exis.hu \u2013 We solve IT","og_description":"Terminvereinbarung Nehmen Sie sich eine halbe Stunde ganz ohne Verpflichtungen Zeit f\u00fcr uns! Finden Sie heraus, wie auch Ihr Unternehmen von unserem Know-how profitieren kann \u2013 ganz bequem von zu Hause oder Ihrem B\u00fcro aus, denn das Treffen kann auch online stattfinden. Bitte achten Sie darauf, Ihre Telefonnummer und E-Mail-Adresse korrekt anzugeben, da das System [&hellip;]","og_url":"https:\/\/exis.hu\/de\/terminvereinbarung\/","og_site_name":"Exis.hu \u2013 We solve IT","article_modified_time":"2025-06-23T14:00:30+00:00","twitter_card":"summary_large_image","twitter_misc":{"Gesch\u00e4tzte Lesezeit":"1\u00a0Minute"},"schema":{"@context":"https:\/\/schema.org","@graph":[{"@type":"WebPage","@id":"https:\/\/exis.hu\/de\/terminvereinbarung\/","url":"https:\/\/exis.hu\/de\/terminvereinbarung\/","name":"Terminvereinbarung - Exis.hu \u2013 We solve IT","isPartOf":{"@id":"https:\/\/exis.hu\/#website"},"datePublished":"2022-06-17T08:34:24+00:00","dateModified":"2025-06-23T14:00:30+00:00","inLanguage":"de","potentialAction":[{"@type":"ReadAction","target":["https:\/\/exis.hu\/de\/terminvereinbarung\/"]}]},{"@type":"WebSite","@id":"https:\/\/exis.hu\/#website","url":"https:\/\/exis.hu\/","name":"Exis.hu \u2013 We solve IT","description":"","publisher":{"@id":"https:\/\/exis.hu\/#organization"},"potentialAction":[{"@type":"SearchAction","target":{"@type":"EntryPoint","urlTemplate":"https:\/\/exis.hu\/?s={search_term_string}"},"query-input":{"@type":"PropertyValueSpecification","valueRequired":true,"valueName":"search_term_string"}}],"inLanguage":"de"},{"@type":"Organization","@id":"https:\/\/exis.hu\/#organization","name":"Exis.hu - We solve IT","url":"https:\/\/exis.hu\/","logo":{"@type":"ImageObject","inLanguage":"de","@id":"https:\/\/exis.hu\/#\/schema\/logo\/image\/","url":"https:\/\/exis.hu\/wp-content\/uploads\/2022\/04\/logo_1000x1000.png","contentUrl":"https:\/\/exis.hu\/wp-content\/uploads\/2022\/04\/logo_1000x1000.png","width":4168,"height":4167,"caption":"Exis.hu - We solve IT"},"image":{"@id":"https:\/\/exis.hu\/#\/schema\/logo\/image\/"}}]}},"_links":{"self":[{"href":"https:\/\/exis.hu\/de\/wp-json\/wp\/v2\/pages\/5498","targetHints":{"allow":["GET"]}}],"collection":[{"href":"https:\/\/exis.hu\/de\/wp-json\/wp\/v2\/pages"}],"about":[{"href":"https:\/\/exis.hu\/de\/wp-json\/wp\/v2\/types\/page"}],"author":[{"embeddable":true,"href":"https:\/\/exis.hu\/de\/wp-json\/wp\/v2\/users\/2"}],"replies":[{"embeddable":true,"href":"https:\/\/exis.hu\/de\/wp-json\/wp\/v2\/comments?post=5498"}],"version-history":[{"count":4,"href":"https:\/\/exis.hu\/de\/wp-json\/wp\/v2\/pages\/5498\/revisions"}],"predecessor-version":[{"id":5502,"href":"https:\/\/exis.hu\/de\/wp-json\/wp\/v2\/pages\/5498\/revisions\/5502"}],"wp:attachment":[{"href":"https:\/\/exis.hu\/de\/wp-json\/wp\/v2\/media?parent=5498"}],"curies":[{"name":"wp","href":"https:\/\/api.w.org\/{rel}","templated":true}]}}