{"id":5517,"date":"2022-06-06T21:46:02","date_gmt":"2022-06-06T19:46:02","guid":{"rendered":"https:\/\/exis.hu\/profile-roaming-copy\/"},"modified":"2025-06-23T16:55:03","modified_gmt":"2025-06-23T14:55:03","slug":"profile-roaming","status":"publish","type":"page","link":"https:\/\/exis.hu\/de\/profile-roaming\/","title":{"rendered":"Profile roaming"},"content":{"rendered":"\t\t<div data-elementor-type=\"wp-page\" data-elementor-id=\"5517\" class=\"elementor elementor-5517 elementor-3760\">\n\t\t\t\t\t\t<section class=\"elementor-section elementor-top-section elementor-element elementor-element-81adb96 elementor-section-boxed elementor-section-height-default elementor-section-height-default\" data-id=\"81adb96\" data-element_type=\"section\">\n\t\t\t\t\t\t<div class=\"elementor-container elementor-column-gap-default\">\n\t\t\t\t\t<div class=\"elementor-column elementor-col-66 elementor-top-column elementor-element elementor-element-5c7a5ae\" data-id=\"5c7a5ae\" data-element_type=\"column\">\n\t\t\t<div class=\"elementor-widget-wrap elementor-element-populated\">\n\t\t\t\t\t\t<div class=\"elementor-element elementor-element-cb17ec4 elementor-widget elementor-widget-text-editor\" data-id=\"cb17ec4\" data-element_type=\"widget\" data-widget_type=\"text-editor.default\">\n\t\t\t\t<div class=\"elementor-widget-container\">\n\t\t\t\t\t\t\t\t\t<h3>\u00a0<\/h3><h3><strong>Profile roaming<\/strong><\/h3><p data-start=\"0\" data-end=\"518\">Wussten Sie, dass es nicht notwendig ist, jedem einzelnen Mitarbeiter einen fest zugewiesenen Schreibtisch und Computer, also einen festen Arbeitsplatz, bereitzustellen, damit er sich an jedem verf\u00fcgbaren Ger\u00e4t anmelden und mit seinem gewohnten Profil, den Einstellungen, dem Hintergrund, den Zug\u00e4ngen und Dokumenten weiterarbeiten kann? Mit Profile Roaming ben\u00f6tigen Sie bis zu 30 % weniger B\u00fcrofl\u00e4che und weniger Ger\u00e4te, um bei gleicher Mitarbeiterzahl denselben Komfort und dieselbe Leistung wie zuvor zu erreichen.<\/p><p data-start=\"520\" data-end=\"551\" data-is-last-node=\"\" data-is-only-node=\"\">Schreiben Sie uns: <a class=\"cursor-pointer\" rel=\"noopener\" data-start=\"539\" data-end=\"551\" data-is-last-node=\"\">info@exis.hu<\/a><\/p><p><img fetchpriority=\"high\" decoding=\"async\" src=\"https:\/\/exis.hu\/wp-content\/uploads\/2022\/06\/TIPP-PROFILE-ROAMING.jpg\" alt=\"DOKUMENTUMSZINKRON\" width=\"720\" height=\"600\" \/><\/p>\t\t\t\t\t\t\t\t<\/div>\n\t\t\t\t<\/div>\n\t\t\t\t\t<\/div>\n\t\t<\/div>\n\t\t\t\t<div class=\"elementor-column elementor-col-33 elementor-top-column elementor-element elementor-element-dd5c080\" data-id=\"dd5c080\" data-element_type=\"column\">\n\t\t\t<div class=\"elementor-widget-wrap elementor-element-populated\">\n\t\t\t\t\t\t<div class=\"elementor-element elementor-element-3031343 elementor-widget elementor-widget-sidebar\" data-id=\"3031343\" data-element_type=\"widget\" data-widget_type=\"sidebar.default\">\n\t\t\t\t<div class=\"elementor-widget-container\">\n\t\t\t\t\t<div id=\"nav_menu-9\" class=\"service-widget sidebar-widget widget-2 widget_nav_menu\"><\/div><div id=\"reeko_download_brouchers-3\" class=\"service-widget sidebar-widget widget-2 widget_reeko_download_brouchers\">\t\t\n\t\t<!-- Pdf Widget -->\n\t\t<div class=\"pdf-widget\">\n\t\t\t<div class=\"widget-content\">\n\t\t\t\t<h3>Herunterladbare Dokumente<\/h3>\n\t\t\t\t<div class=\"pdf-file-list\">\n\t\t\t\t\t<a href=\"https:\/\/exis.hu\/wp-content\/uploads\/2022\/06\/Exis.hu_-1.pdf\">Exis.hu Informationen<\/a>\n\t\t\t\t\t<a href=\"\"><\/a>\n\t\t\t\t<\/div>\n\t\t\t<\/div>\n\t\t<\/div>\n\n        <\/div><div id=\"reeko_emergency_call-3\" class=\"service-widget sidebar-widget widget-2 widget_reeko_emergency_call\">        \n\t\t<!-- Phone Widget -->\n\t\t<div class=\"phone-widget\">\n\t\t\t<div class=\"widget-content\">\n\t\t\t\t<h3>Wenn Sie w\u00fcnschen, <br> sofort kontaktiert zu werden\u201d<\/h3>\n\t\t\t\t<!-- Phone Box -->\n\t\t\t\t<div class=\"phone-box\">\n\t\t\t\t\t<div class=\"box-inner\">\n\t\t\t\t\t\t<span class=\"icon flaticon-call-1\"><\/span>\n\t\t\t\t\t\tHotline\t\t\t\t\t\t<strong><a href=\"tel:3614477055\">+36 1 44 77 055<\/a><\/strong>\n\t\t\t\t\t<\/div>\n\t\t\t\t<\/div>\n\t\t\t<\/div>\n\t\t<\/div>\n\n        <\/div>\t\t\t\t<\/div>\n\t\t\t\t<\/div>\n\t\t\t\t\t<\/div>\n\t\t<\/div>\n\t\t\t\t\t<\/div>\n\t\t<\/section>\n\t\t\t\t<section class=\"elementor-section elementor-top-section elementor-element elementor-element-6d2361a elementor-section-boxed elementor-section-height-default elementor-section-height-default\" data-id=\"6d2361a\" data-element_type=\"section\">\n\t\t\t\t\t\t<div class=\"elementor-container elementor-column-gap-default\">\n\t\t\t\t\t<div class=\"elementor-column elementor-col-100 elementor-top-column elementor-element elementor-element-673c2b7\" data-id=\"673c2b7\" data-element_type=\"column\">\n\t\t\t<div class=\"elementor-widget-wrap\">\n\t\t\t\t\t\t\t<\/div>\n\t\t<\/div>\n\t\t\t\t\t<\/div>\n\t\t<\/section>\n\t\t\t\t<\/div>\n\t\t","protected":false},"excerpt":{"rendered":"<p>\u00a0 Profile roaming Wussten Sie, dass es nicht notwendig ist, jedem einzelnen Mitarbeiter einen fest zugewiesenen Schreibtisch und Computer, also einen festen Arbeitsplatz, bereitzustellen, damit er sich an jedem verf\u00fcgbaren Ger\u00e4t anmelden und mit seinem gewohnten Profil, den Einstellungen, dem Hintergrund, den Zug\u00e4ngen und Dokumenten weiterarbeiten kann? Mit Profile Roaming ben\u00f6tigen Sie bis zu 30 [&hellip;]<\/p>\n","protected":false},"author":2,"featured_media":0,"parent":0,"menu_order":0,"comment_status":"closed","ping_status":"closed","template":"tpl-default-elementor.php","meta":{"footnotes":""},"class_list":["post-5517","page","type-page","status-publish","hentry"],"yoast_head":"<!-- This site is optimized with the Yoast SEO plugin v25.3.1 - https:\/\/yoast.com\/wordpress\/plugins\/seo\/ -->\n<title>Profile roaming - Exis.hu \u2013 We solve IT<\/title>\n<meta name=\"robots\" content=\"index, follow, max-snippet:-1, max-image-preview:large, max-video-preview:-1\" \/>\n<link rel=\"canonical\" href=\"https:\/\/exis.hu\/de\/profile-roaming\/\" \/>\n<meta property=\"og:locale\" content=\"de_DE\" \/>\n<meta property=\"og:type\" content=\"article\" \/>\n<meta property=\"og:title\" content=\"Profile roaming - Exis.hu \u2013 We solve IT\" \/>\n<meta property=\"og:description\" content=\"\u00a0 Profile roaming Wussten Sie, dass es nicht notwendig ist, jedem einzelnen Mitarbeiter einen fest zugewiesenen Schreibtisch und Computer, also einen festen Arbeitsplatz, bereitzustellen, damit er sich an jedem verf\u00fcgbaren Ger\u00e4t anmelden und mit seinem gewohnten Profil, den Einstellungen, dem Hintergrund, den Zug\u00e4ngen und Dokumenten weiterarbeiten kann? Mit Profile Roaming ben\u00f6tigen Sie bis zu 30 [&hellip;]\" \/>\n<meta property=\"og:url\" content=\"https:\/\/exis.hu\/de\/profile-roaming\/\" \/>\n<meta property=\"og:site_name\" content=\"Exis.hu \u2013 We solve IT\" \/>\n<meta property=\"article:modified_time\" content=\"2025-06-23T14:55:03+00:00\" \/>\n<meta property=\"og:image\" content=\"https:\/\/exis.hu\/wp-content\/uploads\/2022\/06\/TIPP-PROFILE-ROAMING.jpg\" \/>\n<meta name=\"twitter:card\" content=\"summary_large_image\" \/>\n<meta name=\"twitter:label1\" content=\"Gesch\u00e4tzte Lesezeit\" \/>\n\t<meta name=\"twitter:data1\" content=\"1\u00a0Minute\" \/>\n<script type=\"application\/ld+json\" class=\"yoast-schema-graph\">{\"@context\":\"https:\/\/schema.org\",\"@graph\":[{\"@type\":\"WebPage\",\"@id\":\"https:\/\/exis.hu\/de\/profile-roaming\/\",\"url\":\"https:\/\/exis.hu\/de\/profile-roaming\/\",\"name\":\"Profile roaming - Exis.hu \u2013 We solve IT\",\"isPartOf\":{\"@id\":\"https:\/\/exis.hu\/#website\"},\"primaryImageOfPage\":{\"@id\":\"https:\/\/exis.hu\/de\/profile-roaming\/#primaryimage\"},\"image\":{\"@id\":\"https:\/\/exis.hu\/de\/profile-roaming\/#primaryimage\"},\"thumbnailUrl\":\"https:\/\/exis.hu\/wp-content\/uploads\/2022\/06\/TIPP-PROFILE-ROAMING.jpg\",\"datePublished\":\"2022-06-06T19:46:02+00:00\",\"dateModified\":\"2025-06-23T14:55:03+00:00\",\"inLanguage\":\"de\",\"potentialAction\":[{\"@type\":\"ReadAction\",\"target\":[\"https:\/\/exis.hu\/de\/profile-roaming\/\"]}]},{\"@type\":\"ImageObject\",\"inLanguage\":\"de\",\"@id\":\"https:\/\/exis.hu\/de\/profile-roaming\/#primaryimage\",\"url\":\"https:\/\/exis.hu\/wp-content\/uploads\/2022\/06\/TIPP-PROFILE-ROAMING.jpg\",\"contentUrl\":\"https:\/\/exis.hu\/wp-content\/uploads\/2022\/06\/TIPP-PROFILE-ROAMING.jpg\"},{\"@type\":\"WebSite\",\"@id\":\"https:\/\/exis.hu\/#website\",\"url\":\"https:\/\/exis.hu\/\",\"name\":\"Exis.hu \u2013 We solve IT\",\"description\":\"\",\"publisher\":{\"@id\":\"https:\/\/exis.hu\/#organization\"},\"potentialAction\":[{\"@type\":\"SearchAction\",\"target\":{\"@type\":\"EntryPoint\",\"urlTemplate\":\"https:\/\/exis.hu\/?s={search_term_string}\"},\"query-input\":{\"@type\":\"PropertyValueSpecification\",\"valueRequired\":true,\"valueName\":\"search_term_string\"}}],\"inLanguage\":\"de\"},{\"@type\":\"Organization\",\"@id\":\"https:\/\/exis.hu\/#organization\",\"name\":\"Exis.hu - We solve IT\",\"url\":\"https:\/\/exis.hu\/\",\"logo\":{\"@type\":\"ImageObject\",\"inLanguage\":\"de\",\"@id\":\"https:\/\/exis.hu\/#\/schema\/logo\/image\/\",\"url\":\"https:\/\/exis.hu\/wp-content\/uploads\/2022\/04\/logo_1000x1000.png\",\"contentUrl\":\"https:\/\/exis.hu\/wp-content\/uploads\/2022\/04\/logo_1000x1000.png\",\"width\":4168,\"height\":4167,\"caption\":\"Exis.hu - We solve IT\"},\"image\":{\"@id\":\"https:\/\/exis.hu\/#\/schema\/logo\/image\/\"}}]}<\/script>\n<!-- \/ Yoast SEO plugin. -->","yoast_head_json":{"title":"Profile roaming - Exis.hu \u2013 We solve IT","robots":{"index":"index","follow":"follow","max-snippet":"max-snippet:-1","max-image-preview":"max-image-preview:large","max-video-preview":"max-video-preview:-1"},"canonical":"https:\/\/exis.hu\/de\/profile-roaming\/","og_locale":"de_DE","og_type":"article","og_title":"Profile roaming - Exis.hu \u2013 We solve IT","og_description":"\u00a0 Profile roaming Wussten Sie, dass es nicht notwendig ist, jedem einzelnen Mitarbeiter einen fest zugewiesenen Schreibtisch und Computer, also einen festen Arbeitsplatz, bereitzustellen, damit er sich an jedem verf\u00fcgbaren Ger\u00e4t anmelden und mit seinem gewohnten Profil, den Einstellungen, dem Hintergrund, den Zug\u00e4ngen und Dokumenten weiterarbeiten kann? Mit Profile Roaming ben\u00f6tigen Sie bis zu 30 [&hellip;]","og_url":"https:\/\/exis.hu\/de\/profile-roaming\/","og_site_name":"Exis.hu \u2013 We solve IT","article_modified_time":"2025-06-23T14:55:03+00:00","og_image":[{"url":"https:\/\/exis.hu\/wp-content\/uploads\/2022\/06\/TIPP-PROFILE-ROAMING.jpg","type":"","width":"","height":""}],"twitter_card":"summary_large_image","twitter_misc":{"Gesch\u00e4tzte Lesezeit":"1\u00a0Minute"},"schema":{"@context":"https:\/\/schema.org","@graph":[{"@type":"WebPage","@id":"https:\/\/exis.hu\/de\/profile-roaming\/","url":"https:\/\/exis.hu\/de\/profile-roaming\/","name":"Profile roaming - Exis.hu \u2013 We solve IT","isPartOf":{"@id":"https:\/\/exis.hu\/#website"},"primaryImageOfPage":{"@id":"https:\/\/exis.hu\/de\/profile-roaming\/#primaryimage"},"image":{"@id":"https:\/\/exis.hu\/de\/profile-roaming\/#primaryimage"},"thumbnailUrl":"https:\/\/exis.hu\/wp-content\/uploads\/2022\/06\/TIPP-PROFILE-ROAMING.jpg","datePublished":"2022-06-06T19:46:02+00:00","dateModified":"2025-06-23T14:55:03+00:00","inLanguage":"de","potentialAction":[{"@type":"ReadAction","target":["https:\/\/exis.hu\/de\/profile-roaming\/"]}]},{"@type":"ImageObject","inLanguage":"de","@id":"https:\/\/exis.hu\/de\/profile-roaming\/#primaryimage","url":"https:\/\/exis.hu\/wp-content\/uploads\/2022\/06\/TIPP-PROFILE-ROAMING.jpg","contentUrl":"https:\/\/exis.hu\/wp-content\/uploads\/2022\/06\/TIPP-PROFILE-ROAMING.jpg"},{"@type":"WebSite","@id":"https:\/\/exis.hu\/#website","url":"https:\/\/exis.hu\/","name":"Exis.hu \u2013 We solve IT","description":"","publisher":{"@id":"https:\/\/exis.hu\/#organization"},"potentialAction":[{"@type":"SearchAction","target":{"@type":"EntryPoint","urlTemplate":"https:\/\/exis.hu\/?s={search_term_string}"},"query-input":{"@type":"PropertyValueSpecification","valueRequired":true,"valueName":"search_term_string"}}],"inLanguage":"de"},{"@type":"Organization","@id":"https:\/\/exis.hu\/#organization","name":"Exis.hu - We solve IT","url":"https:\/\/exis.hu\/","logo":{"@type":"ImageObject","inLanguage":"de","@id":"https:\/\/exis.hu\/#\/schema\/logo\/image\/","url":"https:\/\/exis.hu\/wp-content\/uploads\/2022\/04\/logo_1000x1000.png","contentUrl":"https:\/\/exis.hu\/wp-content\/uploads\/2022\/04\/logo_1000x1000.png","width":4168,"height":4167,"caption":"Exis.hu - We solve IT"},"image":{"@id":"https:\/\/exis.hu\/#\/schema\/logo\/image\/"}}]}},"_links":{"self":[{"href":"https:\/\/exis.hu\/de\/wp-json\/wp\/v2\/pages\/5517","targetHints":{"allow":["GET"]}}],"collection":[{"href":"https:\/\/exis.hu\/de\/wp-json\/wp\/v2\/pages"}],"about":[{"href":"https:\/\/exis.hu\/de\/wp-json\/wp\/v2\/types\/page"}],"author":[{"embeddable":true,"href":"https:\/\/exis.hu\/de\/wp-json\/wp\/v2\/users\/2"}],"replies":[{"embeddable":true,"href":"https:\/\/exis.hu\/de\/wp-json\/wp\/v2\/comments?post=5517"}],"version-history":[{"count":4,"href":"https:\/\/exis.hu\/de\/wp-json\/wp\/v2\/pages\/5517\/revisions"}],"predecessor-version":[{"id":5536,"href":"https:\/\/exis.hu\/de\/wp-json\/wp\/v2\/pages\/5517\/revisions\/5536"}],"wp:attachment":[{"href":"https:\/\/exis.hu\/de\/wp-json\/wp\/v2\/media?parent=5517"}],"curies":[{"name":"wp","href":"https:\/\/api.w.org\/{rel}","templated":true}]}}