{"id":4624,"date":"2021-07-03T20:13:32","date_gmt":"2021-07-03T18:13:32","guid":{"rendered":"https:\/\/exis.hu\/our-expertise\/infrastructure-building\/"},"modified":"2022-08-30T20:35:15","modified_gmt":"2022-08-30T18:35:15","slug":"infrastructure-building","status":"publish","type":"page","link":"https:\/\/exis.hu\/en\/our-expertise\/infrastructure-building\/","title":{"rendered":"Infrastructure building"},"content":{"rendered":"\t\t<div data-elementor-type=\"wp-page\" data-elementor-id=\"4624\" class=\"elementor elementor-4624 elementor-1093\">\n\t\t\t\t\t\t<section class=\"elementor-section elementor-top-section elementor-element elementor-element-02767ca elementor-section-full_width elementor-section-height-default elementor-section-height-default\" data-id=\"02767ca\" data-element_type=\"section\">\n\t\t\t\t\t\t<div class=\"elementor-container elementor-column-gap-default\">\n\t\t\t\t\t<div class=\"elementor-column elementor-col-100 elementor-top-column elementor-element elementor-element-1126ef7\" data-id=\"1126ef7\" data-element_type=\"column\">\n\t\t\t<div class=\"elementor-widget-wrap elementor-element-populated\">\n\t\t\t\t\t\t<div class=\"elementor-element elementor-element-9aa2133 elementor-widget elementor-widget-reeko_service_details_v1\" data-id=\"9aa2133\" data-element_type=\"widget\" data-widget_type=\"reeko_service_details_v1.default\">\n\t\t\t\t<div class=\"elementor-widget-container\">\n\t\t\t\t\t        \n        <!-- Sidebar Page Container -->\n\t\t<div class=\"sidebar-page-container\">\n\t\t\t<div class=\"auto-container\">\n\t\t\t\t<div class=\"row clearfix\">\n\n\t\t\t\t\t<!-- Sidebar Side \/ Left Sidebar -->\n\t\t\t\t\t<div class=\"sidebar-side left-sidebar col-xl-4 col-lg-4 col-md-12 col-sm-12\">\n\t\t\t\t\t\t<aside class=\"sidebar sticky-top\">\n\t\t\t\t\t\t\t<div id=\"nav_menu-8\" class=\"service-widget sidebar-widget widget-1 widget_nav_menu\"><div class=\"menu-services-menu-angol-container\"><ul id=\"menu-services-menu-angol\" class=\"menu\"><li id=\"menu-item-5087\" class=\"menu-item menu-item-type-post_type menu-item-object-page menu-item-5087\"><a href=\"https:\/\/exis.hu\/en\/our-expertise\/infrastructure-building\/\">Infrastructure building<\/a><\/li>\n<li id=\"menu-item-5088\" class=\"menu-item menu-item-type-post_type menu-item-object-page menu-item-5088\"><a href=\"https:\/\/exis.hu\/en\/our-expertise\/system-operation\/\">System operation<\/a><\/li>\n<li id=\"menu-item-5089\" class=\"menu-item menu-item-type-post_type menu-item-object-page menu-item-5089\"><a href=\"https:\/\/exis.hu\/en\/our-expertise\/system-security\/\">System security<\/a><\/li>\n<li id=\"menu-item-5090\" class=\"menu-item menu-item-type-post_type menu-item-object-page menu-item-5090\"><a href=\"https:\/\/exis.hu\/en\/our-expertise\/project-tasks\/\">Project tasks<\/a><\/li>\n<li id=\"menu-item-5091\" class=\"menu-item menu-item-type-post_type menu-item-object-page menu-item-5091\"><a href=\"https:\/\/exis.hu\/en\/our-expertise\/convenience-services\/\">Convenience services<\/a><\/li>\n<\/ul><\/div><\/div><div id=\"reeko_download_brouchers-2\" class=\"service-widget sidebar-widget widget-1 widget_reeko_download_brouchers\">\t\t\n\t\t<!-- Pdf Widget -->\n\t\t<div class=\"pdf-widget\">\n\t\t\t<div class=\"widget-content\">\n\t\t\t\t<h3>Downloadable documents<\/h3>\n\t\t\t\t<div class=\"pdf-file-list\">\n\t\t\t\t\t<a href=\"https:\/\/exis.hu\/wp-content\/uploads\/2022\/06\/Exis.hu_-1.pdf\">Exis.hu Information sheet<\/a>\n\t\t\t\t\t<a href=\"\"><\/a>\n\t\t\t\t<\/div>\n\t\t\t<\/div>\n\t\t<\/div>\n\n        <\/div><div id=\"reeko_emergency_call-2\" class=\"service-widget sidebar-widget widget-1 widget_reeko_emergency_call\">        \n\t\t<!-- Phone Widget -->\n\t\t<div class=\"phone-widget\">\n\t\t\t<div class=\"widget-content\">\n\t\t\t\t<h3>If you choose <br>to be contacted immediately<\/h3>\n\t\t\t\t<!-- Phone Box -->\n\t\t\t\t<div class=\"phone-box\">\n\t\t\t\t\t<div class=\"box-inner\">\n\t\t\t\t\t\t<span class=\"icon flaticon-call-1\"><\/span>\n\t\t\t\t\t\tHotline\t\t\t\t\t\t<strong><a href=\"tel:3614477055\">+36 1 44 77 055<\/a><\/strong>\n\t\t\t\t\t<\/div>\n\t\t\t\t<\/div>\n\t\t\t<\/div>\n\t\t<\/div>\n\n        <\/div>\t\t\t\t\t\t<\/aside>\n\t\t\t\t\t<\/div>\n\n\t\t\t\t\t<!-- Content Side \/ Right Sidebar -->\n\t\t\t\t\t<div class=\"content-side right-sidebar col-xl-8 col-lg-8 col-md-12 col-sm-12\">\n\t\t\t\t\t\t<div class=\"service-detail\">\n\t\t\t\t\t\t\t<div class=\"inner-box\">\n\t\t\t\t\t\t\t\t<h2>The incredibly valuable people behind the scenes<\/h2>\n\t\t\t\t\t\t\t\t<p>System administrators are also responsible for maintaining - and if necessary implementing - the backup and recovery policy. The same applies to the updating of new versions of the operating system and application software, and the implementation of policies on the use of the computer system and network. The system administrator is also responsible for setting security policies for users and for identity management. The system administrator takes care of user accounts, permissions, access rights and storage allocation. They offer technical support and troubleshooting for hardware and software problems with servers and storage devices. The same specialist handles issues related to application and database server operations. Thorough research is conducted to support system software procurement and development efforts on products, service protocols and standards to be implemented. All tasks performed by an administrator in an organisation require a stable Internet connection, which is maintained by the system administrator. For example, work emails can only be sent and received successfully if the mail servers are working properly.<\/p>\n\t\t\t\t\t\t\t\t<div class=\"image\">\n\t\t\t\t\t\t\t\t\t<img decoding=\"async\" src=\"https:\/\/exis.hu\/wp-content\/uploads\/2022\/05\/INFRASTRUKTURA-KIEPITES-exis.hu_-scaled.jpg\" alt=\"Awesome Image\" \/>\n\t\t\t\t\t\t\t\t<\/div>\n\t\t\t\t\t\t\t\t<p>Untimely and inadequately organised maintenance and repairs can cause significant downtime or have fatal consequences. A good system administrator will ensure and guarantee that this does not happen.<\/p>\n\t\t\t\t\t\t\t\t<div class=\"gallery-box\">\n\t\t\t\t\t\t\t\t\t<div class=\"row clearfix\">\n\n\t\t\t\t\t\t\t\t\t\t<!-- Image Column -->\n\t\t\t\t\t\t\t\t\t\t<div class=\"image-column col-lg-4 col-md-4 col-sm-6\">\n\t\t\t\t\t\t\t\t\t\t\t<img decoding=\"async\" src=\"https:\/\/exis.hu\/wp-content\/uploads\/2021\/06\/service-2.jpg\" alt=\"Awesome Image\" \/>\n\t\t\t\t\t\t\t\t\t\t<\/div>\n\t\t\t\t\t\t\t\t\t\t<!-- Image Column -->\n\t\t\t\t\t\t\t\t\t\t<div class=\"image-column col-lg-4 col-md-4 col-sm-6\">\n\t\t\t\t\t\t\t\t\t\t\t<img decoding=\"async\" src=\"https:\/\/exis.hu\/wp-content\/uploads\/2022\/05\/szoftver-es-hardverleltar-keszitese-IT-audit-scaled.jpg\" alt=\"Awesome Image\" \/>\n\t\t\t\t\t\t\t\t\t\t<\/div>\n\t\t\t\t\t\t\t\t\t\t<!-- Image Column -->\n\t\t\t\t\t\t\t\t\t\t<div class=\"image-column col-lg-4 col-md-4 col-sm-6\">\n\t\t\t\t\t\t\t\t\t\t\t<img decoding=\"async\" src=\"https:\/\/exis.hu\/wp-content\/uploads\/2022\/05\/Halozat-gondos-megtervezese-exis.hu_-scaled.jpg\" alt=\"Awesome Image\" \/>\n\t\t\t\t\t\t\t\t\t\t<\/div>\n\n\t\t\t\t\t\t\t\t\t<\/div>\n\t\t\t\t\t\t\t\t<\/div>\n\n\t\t\t\t\t\t\t\t<!-- Two Column -->\n\t\t\t\t\t\t\t\t<div class=\"two-column\">\n\t\t\t\t\t\t\t\t\t<div class=\"row clearfix\">\n\t\t\t\t\t\t\t\t\t\t<!-- Content Column -->\n\t\t\t\t\t\t\t\t\t\t<div class=\"content-column col-lg-6 col-md-6 col-sm-12\">\n\t\t\t\t\t\t\t\t\t\t\t\t\t\t\t\t\t\t\t\t\t\t<ul class=\"list-style-one\">\n\t\t\t\t\t\t\t\t\t\t\t\t\t\t\t\t\t\t\t\t\t\t\t\t<li>Careful network design, physical deployment, installation, commissioning<\/li>\n\t\t\t\t\t\t\t\t\t\t\t\t\t\t\t\t\t\t\t\t\t\t\t\t<li>Health assessment of existing computer equipment, software and hardware inventory<\/li>\n\t\t\t\t\t\t\t\t\t\t\t\t\t\t\t\t\t\t\t\t\t\t\t\t<li>Configuring local and internet networks, router and wifi setup<\/li>\n\t\t\t\t\t\t\t\t\t\t\t\t\t\t\t\t\t\t\t\t\t\t\t\t<li>Creating a digital office, setting up communication channels <\/li>\n\t\t\t\t\t\t\t\t\t\t\t\t\t\t\t\t\t\t\t\t\t\t\t<\/ul>\n\t\t\t\t\t\t\t\t\t\t\t\t\t\t\t\t\t\t\t\t\t<\/div>\n\t\t\t\t\t\t\t\t\t\t<!-- Image Column -->\n\t\t\t\t\t\t\t\t\t\t<div class=\"image-column col-lg-6 col-md-6 col-sm-12\">\n\t\t\t\t\t\t\t\t\t\t\t<img decoding=\"async\" src=\"https:\/\/exis.hu\/wp-content\/uploads\/2022\/05\/szoftver-es-hardver-scaled.jpg\" alt=\"Awesome Image\" \/>\n\t\t\t\t\t\t\t\t\t\t<\/div>\n\t\t\t\t\t\t\t\t\t<\/div>\n\t\t\t\t\t\t\t\t<\/div>\n\t\t\t\t\t\t\t\t<!-- End Two Column -->\n\t\t\t\t\t\t\t\t<p>An essential attribute of a good systems administrator is an in-depth knowledge of computer software, hardware and networks. The administrator must design, then organise, modify and support the organisation's computer systems. These professionals update and monitor everything we classify as software and hardware.<\/p>\n\t\t\t\t\t\t\t\t\n\t\t\t\t\t\t\t\t\t\t\t\t\t\t\t\t<!-- Accordian Box -->\n\t\t\t\t\t\t\t\t<ul class=\"accordion-box\">\n\t\t\t\t\t\t\t\t\t\t\t\t\t\t\t\t\t\t<!-- Block -->\n\t\t\t\t\t\t\t\t\t<li class=\"accordion block active-block\">\n\t\t\t\t\t\t\t\t\t\t<div class=\"acc-btn active\"><div class=\"icon-outer\"><span class=\"icon icon-plus fa fa-plus\"><\/span> <span class=\"icon icon-minus fa fa-minus\"><\/span><\/div>What does a system administrator actually do?<\/div>\n\t\t\t\t\t\t\t\t\t\t<div class=\"acc-content current\">\n\t\t\t\t\t\t\t\t\t\t\t<div class=\"content\">\n\t\t\t\t\t\t\t\t\t\t\t\t<div class=\"accordian-text\">He is a professional who is responsible for network setup, annual maintenance of servers (mail servers and file servers) and much more. His or her responsibilities include providing a reliable working environment, in-depth knowledge of software, hardware and networks. He or she has to design, organise and modify while maintaining operating systems, business applications, security tools, web servers, emails, laptops and desktops, but in fact it's a never-ending list.<\/div>\n\t\t\t\t\t\t\t\t\t\t\t<\/div>\n\t\t\t\t\t\t\t\t\t\t<\/div>\n\t\t\t\t\t\t\t\t\t<\/li>\n\t\t\t\t\t\t\t\t\t\t\t\t\t\t\t\t\t\t<!-- Block -->\n\t\t\t\t\t\t\t\t\t<li class=\"accordion block \">\n\t\t\t\t\t\t\t\t\t\t<div class=\"acc-btn \"><div class=\"icon-outer\"><span class=\"icon icon-plus fa fa-plus\"><\/span> <span class=\"icon icon-minus fa fa-minus\"><\/span><\/div>What is system monitoring?<\/div>\n\t\t\t\t\t\t\t\t\t\t<div class=\"acc-content \">\n\t\t\t\t\t\t\t\t\t\t\t<div class=\"content\">\n\t\t\t\t\t\t\t\t\t\t\t\t<div class=\"accordian-text\">It is the primary role of the system administrator. He or she will take care of setting up new accounts and active directory administration, creating access levels and user authentication frameworks. Tracks server performance, runs reports on system performance, monitors results.<\/div>\n\t\t\t\t\t\t\t\t\t\t\t<\/div>\n\t\t\t\t\t\t\t\t\t\t<\/div>\n\t\t\t\t\t\t\t\t\t<\/li>\n\t\t\t\t\t\t\t\t\t\t\t\t\t\t\t\t\t\t<!-- Block -->\n\t\t\t\t\t\t\t\t\t<li class=\"accordion block \">\n\t\t\t\t\t\t\t\t\t\t<div class=\"acc-btn \"><div class=\"icon-outer\"><span class=\"icon icon-plus fa fa-plus\"><\/span> <span class=\"icon icon-minus fa fa-minus\"><\/span><\/div>Why do I need a system administrator if I've been doing fine without one?<\/div>\n\t\t\t\t\t\t\t\t\t\t<div class=\"acc-content \">\n\t\t\t\t\t\t\t\t\t\t\t<div class=\"content\">\n\t\t\t\t\t\t\t\t\t\t\t\t<div class=\"accordian-text\">The question is how much more effective would it be with him? There must have been occasions when a task was only partially solved because there was not enough capacity or a competent expert present. A system administrator also means the protection and security that is needed today. They ensure that systems are secure against breaches and viruses. System administrators play an essential role in risk mitigation planning.<\/div>\n\t\t\t\t\t\t\t\t\t\t\t<\/div>\n\t\t\t\t\t\t\t\t\t\t<\/div>\n\t\t\t\t\t\t\t\t\t<\/li>\n\t\t\t\t\t\t\t\t\t\t\t\t\t\t\t\t\t\t<!-- Block -->\n\t\t\t\t\t\t\t\t\t<li class=\"accordion block \">\n\t\t\t\t\t\t\t\t\t\t<div class=\"acc-btn \"><div class=\"icon-outer\"><span class=\"icon icon-plus fa fa-plus\"><\/span> <span class=\"icon icon-minus fa fa-minus\"><\/span><\/div>When can they start?<\/div>\n\t\t\t\t\t\t\t\t\t\t<div class=\"acc-content \">\n\t\t\t\t\t\t\t\t\t\t\t<div class=\"content\">\n\t\t\t\t\t\t\t\t\t\t\t\t<div class=\"accordian-text\">Thanks to our 15+ staff and extensive experience, we can be at your service the very next day after signing a contract. Since not all knowledge and tasks are concentrated in one person, there is no problem in finding a replacement.<\/div>\n\t\t\t\t\t\t\t\t\t\t\t<\/div>\n\t\t\t\t\t\t\t\t\t\t<\/div>\n\t\t\t\t\t\t\t\t\t<\/li>\n\t\t\t\t\t\t\t\t\t\t\t\t\t\t\t\t\t<\/ul>\n\t\t\t\t\t\t\t\t\t\t\t\t\t\t\t\t\n\t\t\t\t\t\t\t<\/div>\n\t\t\t\t\t\t<\/div>\n\t\t\t\t\t<\/div>\n\n\t\t\t\t<\/div>\n\t\t\t<\/div>\n\t\t<\/div>\n\n        \t\t\t\t<\/div>\n\t\t\t\t<\/div>\n\t\t\t\t\t<\/div>\n\t\t<\/div>\n\t\t\t\t\t<\/div>\n\t\t<\/section>\n\t\t\t\t<\/div>\n\t\t","protected":false},"excerpt":{"rendered":"<p>Szolg\u00e1ltat\u00e1sok Infrastrukt\u00fara ki\u00e9p\u00edt\u00e9s Rendszer\u00fczemeltet\u00e9s Rendszerbiztons\u00e1g Projectfeladatok K\u00e9nyelmi szolg\u00e1ltat\u00e1sok Let\u00f6lthet\u0151 dokumentumok Exis.hu t\u00e1j\u00e9koztat\u00f3 Ha az azonnali kapcsolatfelv\u00e9telt v\u00e1lasztja Hotline +36 1 44 77 055 The incredibly valuable people behind the scenes System administrators are also responsible for maintaining &#8211; and if necessary implementing &#8211; the backup and recovery policy. The same applies to the updating of [&hellip;]<\/p>\n","protected":false},"author":1,"featured_media":0,"parent":4602,"menu_order":0,"comment_status":"closed","ping_status":"closed","template":"tpl-default-elementor.php","meta":{"footnotes":""},"class_list":["post-4624","page","type-page","status-publish","hentry"],"yoast_head":"<!-- This site is optimized with the Yoast SEO plugin v25.3.1 - https:\/\/yoast.com\/wordpress\/plugins\/seo\/ -->\n<title>Infrastructure building - Exis.hu \u2013 We solve IT<\/title>\n<meta name=\"robots\" content=\"index, follow, max-snippet:-1, max-image-preview:large, max-video-preview:-1\" \/>\n<link rel=\"canonical\" href=\"https:\/\/exis.hu\/en\/our-expertise\/infrastructure-building\/\" \/>\n<meta property=\"og:locale\" content=\"en_US\" \/>\n<meta property=\"og:type\" content=\"article\" \/>\n<meta property=\"og:title\" content=\"Infrastructure building - Exis.hu \u2013 We solve IT\" \/>\n<meta property=\"og:description\" content=\"Szolg\u00e1ltat\u00e1sok Infrastrukt\u00fara ki\u00e9p\u00edt\u00e9s Rendszer\u00fczemeltet\u00e9s Rendszerbiztons\u00e1g Projectfeladatok K\u00e9nyelmi szolg\u00e1ltat\u00e1sok Let\u00f6lthet\u0151 dokumentumok Exis.hu t\u00e1j\u00e9koztat\u00f3 Ha az azonnali kapcsolatfelv\u00e9telt v\u00e1lasztja Hotline +36 1 44 77 055 The incredibly valuable people behind the scenes System administrators are also responsible for maintaining &#8211; and if necessary implementing &#8211; the backup and recovery policy. The same applies to the updating of [&hellip;]\" \/>\n<meta property=\"og:url\" content=\"https:\/\/exis.hu\/en\/our-expertise\/infrastructure-building\/\" \/>\n<meta property=\"og:site_name\" content=\"Exis.hu \u2013 We solve IT\" \/>\n<meta property=\"article:modified_time\" content=\"2022-08-30T18:35:15+00:00\" \/>\n<meta property=\"og:image\" content=\"https:\/\/exis.hu\/wp-content\/uploads\/2022\/05\/INFRASTRUKTURA-KIEPITES-exis.hu_-scaled.jpg\" \/>\n<meta name=\"twitter:card\" content=\"summary_large_image\" \/>\n<meta name=\"twitter:label1\" content=\"Est. reading time\" \/>\n\t<meta name=\"twitter:data1\" content=\"4 minutes\" \/>\n<script type=\"application\/ld+json\" class=\"yoast-schema-graph\">{\"@context\":\"https:\/\/schema.org\",\"@graph\":[{\"@type\":\"WebPage\",\"@id\":\"https:\/\/exis.hu\/en\/our-expertise\/infrastructure-building\/\",\"url\":\"https:\/\/exis.hu\/en\/our-expertise\/infrastructure-building\/\",\"name\":\"Infrastructure building - Exis.hu \u2013 We solve IT\",\"isPartOf\":{\"@id\":\"https:\/\/exis.hu\/#website\"},\"primaryImageOfPage\":{\"@id\":\"https:\/\/exis.hu\/en\/our-expertise\/infrastructure-building\/#primaryimage\"},\"image\":{\"@id\":\"https:\/\/exis.hu\/en\/our-expertise\/infrastructure-building\/#primaryimage\"},\"thumbnailUrl\":\"https:\/\/exis.hu\/wp-content\/uploads\/2022\/05\/INFRASTRUKTURA-KIEPITES-exis.hu_-scaled.jpg\",\"datePublished\":\"2021-07-03T18:13:32+00:00\",\"dateModified\":\"2022-08-30T18:35:15+00:00\",\"breadcrumb\":{\"@id\":\"https:\/\/exis.hu\/en\/our-expertise\/infrastructure-building\/#breadcrumb\"},\"inLanguage\":\"en-US\",\"potentialAction\":[{\"@type\":\"ReadAction\",\"target\":[\"https:\/\/exis.hu\/en\/our-expertise\/infrastructure-building\/\"]}]},{\"@type\":\"ImageObject\",\"inLanguage\":\"en-US\",\"@id\":\"https:\/\/exis.hu\/en\/our-expertise\/infrastructure-building\/#primaryimage\",\"url\":\"https:\/\/exis.hu\/wp-content\/uploads\/2022\/05\/INFRASTRUKTURA-KIEPITES-exis.hu_-scaled.jpg\",\"contentUrl\":\"https:\/\/exis.hu\/wp-content\/uploads\/2022\/05\/INFRASTRUKTURA-KIEPITES-exis.hu_-scaled.jpg\"},{\"@type\":\"BreadcrumbList\",\"@id\":\"https:\/\/exis.hu\/en\/our-expertise\/infrastructure-building\/#breadcrumb\",\"itemListElement\":[{\"@type\":\"ListItem\",\"position\":1,\"name\":\"Our expertise\",\"item\":\"https:\/\/exis.hu\/en\/our-expertise\/\"},{\"@type\":\"ListItem\",\"position\":2,\"name\":\"Infrastructure building\"}]},{\"@type\":\"WebSite\",\"@id\":\"https:\/\/exis.hu\/#website\",\"url\":\"https:\/\/exis.hu\/\",\"name\":\"Exis.hu \u2013 We solve IT\",\"description\":\"\",\"publisher\":{\"@id\":\"https:\/\/exis.hu\/#organization\"},\"potentialAction\":[{\"@type\":\"SearchAction\",\"target\":{\"@type\":\"EntryPoint\",\"urlTemplate\":\"https:\/\/exis.hu\/?s={search_term_string}\"},\"query-input\":{\"@type\":\"PropertyValueSpecification\",\"valueRequired\":true,\"valueName\":\"search_term_string\"}}],\"inLanguage\":\"en-US\"},{\"@type\":\"Organization\",\"@id\":\"https:\/\/exis.hu\/#organization\",\"name\":\"Exis.hu - We solve IT\",\"url\":\"https:\/\/exis.hu\/\",\"logo\":{\"@type\":\"ImageObject\",\"inLanguage\":\"en-US\",\"@id\":\"https:\/\/exis.hu\/#\/schema\/logo\/image\/\",\"url\":\"https:\/\/exis.hu\/wp-content\/uploads\/2022\/04\/logo_1000x1000.png\",\"contentUrl\":\"https:\/\/exis.hu\/wp-content\/uploads\/2022\/04\/logo_1000x1000.png\",\"width\":4168,\"height\":4167,\"caption\":\"Exis.hu - We solve IT\"},\"image\":{\"@id\":\"https:\/\/exis.hu\/#\/schema\/logo\/image\/\"}}]}<\/script>\n<!-- \/ Yoast SEO plugin. -->","yoast_head_json":{"title":"Infrastructure building - Exis.hu \u2013 We solve IT","robots":{"index":"index","follow":"follow","max-snippet":"max-snippet:-1","max-image-preview":"max-image-preview:large","max-video-preview":"max-video-preview:-1"},"canonical":"https:\/\/exis.hu\/en\/our-expertise\/infrastructure-building\/","og_locale":"en_US","og_type":"article","og_title":"Infrastructure building - Exis.hu \u2013 We solve IT","og_description":"Szolg\u00e1ltat\u00e1sok Infrastrukt\u00fara ki\u00e9p\u00edt\u00e9s Rendszer\u00fczemeltet\u00e9s Rendszerbiztons\u00e1g Projectfeladatok K\u00e9nyelmi szolg\u00e1ltat\u00e1sok Let\u00f6lthet\u0151 dokumentumok Exis.hu t\u00e1j\u00e9koztat\u00f3 Ha az azonnali kapcsolatfelv\u00e9telt v\u00e1lasztja Hotline +36 1 44 77 055 The incredibly valuable people behind the scenes System administrators are also responsible for maintaining &#8211; and if necessary implementing &#8211; the backup and recovery policy. The same applies to the updating of [&hellip;]","og_url":"https:\/\/exis.hu\/en\/our-expertise\/infrastructure-building\/","og_site_name":"Exis.hu \u2013 We solve IT","article_modified_time":"2022-08-30T18:35:15+00:00","og_image":[{"url":"https:\/\/exis.hu\/wp-content\/uploads\/2022\/05\/INFRASTRUKTURA-KIEPITES-exis.hu_-scaled.jpg","type":"","width":"","height":""}],"twitter_card":"summary_large_image","twitter_misc":{"Est. reading time":"4 minutes"},"schema":{"@context":"https:\/\/schema.org","@graph":[{"@type":"WebPage","@id":"https:\/\/exis.hu\/en\/our-expertise\/infrastructure-building\/","url":"https:\/\/exis.hu\/en\/our-expertise\/infrastructure-building\/","name":"Infrastructure building - Exis.hu \u2013 We solve IT","isPartOf":{"@id":"https:\/\/exis.hu\/#website"},"primaryImageOfPage":{"@id":"https:\/\/exis.hu\/en\/our-expertise\/infrastructure-building\/#primaryimage"},"image":{"@id":"https:\/\/exis.hu\/en\/our-expertise\/infrastructure-building\/#primaryimage"},"thumbnailUrl":"https:\/\/exis.hu\/wp-content\/uploads\/2022\/05\/INFRASTRUKTURA-KIEPITES-exis.hu_-scaled.jpg","datePublished":"2021-07-03T18:13:32+00:00","dateModified":"2022-08-30T18:35:15+00:00","breadcrumb":{"@id":"https:\/\/exis.hu\/en\/our-expertise\/infrastructure-building\/#breadcrumb"},"inLanguage":"en-US","potentialAction":[{"@type":"ReadAction","target":["https:\/\/exis.hu\/en\/our-expertise\/infrastructure-building\/"]}]},{"@type":"ImageObject","inLanguage":"en-US","@id":"https:\/\/exis.hu\/en\/our-expertise\/infrastructure-building\/#primaryimage","url":"https:\/\/exis.hu\/wp-content\/uploads\/2022\/05\/INFRASTRUKTURA-KIEPITES-exis.hu_-scaled.jpg","contentUrl":"https:\/\/exis.hu\/wp-content\/uploads\/2022\/05\/INFRASTRUKTURA-KIEPITES-exis.hu_-scaled.jpg"},{"@type":"BreadcrumbList","@id":"https:\/\/exis.hu\/en\/our-expertise\/infrastructure-building\/#breadcrumb","itemListElement":[{"@type":"ListItem","position":1,"name":"Our expertise","item":"https:\/\/exis.hu\/en\/our-expertise\/"},{"@type":"ListItem","position":2,"name":"Infrastructure building"}]},{"@type":"WebSite","@id":"https:\/\/exis.hu\/#website","url":"https:\/\/exis.hu\/","name":"Exis.hu \u2013 We solve IT","description":"","publisher":{"@id":"https:\/\/exis.hu\/#organization"},"potentialAction":[{"@type":"SearchAction","target":{"@type":"EntryPoint","urlTemplate":"https:\/\/exis.hu\/?s={search_term_string}"},"query-input":{"@type":"PropertyValueSpecification","valueRequired":true,"valueName":"search_term_string"}}],"inLanguage":"en-US"},{"@type":"Organization","@id":"https:\/\/exis.hu\/#organization","name":"Exis.hu - We solve IT","url":"https:\/\/exis.hu\/","logo":{"@type":"ImageObject","inLanguage":"en-US","@id":"https:\/\/exis.hu\/#\/schema\/logo\/image\/","url":"https:\/\/exis.hu\/wp-content\/uploads\/2022\/04\/logo_1000x1000.png","contentUrl":"https:\/\/exis.hu\/wp-content\/uploads\/2022\/04\/logo_1000x1000.png","width":4168,"height":4167,"caption":"Exis.hu - We solve IT"},"image":{"@id":"https:\/\/exis.hu\/#\/schema\/logo\/image\/"}}]}},"_links":{"self":[{"href":"https:\/\/exis.hu\/en\/wp-json\/wp\/v2\/pages\/4624","targetHints":{"allow":["GET"]}}],"collection":[{"href":"https:\/\/exis.hu\/en\/wp-json\/wp\/v2\/pages"}],"about":[{"href":"https:\/\/exis.hu\/en\/wp-json\/wp\/v2\/types\/page"}],"author":[{"embeddable":true,"href":"https:\/\/exis.hu\/en\/wp-json\/wp\/v2\/users\/1"}],"replies":[{"embeddable":true,"href":"https:\/\/exis.hu\/en\/wp-json\/wp\/v2\/comments?post=4624"}],"version-history":[{"count":11,"href":"https:\/\/exis.hu\/en\/wp-json\/wp\/v2\/pages\/4624\/revisions"}],"predecessor-version":[{"id":5637,"href":"https:\/\/exis.hu\/en\/wp-json\/wp\/v2\/pages\/4624\/revisions\/5637"}],"up":[{"embeddable":true,"href":"https:\/\/exis.hu\/en\/wp-json\/wp\/v2\/pages\/4602"}],"wp:attachment":[{"href":"https:\/\/exis.hu\/en\/wp-json\/wp\/v2\/media?parent=4624"}],"curies":[{"name":"wp","href":"https:\/\/api.w.org\/{rel}","templated":true}]}}