{"id":4655,"date":"2021-06-30T21:15:59","date_gmt":"2021-06-30T19:15:59","guid":{"rendered":"https:\/\/exis.hu\/our-expertise\/project-tasks\/"},"modified":"2022-09-25T22:10:22","modified_gmt":"2022-09-25T20:10:22","slug":"project-tasks","status":"publish","type":"page","link":"https:\/\/exis.hu\/en\/our-expertise\/project-tasks\/","title":{"rendered":"Project tasks"},"content":{"rendered":"\t\t<div data-elementor-type=\"wp-page\" data-elementor-id=\"4655\" class=\"elementor elementor-4655 elementor-719\">\n\t\t\t\t\t\t<section class=\"elementor-section elementor-top-section elementor-element elementor-element-02767ca elementor-section-full_width elementor-section-height-default elementor-section-height-default\" data-id=\"02767ca\" data-element_type=\"section\">\n\t\t\t\t\t\t<div class=\"elementor-container elementor-column-gap-default\">\n\t\t\t\t\t<div class=\"elementor-column elementor-col-100 elementor-top-column elementor-element elementor-element-1126ef7\" data-id=\"1126ef7\" data-element_type=\"column\">\n\t\t\t<div class=\"elementor-widget-wrap elementor-element-populated\">\n\t\t\t\t\t\t<div class=\"elementor-element elementor-element-9aa2133 elementor-widget elementor-widget-reeko_service_details_v1\" data-id=\"9aa2133\" data-element_type=\"widget\" data-widget_type=\"reeko_service_details_v1.default\">\n\t\t\t\t<div class=\"elementor-widget-container\">\n\t\t\t\t\t        \n        <!-- Sidebar Page Container -->\n\t\t<div class=\"sidebar-page-container\">\n\t\t\t<div class=\"auto-container\">\n\t\t\t\t<div class=\"row clearfix\">\n\n\t\t\t\t\t<!-- Sidebar Side \/ Left Sidebar -->\n\t\t\t\t\t<div class=\"sidebar-side left-sidebar col-xl-4 col-lg-4 col-md-12 col-sm-12\">\n\t\t\t\t\t\t<aside class=\"sidebar sticky-top\">\n\t\t\t\t\t\t\t<div id=\"nav_menu-8\" class=\"service-widget sidebar-widget widget-1 widget_nav_menu\"><div class=\"menu-services-menu-angol-container\"><ul id=\"menu-services-menu-angol\" class=\"menu\"><li id=\"menu-item-5087\" class=\"menu-item menu-item-type-post_type menu-item-object-page menu-item-5087\"><a href=\"https:\/\/exis.hu\/en\/our-expertise\/infrastructure-building\/\">Infrastructure building<\/a><\/li>\n<li id=\"menu-item-5088\" class=\"menu-item menu-item-type-post_type menu-item-object-page menu-item-5088\"><a href=\"https:\/\/exis.hu\/en\/our-expertise\/system-operation\/\">System operation<\/a><\/li>\n<li id=\"menu-item-5089\" class=\"menu-item menu-item-type-post_type menu-item-object-page menu-item-5089\"><a href=\"https:\/\/exis.hu\/en\/our-expertise\/system-security\/\">System security<\/a><\/li>\n<li id=\"menu-item-5090\" class=\"menu-item menu-item-type-post_type menu-item-object-page menu-item-5090\"><a href=\"https:\/\/exis.hu\/en\/our-expertise\/project-tasks\/\">Project tasks<\/a><\/li>\n<li id=\"menu-item-5091\" class=\"menu-item menu-item-type-post_type menu-item-object-page menu-item-5091\"><a href=\"https:\/\/exis.hu\/en\/our-expertise\/convenience-services\/\">Convenience services<\/a><\/li>\n<\/ul><\/div><\/div><div id=\"reeko_download_brouchers-2\" class=\"service-widget sidebar-widget widget-1 widget_reeko_download_brouchers\">\t\t\n\t\t<!-- Pdf Widget -->\n\t\t<div class=\"pdf-widget\">\n\t\t\t<div class=\"widget-content\">\n\t\t\t\t<h3>Downloadable documents<\/h3>\n\t\t\t\t<div class=\"pdf-file-list\">\n\t\t\t\t\t<a href=\"https:\/\/exis.hu\/wp-content\/uploads\/2022\/06\/Exis.hu_-1.pdf\">Exis.hu Information sheet<\/a>\n\t\t\t\t\t<a href=\"\"><\/a>\n\t\t\t\t<\/div>\n\t\t\t<\/div>\n\t\t<\/div>\n\n        <\/div><div id=\"reeko_emergency_call-2\" class=\"service-widget sidebar-widget widget-1 widget_reeko_emergency_call\">        \n\t\t<!-- Phone Widget -->\n\t\t<div class=\"phone-widget\">\n\t\t\t<div class=\"widget-content\">\n\t\t\t\t<h3>If you choose <br>to be contacted immediately<\/h3>\n\t\t\t\t<!-- Phone Box -->\n\t\t\t\t<div class=\"phone-box\">\n\t\t\t\t\t<div class=\"box-inner\">\n\t\t\t\t\t\t<span class=\"icon flaticon-call-1\"><\/span>\n\t\t\t\t\t\tHotline\t\t\t\t\t\t<strong><a href=\"tel:3614477055\">+36 1 44 77 055<\/a><\/strong>\n\t\t\t\t\t<\/div>\n\t\t\t\t<\/div>\n\t\t\t<\/div>\n\t\t<\/div>\n\n        <\/div>\t\t\t\t\t\t<\/aside>\n\t\t\t\t\t<\/div>\n\n\t\t\t\t\t<!-- Content Side \/ Right Sidebar -->\n\t\t\t\t\t<div class=\"content-side right-sidebar col-xl-8 col-lg-8 col-md-12 col-sm-12\">\n\t\t\t\t\t\t<div class=\"service-detail\">\n\t\t\t\t\t\t\t<div class=\"inner-box\">\n\t\t\t\t\t\t\t\t<h2>If you need a flexible team...<\/h2>\n\t\t\t\t\t\t\t\t<p>... we are the best choice. We know that implementing new ideas can always be a major financial investment. The Exis.hu team will always find the best solution for you (what's possible vs. what's worth it). A well-timed development, a well-planned capacity expansion can mean significant progress and growth for your company.<\/p>\n\t\t\t\t\t\t\t\t<div class=\"image\">\n\t\t\t\t\t\t\t\t\t<img decoding=\"async\" src=\"https:\/\/exis.hu\/wp-content\/uploads\/2022\/05\/projectek-exis.hu_.jpg\" alt=\"Awesome Image\" \/>\n\t\t\t\t\t\t\t\t<\/div>\n\t\t\t\t\t\t\t\t<p>Our experts are ready to help you stay on top of IT innovations, modernise your existing inventory, or take advantage of the many new opportunities that can make your and your colleagues' everyday lives easier. <\/p>\n\t\t\t\t\t\t\t\t<div class=\"gallery-box\">\n\t\t\t\t\t\t\t\t\t<div class=\"row clearfix\">\n\n\t\t\t\t\t\t\t\t\t\t<!-- Image Column -->\n\t\t\t\t\t\t\t\t\t\t<div class=\"image-column col-lg-4 col-md-4 col-sm-6\">\n\t\t\t\t\t\t\t\t\t\t\t<img decoding=\"async\" src=\"https:\/\/exis.hu\/wp-content\/uploads\/2021\/06\/service-2.jpg\" alt=\"Awesome Image\" \/>\n\t\t\t\t\t\t\t\t\t\t<\/div>\n\t\t\t\t\t\t\t\t\t\t<!-- Image Column -->\n\t\t\t\t\t\t\t\t\t\t<div class=\"image-column col-lg-4 col-md-4 col-sm-6\">\n\t\t\t\t\t\t\t\t\t\t\t<img decoding=\"async\" src=\"https:\/\/exis.hu\/wp-content\/uploads\/2021\/06\/service-3.jpg\" alt=\"Awesome Image\" \/>\n\t\t\t\t\t\t\t\t\t\t<\/div>\n\t\t\t\t\t\t\t\t\t\t<!-- Image Column -->\n\t\t\t\t\t\t\t\t\t\t<div class=\"image-column col-lg-4 col-md-4 col-sm-6\">\n\t\t\t\t\t\t\t\t\t\t\t<img decoding=\"async\" src=\"https:\/\/exis.hu\/wp-content\/uploads\/2022\/05\/server9.jpg\" alt=\"Awesome Image\" \/>\n\t\t\t\t\t\t\t\t\t\t<\/div>\n\n\t\t\t\t\t\t\t\t\t<\/div>\n\t\t\t\t\t\t\t\t<\/div>\n\n\t\t\t\t\t\t\t\t<!-- Two Column -->\n\t\t\t\t\t\t\t\t<div class=\"two-column\">\n\t\t\t\t\t\t\t\t\t<div class=\"row clearfix\">\n\t\t\t\t\t\t\t\t\t\t<!-- Content Column -->\n\t\t\t\t\t\t\t\t\t\t<div class=\"content-column col-lg-6 col-md-6 col-sm-12\">\n\t\t\t\t\t\t\t\t\t\t\t\t\t\t\t\t\t\t\t\t\t\t<ul class=\"list-style-one\">\n\t\t\t\t\t\t\t\t\t\t\t\t\t\t\t\t\t\t\t\t\t\t\t\t<li>Installation and commissioning of software ERP, CRM, Intranet, etc. systems<\/li>\n\t\t\t\t\t\t\t\t\t\t\t\t\t\t\t\t\t\t\t\t\t\t\t\t<li>Setting up folder systems, developing an archiving system, supervising backups<\/li>\n\t\t\t\t\t\t\t\t\t\t\t\t\t\t\t\t\t\t\t\t\t\t\t\t<li>Diagnosis and repair of equipment faults, virus and spyware removal<\/li>\n\t\t\t\t\t\t\t\t\t\t\t\t\t\t\t\t\t\t\t\t\t\t\t\t<li>Optimising device use<\/li>\n\t\t\t\t\t\t\t\t\t\t\t\t\t\t\t\t\t\t\t\t\t\t\t<\/ul>\n\t\t\t\t\t\t\t\t\t\t\t\t\t\t\t\t\t\t\t\t\t<\/div>\n\t\t\t\t\t\t\t\t\t\t<!-- Image Column -->\n\t\t\t\t\t\t\t\t\t\t<div class=\"image-column col-lg-6 col-md-6 col-sm-12\">\n\t\t\t\t\t\t\t\t\t\t\t<img decoding=\"async\" src=\"https:\/\/exis.hu\/wp-content\/uploads\/2022\/05\/softver-rendszerek-exis.hu_.jpg\" alt=\"Awesome Image\" \/>\n\t\t\t\t\t\t\t\t\t\t<\/div>\n\t\t\t\t\t\t\t\t\t<\/div>\n\t\t\t\t\t\t\t\t<\/div>\n\t\t\t\t\t\t\t\t<!-- End Two Column -->\n\t\t\t\t\t\t\t\t<p>Have you ever thought about how great a new, more powerful printer would be? We'll help you choose the best one for you and take care of everything for you, from negotiating with suppliers to installation, maintenance and reordering of consumables (ink cartridges). Have you ever thought how great it would be to have a digital switchboard with a menu system to end the post-it era? Share your ideas with us and we'll help you make them happen!<\/p>\n\t\t\t\t\t\t\t\t\n\t\t\t\t\t\t\t\t\t\t\t\t\t\t\t\t<!-- Accordian Box -->\n\t\t\t\t\t\t\t\t<ul class=\"accordion-box\">\n\t\t\t\t\t\t\t\t\t\t\t\t\t\t\t\t\t\t<!-- Block -->\n\t\t\t\t\t\t\t\t\t<li class=\"accordion block active-block\">\n\t\t\t\t\t\t\t\t\t\t<div class=\"acc-btn active\"><div class=\"icon-outer\"><span class=\"icon icon-plus fa fa-plus\"><\/span> <span class=\"icon icon-minus fa fa-minus\"><\/span><\/div>I'm not IT-savvy, but I'm wondering whether you see any opportunities that could help my business move forward. I have no concrete idea, can you help me?<\/div>\n\t\t\t\t\t\t\t\t\t\t<div class=\"acc-content current\">\n\t\t\t\t\t\t\t\t\t\t\t<div class=\"content\">\n\t\t\t\t\t\t\t\t\t\t\t\t<div class=\"accordian-text\">We always strive to keep our knowledge up to date, thanks to our colleagues' insatiable appetite for innovation and development. Accordingly, whether you have an idea - or not - of where IT could help you improve, we can help you not only to dream it up, but also to implement it, e.g. setting up an automated telephone menu system.<\/div>\n\t\t\t\t\t\t\t\t\t\t\t<\/div>\n\t\t\t\t\t\t\t\t\t\t<\/div>\n\t\t\t\t\t\t\t\t\t<\/li>\n\t\t\t\t\t\t\t\t\t\t\t\t\t\t\t\t\t\t<!-- Block -->\n\t\t\t\t\t\t\t\t\t<li class=\"accordion block \">\n\t\t\t\t\t\t\t\t\t\t<div class=\"acc-btn \"><div class=\"icon-outer\"><span class=\"icon icon-plus fa fa-plus\"><\/span> <span class=\"icon icon-minus fa fa-minus\"><\/span><\/div>What investment does your work require from me?<\/div>\n\t\t\t\t\t\t\t\t\t\t<div class=\"acc-content \">\n\t\t\t\t\t\t\t\t\t\t\t<div class=\"content\">\n\t\t\t\t\t\t\t\t\t\t\t\t<div class=\"accordian-text\">If you are interested, please contact us to arrange a meeting in person to assess your needs. We have a range of packages to choose from, but we can also tailor them to your needs to make our service as convenient as possible for you.<\/div>\n\t\t\t\t\t\t\t\t\t\t\t<\/div>\n\t\t\t\t\t\t\t\t\t\t<\/div>\n\t\t\t\t\t\t\t\t\t<\/li>\n\t\t\t\t\t\t\t\t\t\t\t\t\t\t\t\t\t\t<!-- Block -->\n\t\t\t\t\t\t\t\t\t<li class=\"accordion block \">\n\t\t\t\t\t\t\t\t\t\t<div class=\"acc-btn \"><div class=\"icon-outer\"><span class=\"icon icon-plus fa fa-plus\"><\/span> <span class=\"icon icon-minus fa fa-minus\"><\/span><\/div>Can you help us train our colleagues?<\/div>\n\t\t\t\t\t\t\t\t\t\t<div class=\"acc-content \">\n\t\t\t\t\t\t\t\t\t\t\t<div class=\"content\">\n\t\t\t\t\t\t\t\t\t\t\t\t<div class=\"accordian-text\">Of course, when it comes to the introduction or parameterisation of new systems, we are also happy to help with the initial training of colleagues. We are also available if you need a demonstration of IT systems or just need to brush up on your everyday IT knowledge.<\/div>\n\t\t\t\t\t\t\t\t\t\t\t<\/div>\n\t\t\t\t\t\t\t\t\t\t<\/div>\n\t\t\t\t\t\t\t\t\t<\/li>\n\t\t\t\t\t\t\t\t\t\t\t\t\t\t\t\t\t\t<!-- Block -->\n\t\t\t\t\t\t\t\t\t<li class=\"accordion block \">\n\t\t\t\t\t\t\t\t\t\t<div class=\"acc-btn \"><div class=\"icon-outer\"><span class=\"icon icon-plus fa fa-plus\"><\/span> <span class=\"icon icon-minus fa fa-minus\"><\/span><\/div>When can they start?<\/div>\n\t\t\t\t\t\t\t\t\t\t<div class=\"acc-content \">\n\t\t\t\t\t\t\t\t\t\t\t<div class=\"content\">\n\t\t\t\t\t\t\t\t\t\t\t\t<div class=\"accordian-text\">Thanks to our 15+ staff and extensive experience, we can be at your service the very next day after signing a contract. Since not all knowledge and tasks are concentrated in one person, there is no problem in finding a replacement.<\/div>\n\t\t\t\t\t\t\t\t\t\t\t<\/div>\n\t\t\t\t\t\t\t\t\t\t<\/div>\n\t\t\t\t\t\t\t\t\t<\/li>\n\t\t\t\t\t\t\t\t\t\t\t\t\t\t\t\t\t<\/ul>\n\t\t\t\t\t\t\t\t\t\t\t\t\t\t\t\t\n\t\t\t\t\t\t\t<\/div>\n\t\t\t\t\t\t<\/div>\n\t\t\t\t\t<\/div>\n\n\t\t\t\t<\/div>\n\t\t\t<\/div>\n\t\t<\/div>\n\n        \t\t\t\t<\/div>\n\t\t\t\t<\/div>\n\t\t\t\t\t<\/div>\n\t\t<\/div>\n\t\t\t\t\t<\/div>\n\t\t<\/section>\n\t\t\t\t<\/div>\n\t\t","protected":false},"excerpt":{"rendered":"<p>Szolg\u00e1ltat\u00e1sok Infrastrukt\u00fara ki\u00e9p\u00edt\u00e9s Rendszer\u00fczemeltet\u00e9s Rendszerbiztons\u00e1g Projectfeladatok K\u00e9nyelmi szolg\u00e1ltat\u00e1sok Downloadable documents Exis.hu Information sheet If you choose to be contacted immediately Hotline +36 1 44 77 055 If you need a flexible team&#8230; &#8230; we are the best choice. We know that implementing new ideas can always be a major financial investment. The Exis.hu team will [&hellip;]<\/p>\n","protected":false},"author":1,"featured_media":0,"parent":4602,"menu_order":0,"comment_status":"closed","ping_status":"closed","template":"tpl-default-elementor.php","meta":{"footnotes":""},"class_list":["post-4655","page","type-page","status-publish","hentry"],"yoast_head":"<!-- This site is optimized with the Yoast SEO plugin v25.3.1 - https:\/\/yoast.com\/wordpress\/plugins\/seo\/ -->\n<title>Project tasks - Exis.hu \u2013 We solve IT<\/title>\n<meta name=\"robots\" content=\"index, follow, max-snippet:-1, max-image-preview:large, max-video-preview:-1\" \/>\n<link rel=\"canonical\" href=\"https:\/\/exis.hu\/en\/our-expertise\/project-tasks\/\" \/>\n<meta property=\"og:locale\" content=\"en_US\" \/>\n<meta property=\"og:type\" content=\"article\" \/>\n<meta property=\"og:title\" content=\"Project tasks - Exis.hu \u2013 We solve IT\" \/>\n<meta property=\"og:description\" content=\"Szolg\u00e1ltat\u00e1sok Infrastrukt\u00fara ki\u00e9p\u00edt\u00e9s Rendszer\u00fczemeltet\u00e9s Rendszerbiztons\u00e1g Projectfeladatok K\u00e9nyelmi szolg\u00e1ltat\u00e1sok Downloadable documents Exis.hu Information sheet If you choose to be contacted immediately Hotline +36 1 44 77 055 If you need a flexible team&#8230; &#8230; we are the best choice. We know that implementing new ideas can always be a major financial investment. The Exis.hu team will [&hellip;]\" \/>\n<meta property=\"og:url\" content=\"https:\/\/exis.hu\/en\/our-expertise\/project-tasks\/\" \/>\n<meta property=\"og:site_name\" content=\"Exis.hu \u2013 We solve IT\" \/>\n<meta property=\"article:modified_time\" content=\"2022-09-25T20:10:22+00:00\" \/>\n<meta property=\"og:image\" content=\"https:\/\/exis.hu\/wp-content\/uploads\/2022\/05\/projectek-exis.hu_.jpg\" \/>\n<meta name=\"twitter:card\" content=\"summary_large_image\" \/>\n<meta name=\"twitter:label1\" content=\"Est. reading time\" \/>\n\t<meta name=\"twitter:data1\" content=\"4 minutes\" \/>\n<script type=\"application\/ld+json\" class=\"yoast-schema-graph\">{\"@context\":\"https:\/\/schema.org\",\"@graph\":[{\"@type\":\"WebPage\",\"@id\":\"https:\/\/exis.hu\/en\/our-expertise\/project-tasks\/\",\"url\":\"https:\/\/exis.hu\/en\/our-expertise\/project-tasks\/\",\"name\":\"Project tasks - Exis.hu \u2013 We solve IT\",\"isPartOf\":{\"@id\":\"https:\/\/exis.hu\/#website\"},\"primaryImageOfPage\":{\"@id\":\"https:\/\/exis.hu\/en\/our-expertise\/project-tasks\/#primaryimage\"},\"image\":{\"@id\":\"https:\/\/exis.hu\/en\/our-expertise\/project-tasks\/#primaryimage\"},\"thumbnailUrl\":\"https:\/\/exis.hu\/wp-content\/uploads\/2022\/05\/projectek-exis.hu_.jpg\",\"datePublished\":\"2021-06-30T19:15:59+00:00\",\"dateModified\":\"2022-09-25T20:10:22+00:00\",\"breadcrumb\":{\"@id\":\"https:\/\/exis.hu\/en\/our-expertise\/project-tasks\/#breadcrumb\"},\"inLanguage\":\"en-US\",\"potentialAction\":[{\"@type\":\"ReadAction\",\"target\":[\"https:\/\/exis.hu\/en\/our-expertise\/project-tasks\/\"]}]},{\"@type\":\"ImageObject\",\"inLanguage\":\"en-US\",\"@id\":\"https:\/\/exis.hu\/en\/our-expertise\/project-tasks\/#primaryimage\",\"url\":\"https:\/\/exis.hu\/wp-content\/uploads\/2022\/05\/projectek-exis.hu_.jpg\",\"contentUrl\":\"https:\/\/exis.hu\/wp-content\/uploads\/2022\/05\/projectek-exis.hu_.jpg\"},{\"@type\":\"BreadcrumbList\",\"@id\":\"https:\/\/exis.hu\/en\/our-expertise\/project-tasks\/#breadcrumb\",\"itemListElement\":[{\"@type\":\"ListItem\",\"position\":1,\"name\":\"Our expertise\",\"item\":\"https:\/\/exis.hu\/en\/our-expertise\/\"},{\"@type\":\"ListItem\",\"position\":2,\"name\":\"Project tasks\"}]},{\"@type\":\"WebSite\",\"@id\":\"https:\/\/exis.hu\/#website\",\"url\":\"https:\/\/exis.hu\/\",\"name\":\"Exis.hu \u2013 We solve IT\",\"description\":\"\",\"publisher\":{\"@id\":\"https:\/\/exis.hu\/#organization\"},\"potentialAction\":[{\"@type\":\"SearchAction\",\"target\":{\"@type\":\"EntryPoint\",\"urlTemplate\":\"https:\/\/exis.hu\/?s={search_term_string}\"},\"query-input\":{\"@type\":\"PropertyValueSpecification\",\"valueRequired\":true,\"valueName\":\"search_term_string\"}}],\"inLanguage\":\"en-US\"},{\"@type\":\"Organization\",\"@id\":\"https:\/\/exis.hu\/#organization\",\"name\":\"Exis.hu - We solve IT\",\"url\":\"https:\/\/exis.hu\/\",\"logo\":{\"@type\":\"ImageObject\",\"inLanguage\":\"en-US\",\"@id\":\"https:\/\/exis.hu\/#\/schema\/logo\/image\/\",\"url\":\"https:\/\/exis.hu\/wp-content\/uploads\/2022\/04\/logo_1000x1000.png\",\"contentUrl\":\"https:\/\/exis.hu\/wp-content\/uploads\/2022\/04\/logo_1000x1000.png\",\"width\":4168,\"height\":4167,\"caption\":\"Exis.hu - We solve IT\"},\"image\":{\"@id\":\"https:\/\/exis.hu\/#\/schema\/logo\/image\/\"}}]}<\/script>\n<!-- \/ Yoast SEO plugin. -->","yoast_head_json":{"title":"Project tasks - Exis.hu \u2013 We solve IT","robots":{"index":"index","follow":"follow","max-snippet":"max-snippet:-1","max-image-preview":"max-image-preview:large","max-video-preview":"max-video-preview:-1"},"canonical":"https:\/\/exis.hu\/en\/our-expertise\/project-tasks\/","og_locale":"en_US","og_type":"article","og_title":"Project tasks - Exis.hu \u2013 We solve IT","og_description":"Szolg\u00e1ltat\u00e1sok Infrastrukt\u00fara ki\u00e9p\u00edt\u00e9s Rendszer\u00fczemeltet\u00e9s Rendszerbiztons\u00e1g Projectfeladatok K\u00e9nyelmi szolg\u00e1ltat\u00e1sok Downloadable documents Exis.hu Information sheet If you choose to be contacted immediately Hotline +36 1 44 77 055 If you need a flexible team&#8230; &#8230; we are the best choice. We know that implementing new ideas can always be a major financial investment. The Exis.hu team will [&hellip;]","og_url":"https:\/\/exis.hu\/en\/our-expertise\/project-tasks\/","og_site_name":"Exis.hu \u2013 We solve IT","article_modified_time":"2022-09-25T20:10:22+00:00","og_image":[{"url":"https:\/\/exis.hu\/wp-content\/uploads\/2022\/05\/projectek-exis.hu_.jpg","type":"","width":"","height":""}],"twitter_card":"summary_large_image","twitter_misc":{"Est. reading time":"4 minutes"},"schema":{"@context":"https:\/\/schema.org","@graph":[{"@type":"WebPage","@id":"https:\/\/exis.hu\/en\/our-expertise\/project-tasks\/","url":"https:\/\/exis.hu\/en\/our-expertise\/project-tasks\/","name":"Project tasks - Exis.hu \u2013 We solve IT","isPartOf":{"@id":"https:\/\/exis.hu\/#website"},"primaryImageOfPage":{"@id":"https:\/\/exis.hu\/en\/our-expertise\/project-tasks\/#primaryimage"},"image":{"@id":"https:\/\/exis.hu\/en\/our-expertise\/project-tasks\/#primaryimage"},"thumbnailUrl":"https:\/\/exis.hu\/wp-content\/uploads\/2022\/05\/projectek-exis.hu_.jpg","datePublished":"2021-06-30T19:15:59+00:00","dateModified":"2022-09-25T20:10:22+00:00","breadcrumb":{"@id":"https:\/\/exis.hu\/en\/our-expertise\/project-tasks\/#breadcrumb"},"inLanguage":"en-US","potentialAction":[{"@type":"ReadAction","target":["https:\/\/exis.hu\/en\/our-expertise\/project-tasks\/"]}]},{"@type":"ImageObject","inLanguage":"en-US","@id":"https:\/\/exis.hu\/en\/our-expertise\/project-tasks\/#primaryimage","url":"https:\/\/exis.hu\/wp-content\/uploads\/2022\/05\/projectek-exis.hu_.jpg","contentUrl":"https:\/\/exis.hu\/wp-content\/uploads\/2022\/05\/projectek-exis.hu_.jpg"},{"@type":"BreadcrumbList","@id":"https:\/\/exis.hu\/en\/our-expertise\/project-tasks\/#breadcrumb","itemListElement":[{"@type":"ListItem","position":1,"name":"Our expertise","item":"https:\/\/exis.hu\/en\/our-expertise\/"},{"@type":"ListItem","position":2,"name":"Project tasks"}]},{"@type":"WebSite","@id":"https:\/\/exis.hu\/#website","url":"https:\/\/exis.hu\/","name":"Exis.hu \u2013 We solve IT","description":"","publisher":{"@id":"https:\/\/exis.hu\/#organization"},"potentialAction":[{"@type":"SearchAction","target":{"@type":"EntryPoint","urlTemplate":"https:\/\/exis.hu\/?s={search_term_string}"},"query-input":{"@type":"PropertyValueSpecification","valueRequired":true,"valueName":"search_term_string"}}],"inLanguage":"en-US"},{"@type":"Organization","@id":"https:\/\/exis.hu\/#organization","name":"Exis.hu - We solve IT","url":"https:\/\/exis.hu\/","logo":{"@type":"ImageObject","inLanguage":"en-US","@id":"https:\/\/exis.hu\/#\/schema\/logo\/image\/","url":"https:\/\/exis.hu\/wp-content\/uploads\/2022\/04\/logo_1000x1000.png","contentUrl":"https:\/\/exis.hu\/wp-content\/uploads\/2022\/04\/logo_1000x1000.png","width":4168,"height":4167,"caption":"Exis.hu - We solve IT"},"image":{"@id":"https:\/\/exis.hu\/#\/schema\/logo\/image\/"}}]}},"_links":{"self":[{"href":"https:\/\/exis.hu\/en\/wp-json\/wp\/v2\/pages\/4655","targetHints":{"allow":["GET"]}}],"collection":[{"href":"https:\/\/exis.hu\/en\/wp-json\/wp\/v2\/pages"}],"about":[{"href":"https:\/\/exis.hu\/en\/wp-json\/wp\/v2\/types\/page"}],"author":[{"embeddable":true,"href":"https:\/\/exis.hu\/en\/wp-json\/wp\/v2\/users\/1"}],"replies":[{"embeddable":true,"href":"https:\/\/exis.hu\/en\/wp-json\/wp\/v2\/comments?post=4655"}],"version-history":[{"count":8,"href":"https:\/\/exis.hu\/en\/wp-json\/wp\/v2\/pages\/4655\/revisions"}],"predecessor-version":[{"id":4904,"href":"https:\/\/exis.hu\/en\/wp-json\/wp\/v2\/pages\/4655\/revisions\/4904"}],"up":[{"embeddable":true,"href":"https:\/\/exis.hu\/en\/wp-json\/wp\/v2\/pages\/4602"}],"wp:attachment":[{"href":"https:\/\/exis.hu\/en\/wp-json\/wp\/v2\/media?parent=4655"}],"curies":[{"name":"wp","href":"https:\/\/api.w.org\/{rel}","templated":true}]}}