{"id":4746,"date":"2021-08-23T19:09:15","date_gmt":"2021-08-23T17:09:15","guid":{"rendered":"https:\/\/exis.hu\/our-team\/"},"modified":"2025-06-23T14:37:25","modified_gmt":"2025-06-23T12:37:25","slug":"our-team","status":"publish","type":"page","link":"https:\/\/exis.hu\/en\/our-team\/","title":{"rendered":"Our team"},"content":{"rendered":"\t\t<div data-elementor-type=\"wp-page\" data-elementor-id=\"4746\" class=\"elementor elementor-4746 elementor-1175\">\n\t\t\t\t\t\t<section class=\"elementor-section elementor-top-section elementor-element elementor-element-89fa86a elementor-section-boxed elementor-section-height-default elementor-section-height-default\" data-id=\"89fa86a\" data-element_type=\"section\">\n\t\t\t\t\t\t<div class=\"elementor-container elementor-column-gap-default\">\n\t\t\t\t\t<div class=\"elementor-column elementor-col-100 elementor-top-column elementor-element elementor-element-5c005ad\" data-id=\"5c005ad\" data-element_type=\"column\">\n\t\t\t<div class=\"elementor-widget-wrap elementor-element-populated\">\n\t\t\t\t\t\t<div class=\"elementor-element elementor-element-7fb8fce elementor-widget elementor-widget-reeko_team_v4\" data-id=\"7fb8fce\" data-element_type=\"widget\" data-widget_type=\"reeko_team_v4.default\">\n\t\t\t\t<div class=\"elementor-widget-container\">\n\t\t\t\t\t        \n        <!-- Team Section -->\n\t\t<section id=\"team\" class=\"team-section\">\n\t\t\t<div class=\"auto-container\">\n\t\t\t\t\t\t\t\t<div class=\"row clearfix\">\n\t\t\t\t\t\t\t\t\t\t<!-- Team Block -->\n\t\t\t\t\t<div class=\"team-block col-lg-3 col-md-6 col-sm-12\">\n\t\t\t\t\t\t<div class=\"inner-box\">\n\t\t\t\t\t\t\t<div class=\"image\">\n\t\t\t\t\t\t\t\t<img fetchpriority=\"high\" decoding=\"async\" width=\"305\" height=\"350\" src=\"https:\/\/exis.hu\/wp-content\/uploads\/2022\/06\/1-Toth-Balazs-exis.hu_-305x350.jpg\" class=\"attachment-reeko_305x350 size-reeko_305x350 wp-post-image\" alt=\"\" \/>\t\t\t\t\t\t\t\t\n\t\t\t\t\t\t\t\t\t\t\t\t\t\t\t\t<div class=\"social-nav\">\n\t\t\t\t\t\t\t\t\t\t\t\t\t\t\t\t\t<\/div>\n\t\t\t\t\t\t\t\t\t\t\t\t\t\t\t<\/div>\n\t\t\t\t\t\t\t<div class=\"lower-content\">\n\t\t\t\t\t\t\t\t<h3><a href=\"https:\/\/exis.hu\/en\/team\/balazs-toth\/\">Bal\u00e1zs T\u00f3th<\/a><\/h3>\n\t\t\t\t\t\t\t\t<div class=\"designation\">Professional director, CEO<\/div>\n\t\t\t\t\t\t\t<\/div>\n\t\t\t\t\t\t<\/div>\n\t\t\t\t\t<\/div>\n\t\t\t\t\t\t\t\t\t\t<!-- Team Block -->\n\t\t\t\t\t<div class=\"team-block col-lg-3 col-md-6 col-sm-12\">\n\t\t\t\t\t\t<div class=\"inner-box\">\n\t\t\t\t\t\t\t<div class=\"image\">\n\t\t\t\t\t\t\t\t<img decoding=\"async\" width=\"305\" height=\"350\" src=\"https:\/\/exis.hu\/wp-content\/uploads\/2022\/06\/Antal-Laszlo2-305x350.jpg\" class=\"attachment-reeko_305x350 size-reeko_305x350 wp-post-image\" alt=\"\" \/>\t\t\t\t\t\t\t\t\n\t\t\t\t\t\t\t\t\t\t\t\t\t\t\t\t<div class=\"social-nav\">\n\t\t\t\t\t\t\t\t\t\t\t\t\t\t\t\t\t<\/div>\n\t\t\t\t\t\t\t\t\t\t\t\t\t\t\t<\/div>\n\t\t\t\t\t\t\t<div class=\"lower-content\">\n\t\t\t\t\t\t\t\t<h3><a href=\"https:\/\/exis.hu\/en\/team\/laszlo-antal\/\">L\u00e1szl\u00f3 Antal<\/a><\/h3>\n\t\t\t\t\t\t\t\t<div class=\"designation\">Business Development Director<\/div>\n\t\t\t\t\t\t\t<\/div>\n\t\t\t\t\t\t<\/div>\n\t\t\t\t\t<\/div>\n\t\t\t\t\t\t\t\t\t\t<!-- Team Block -->\n\t\t\t\t\t<div class=\"team-block col-lg-3 col-md-6 col-sm-12\">\n\t\t\t\t\t\t<div class=\"inner-box\">\n\t\t\t\t\t\t\t<div class=\"image\">\n\t\t\t\t\t\t\t\t<img decoding=\"async\" width=\"305\" height=\"350\" src=\"https:\/\/exis.hu\/wp-content\/uploads\/2022\/06\/Balazs-Agnes2-305x350.jpg\" class=\"attachment-reeko_305x350 size-reeko_305x350 wp-post-image\" alt=\"Bal\u00e1zs-\u00c1gnes2\" \/>\t\t\t\t\t\t\t\t\n\t\t\t\t\t\t\t\t\t\t\t\t\t\t\t\t<div class=\"social-nav\">\n\t\t\t\t\t\t\t\t\t\t\t\t\t\t\t\t\t<\/div>\n\t\t\t\t\t\t\t\t\t\t\t\t\t\t\t<\/div>\n\t\t\t\t\t\t\t<div class=\"lower-content\">\n\t\t\t\t\t\t\t\t<h3><a href=\"https:\/\/exis.hu\/en\/team\/agnes-balazs\/\">\u00c1gnes Bal\u00e1zs<\/a><\/h3>\n\t\t\t\t\t\t\t\t<div class=\"designation\">Chief financial officer<\/div>\n\t\t\t\t\t\t\t<\/div>\n\t\t\t\t\t\t<\/div>\n\t\t\t\t\t<\/div>\n\t\t\t\t\t\t\t\t\t\t<!-- Team Block -->\n\t\t\t\t\t<div class=\"team-block col-lg-3 col-md-6 col-sm-12\">\n\t\t\t\t\t\t<div class=\"inner-box\">\n\t\t\t\t\t\t\t<div class=\"image\">\n\t\t\t\t\t\t\t\t<img loading=\"lazy\" decoding=\"async\" width=\"305\" height=\"350\" src=\"https:\/\/exis.hu\/wp-content\/uploads\/2022\/06\/Juhasz-Tamas2-305x350.jpg\" class=\"attachment-reeko_305x350 size-reeko_305x350 wp-post-image\" alt=\"\" \/>\t\t\t\t\t\t\t\t\n\t\t\t\t\t\t\t\t\t\t\t\t\t\t\t\t<div class=\"social-nav\">\n\t\t\t\t\t\t\t\t\t\t\t\t\t\t\t\t\t<\/div>\n\t\t\t\t\t\t\t\t\t\t\t\t\t\t\t<\/div>\n\t\t\t\t\t\t\t<div class=\"lower-content\">\n\t\t\t\t\t\t\t\t<h3><a href=\"https:\/\/exis.hu\/en\/team\/tamas-juhasz\/\">Tam\u00e1s Juh\u00e1sz<\/a><\/h3>\n\t\t\t\t\t\t\t\t<div class=\"designation\">Senior system administrator<\/div>\n\t\t\t\t\t\t\t<\/div>\n\t\t\t\t\t\t<\/div>\n\t\t\t\t\t<\/div>\n\t\t\t\t\t\t\t\t\t\t<!-- Team Block -->\n\t\t\t\t\t<div class=\"team-block col-lg-3 col-md-6 col-sm-12\">\n\t\t\t\t\t\t<div class=\"inner-box\">\n\t\t\t\t\t\t\t<div class=\"image\">\n\t\t\t\t\t\t\t\t<img loading=\"lazy\" decoding=\"async\" width=\"305\" height=\"350\" src=\"https:\/\/exis.hu\/wp-content\/uploads\/2022\/06\/Toth-Adrienne2-305x350.jpg\" class=\"attachment-reeko_305x350 size-reeko_305x350 wp-post-image\" alt=\"\" \/>\t\t\t\t\t\t\t\t\n\t\t\t\t\t\t\t\t\t\t\t\t\t\t\t\t<div class=\"social-nav\">\n\t\t\t\t\t\t\t\t\t\t\t\t\t\t\t\t\t<\/div>\n\t\t\t\t\t\t\t\t\t\t\t\t\t\t\t<\/div>\n\t\t\t\t\t\t\t<div class=\"lower-content\">\n\t\t\t\t\t\t\t\t<h3><a href=\"https:\/\/exis.hu\/en\/team\/adrienne-toth\/\">Adrienne T\u00f3th<\/a><\/h3>\n\t\t\t\t\t\t\t\t<div class=\"designation\">Controller<\/div>\n\t\t\t\t\t\t\t<\/div>\n\t\t\t\t\t\t<\/div>\n\t\t\t\t\t<\/div>\n\t\t\t\t\t\t\t\t\t\t<!-- Team Block -->\n\t\t\t\t\t<div class=\"team-block col-lg-3 col-md-6 col-sm-12\">\n\t\t\t\t\t\t<div class=\"inner-box\">\n\t\t\t\t\t\t\t<div class=\"image\">\n\t\t\t\t\t\t\t\t<img loading=\"lazy\" decoding=\"async\" width=\"305\" height=\"350\" src=\"https:\/\/exis.hu\/wp-content\/uploads\/2022\/06\/Egri-Levente2-305x350.jpg\" class=\"attachment-reeko_305x350 size-reeko_305x350 wp-post-image\" alt=\"\" \/>\t\t\t\t\t\t\t\t\n\t\t\t\t\t\t\t\t\t\t\t\t\t\t\t\t<div class=\"social-nav\">\n\t\t\t\t\t\t\t\t\t\t\t\t\t\t\t\t\t<\/div>\n\t\t\t\t\t\t\t\t\t\t\t\t\t\t\t<\/div>\n\t\t\t\t\t\t\t<div class=\"lower-content\">\n\t\t\t\t\t\t\t\t<h3><a href=\"https:\/\/exis.hu\/en\/team\/egri-levente\/\">Egri Levente<\/a><\/h3>\n\t\t\t\t\t\t\t\t<div class=\"designation\">Senior system administrator<\/div>\n\t\t\t\t\t\t\t<\/div>\n\t\t\t\t\t\t<\/div>\n\t\t\t\t\t<\/div>\n\t\t\t\t\t\t\t\t\t\t<!-- Team Block -->\n\t\t\t\t\t<div class=\"team-block col-lg-3 col-md-6 col-sm-12\">\n\t\t\t\t\t\t<div class=\"inner-box\">\n\t\t\t\t\t\t\t<div class=\"image\">\n\t\t\t\t\t\t\t\t<img loading=\"lazy\" decoding=\"async\" width=\"305\" height=\"350\" src=\"https:\/\/exis.hu\/wp-content\/uploads\/2022\/06\/mark-2-305x350.jpg\" class=\"attachment-reeko_305x350 size-reeko_305x350 wp-post-image\" alt=\"\" \/>\t\t\t\t\t\t\t\t\n\t\t\t\t\t\t\t\t\t\t\t\t\t\t\t\t<div class=\"social-nav\">\n\t\t\t\t\t\t\t\t\t\t\t\t\t\t\t\t\t<\/div>\n\t\t\t\t\t\t\t\t\t\t\t\t\t\t\t<\/div>\n\t\t\t\t\t\t\t<div class=\"lower-content\">\n\t\t\t\t\t\t\t\t<h3><a href=\"https:\/\/exis.hu\/en\/team\/mark-gyorgy\/\">M\u00e1rk Gy\u00f6rgy<\/a><\/h3>\n\t\t\t\t\t\t\t\t<div class=\"designation\">Senior database administrator<\/div>\n\t\t\t\t\t\t\t<\/div>\n\t\t\t\t\t\t<\/div>\n\t\t\t\t\t<\/div>\n\t\t\t\t\t\t\t\t\t\t<!-- Team Block -->\n\t\t\t\t\t<div class=\"team-block col-lg-3 col-md-6 col-sm-12\">\n\t\t\t\t\t\t<div class=\"inner-box\">\n\t\t\t\t\t\t\t<div class=\"image\">\n\t\t\t\t\t\t\t\t<img loading=\"lazy\" decoding=\"async\" width=\"305\" height=\"350\" src=\"https:\/\/exis.hu\/wp-content\/uploads\/2022\/06\/8-Szabo-Ferenc-305x350.jpg\" class=\"attachment-reeko_305x350 size-reeko_305x350 wp-post-image\" alt=\"\" \/>\t\t\t\t\t\t\t\t\n\t\t\t\t\t\t\t\t\t\t\t\t\t\t\t\t<div class=\"social-nav\">\n\t\t\t\t\t\t\t\t\t\t\t\t\t\t\t\t\t<\/div>\n\t\t\t\t\t\t\t\t\t\t\t\t\t\t\t<\/div>\n\t\t\t\t\t\t\t<div class=\"lower-content\">\n\t\t\t\t\t\t\t\t<h3><a href=\"https:\/\/exis.hu\/en\/team\/ferenc-szabo\/\">Ferenc Szab\u00f3<\/a><\/h3>\n\t\t\t\t\t\t\t\t<div class=\"designation\">Operations expert<\/div>\n\t\t\t\t\t\t\t<\/div>\n\t\t\t\t\t\t<\/div>\n\t\t\t\t\t<\/div>\n\t\t\t\t\t\t\t\t\t\t<!-- Team Block -->\n\t\t\t\t\t<div class=\"team-block col-lg-3 col-md-6 col-sm-12\">\n\t\t\t\t\t\t<div class=\"inner-box\">\n\t\t\t\t\t\t\t<div class=\"image\">\n\t\t\t\t\t\t\t\t<img loading=\"lazy\" decoding=\"async\" width=\"305\" height=\"350\" src=\"https:\/\/exis.hu\/wp-content\/uploads\/2022\/06\/9-Buliczka-Csilla2-305x350.jpg\" class=\"attachment-reeko_305x350 size-reeko_305x350 wp-post-image\" alt=\"\" \/>\t\t\t\t\t\t\t\t\n\t\t\t\t\t\t\t\t\t\t\t\t\t\t\t\t<div class=\"social-nav\">\n\t\t\t\t\t\t\t\t\t\t\t\t\t\t\t\t\t<\/div>\n\t\t\t\t\t\t\t\t\t\t\t\t\t\t\t<\/div>\n\t\t\t\t\t\t\t<div class=\"lower-content\">\n\t\t\t\t\t\t\t\t<h3><a href=\"https:\/\/exis.hu\/en\/team\/csilla-buliczka\/\">Csilla Buliczka<\/a><\/h3>\n\t\t\t\t\t\t\t\t<div class=\"designation\">Project manager<\/div>\n\t\t\t\t\t\t\t<\/div>\n\t\t\t\t\t\t<\/div>\n\t\t\t\t\t<\/div>\n\t\t\t\t\t\t\t\t\t\t<!-- Team Block -->\n\t\t\t\t\t<div class=\"team-block col-lg-3 col-md-6 col-sm-12\">\n\t\t\t\t\t\t<div class=\"inner-box\">\n\t\t\t\t\t\t\t<div class=\"image\">\n\t\t\t\t\t\t\t\t<img loading=\"lazy\" decoding=\"async\" width=\"305\" height=\"350\" src=\"https:\/\/exis.hu\/wp-content\/uploads\/2022\/06\/Karasz-Laszlo2-305x350.jpg\" class=\"attachment-reeko_305x350 size-reeko_305x350 wp-post-image\" alt=\"\" \/>\t\t\t\t\t\t\t\t\n\t\t\t\t\t\t\t\t\t\t\t\t\t\t\t\t<div class=\"social-nav\">\n\t\t\t\t\t\t\t\t\t\t\t\t\t\t\t\t\t<\/div>\n\t\t\t\t\t\t\t\t\t\t\t\t\t\t\t<\/div>\n\t\t\t\t\t\t\t<div class=\"lower-content\">\n\t\t\t\t\t\t\t\t<h3><a href=\"https:\/\/exis.hu\/en\/team\/laszlo-karasz\/\">L\u00e1szl\u00f3 K\u00e1r\u00e1sz<\/a><\/h3>\n\t\t\t\t\t\t\t\t<div class=\"designation\">Sales manager<\/div>\n\t\t\t\t\t\t\t<\/div>\n\t\t\t\t\t\t<\/div>\n\t\t\t\t\t<\/div>\n\t\t\t\t\t\t\t\t\t\t<!-- Team Block -->\n\t\t\t\t\t<div class=\"team-block col-lg-3 col-md-6 col-sm-12\">\n\t\t\t\t\t\t<div class=\"inner-box\">\n\t\t\t\t\t\t\t<div class=\"image\">\n\t\t\t\t\t\t\t\t<img loading=\"lazy\" decoding=\"async\" width=\"305\" height=\"350\" src=\"https:\/\/exis.hu\/wp-content\/uploads\/2022\/06\/alvallalkozoi-halozat2-305x350.jpg\" class=\"attachment-reeko_305x350 size-reeko_305x350 wp-post-image\" alt=\"\" \/>\t\t\t\t\t\t\t\t\n\t\t\t\t\t\t\t\t\t\t\t\t\t\t\t\t<div class=\"social-nav\">\n\t\t\t\t\t\t\t\t\t\t\t\t\t\t\t\t\t<\/div>\n\t\t\t\t\t\t\t\t\t\t\t\t\t\t\t<\/div>\n\t\t\t\t\t\t\t<div class=\"lower-content\">\n\t\t\t\t\t\t\t\t<h3><a href=\"https:\/\/exis.hu\/en\/team\/subcontractor-network\/\">Subcontractor network<\/a><\/h3>\n\t\t\t\t\t\t\t\t<div class=\"designation\"><\/div>\n\t\t\t\t\t\t\t<\/div>\n\t\t\t\t\t\t<\/div>\n\t\t\t\t\t<\/div>\n\t\t\t\t\t\t\t\t\t<\/div>\n\n\t\t\t\t<!-- Styled Pagination -->\n\t\t\t\t\t\t\t\t<!-- End Styled Pagination -->\n\n\t\t\t<\/div>\n\t\t<\/section>\n\n        \t\t\t\t<\/div>\n\t\t\t\t<\/div>\n\t\t\t\t\t<\/div>\n\t\t<\/div>\n\t\t\t\t\t<\/div>\n\t\t<\/section>\n\t\t\t\t<\/div>\n\t\t","protected":false},"excerpt":{"rendered":"","protected":false},"author":1,"featured_media":0,"parent":0,"menu_order":0,"comment_status":"closed","ping_status":"closed","template":"","meta":{"footnotes":""},"class_list":["post-4746","page","type-page","status-publish","hentry"],"yoast_head":"<!-- This site is optimized with the Yoast SEO plugin v25.3.1 - https:\/\/yoast.com\/wordpress\/plugins\/seo\/ -->\n<title>Our team - Exis.hu \u2013 We solve IT<\/title>\n<meta name=\"robots\" content=\"index, follow, max-snippet:-1, max-image-preview:large, max-video-preview:-1\" \/>\n<link rel=\"canonical\" href=\"https:\/\/exis.hu\/de\/unser-team\/\" \/>\n<meta property=\"og:locale\" content=\"en_US\" \/>\n<meta property=\"og:type\" content=\"article\" \/>\n<meta property=\"og:title\" content=\"Our team - Exis.hu \u2013 We solve IT\" \/>\n<meta property=\"og:url\" content=\"https:\/\/exis.hu\/de\/unser-team\/\" \/>\n<meta property=\"og:site_name\" content=\"Exis.hu \u2013 We solve IT\" \/>\n<meta property=\"article:modified_time\" content=\"2025-06-23T12:37:25+00:00\" \/>\n<meta name=\"twitter:card\" content=\"summary_large_image\" \/>\n<meta name=\"twitter:label1\" content=\"Est. reading time\" \/>\n\t<meta name=\"twitter:data1\" content=\"3 minutes\" \/>\n<script type=\"application\/ld+json\" class=\"yoast-schema-graph\">{\"@context\":\"https:\/\/schema.org\",\"@graph\":[{\"@type\":\"WebPage\",\"@id\":\"https:\/\/exis.hu\/de\/unser-team\/\",\"url\":\"https:\/\/exis.hu\/de\/unser-team\/\",\"name\":\"Our team - Exis.hu \u2013 We solve IT\",\"isPartOf\":{\"@id\":\"https:\/\/exis.hu\/#website\"},\"datePublished\":\"2021-08-23T17:09:15+00:00\",\"dateModified\":\"2025-06-23T12:37:25+00:00\",\"inLanguage\":\"en-US\",\"potentialAction\":[{\"@type\":\"ReadAction\",\"target\":[\"https:\/\/exis.hu\/de\/unser-team\/\"]}]},{\"@type\":\"WebSite\",\"@id\":\"https:\/\/exis.hu\/#website\",\"url\":\"https:\/\/exis.hu\/\",\"name\":\"Exis.hu \u2013 We solve IT\",\"description\":\"\",\"publisher\":{\"@id\":\"https:\/\/exis.hu\/#organization\"},\"potentialAction\":[{\"@type\":\"SearchAction\",\"target\":{\"@type\":\"EntryPoint\",\"urlTemplate\":\"https:\/\/exis.hu\/?s={search_term_string}\"},\"query-input\":{\"@type\":\"PropertyValueSpecification\",\"valueRequired\":true,\"valueName\":\"search_term_string\"}}],\"inLanguage\":\"en-US\"},{\"@type\":\"Organization\",\"@id\":\"https:\/\/exis.hu\/#organization\",\"name\":\"Exis.hu - We solve IT\",\"url\":\"https:\/\/exis.hu\/\",\"logo\":{\"@type\":\"ImageObject\",\"inLanguage\":\"en-US\",\"@id\":\"https:\/\/exis.hu\/#\/schema\/logo\/image\/\",\"url\":\"https:\/\/exis.hu\/wp-content\/uploads\/2022\/04\/logo_1000x1000.png\",\"contentUrl\":\"https:\/\/exis.hu\/wp-content\/uploads\/2022\/04\/logo_1000x1000.png\",\"width\":4168,\"height\":4167,\"caption\":\"Exis.hu - We solve IT\"},\"image\":{\"@id\":\"https:\/\/exis.hu\/#\/schema\/logo\/image\/\"}}]}<\/script>\n<!-- \/ Yoast SEO plugin. -->","yoast_head_json":{"title":"Our team - Exis.hu \u2013 We solve IT","robots":{"index":"index","follow":"follow","max-snippet":"max-snippet:-1","max-image-preview":"max-image-preview:large","max-video-preview":"max-video-preview:-1"},"canonical":"https:\/\/exis.hu\/de\/unser-team\/","og_locale":"en_US","og_type":"article","og_title":"Our team - Exis.hu \u2013 We solve IT","og_url":"https:\/\/exis.hu\/de\/unser-team\/","og_site_name":"Exis.hu \u2013 We solve IT","article_modified_time":"2025-06-23T12:37:25+00:00","twitter_card":"summary_large_image","twitter_misc":{"Est. reading time":"3 minutes"},"schema":{"@context":"https:\/\/schema.org","@graph":[{"@type":"WebPage","@id":"https:\/\/exis.hu\/de\/unser-team\/","url":"https:\/\/exis.hu\/de\/unser-team\/","name":"Our team - Exis.hu \u2013 We solve IT","isPartOf":{"@id":"https:\/\/exis.hu\/#website"},"datePublished":"2021-08-23T17:09:15+00:00","dateModified":"2025-06-23T12:37:25+00:00","inLanguage":"en-US","potentialAction":[{"@type":"ReadAction","target":["https:\/\/exis.hu\/de\/unser-team\/"]}]},{"@type":"WebSite","@id":"https:\/\/exis.hu\/#website","url":"https:\/\/exis.hu\/","name":"Exis.hu \u2013 We solve IT","description":"","publisher":{"@id":"https:\/\/exis.hu\/#organization"},"potentialAction":[{"@type":"SearchAction","target":{"@type":"EntryPoint","urlTemplate":"https:\/\/exis.hu\/?s={search_term_string}"},"query-input":{"@type":"PropertyValueSpecification","valueRequired":true,"valueName":"search_term_string"}}],"inLanguage":"en-US"},{"@type":"Organization","@id":"https:\/\/exis.hu\/#organization","name":"Exis.hu - We solve IT","url":"https:\/\/exis.hu\/","logo":{"@type":"ImageObject","inLanguage":"en-US","@id":"https:\/\/exis.hu\/#\/schema\/logo\/image\/","url":"https:\/\/exis.hu\/wp-content\/uploads\/2022\/04\/logo_1000x1000.png","contentUrl":"https:\/\/exis.hu\/wp-content\/uploads\/2022\/04\/logo_1000x1000.png","width":4168,"height":4167,"caption":"Exis.hu - We solve IT"},"image":{"@id":"https:\/\/exis.hu\/#\/schema\/logo\/image\/"}}]}},"_links":{"self":[{"href":"https:\/\/exis.hu\/en\/wp-json\/wp\/v2\/pages\/4746","targetHints":{"allow":["GET"]}}],"collection":[{"href":"https:\/\/exis.hu\/en\/wp-json\/wp\/v2\/pages"}],"about":[{"href":"https:\/\/exis.hu\/en\/wp-json\/wp\/v2\/types\/page"}],"author":[{"embeddable":true,"href":"https:\/\/exis.hu\/en\/wp-json\/wp\/v2\/users\/1"}],"replies":[{"embeddable":true,"href":"https:\/\/exis.hu\/en\/wp-json\/wp\/v2\/comments?post=4746"}],"version-history":[{"count":22,"href":"https:\/\/exis.hu\/en\/wp-json\/wp\/v2\/pages\/4746\/revisions"}],"predecessor-version":[{"id":5444,"href":"https:\/\/exis.hu\/en\/wp-json\/wp\/v2\/pages\/4746\/revisions\/5444"}],"wp:attachment":[{"href":"https:\/\/exis.hu\/en\/wp-json\/wp\/v2\/media?parent=4746"}],"curies":[{"name":"wp","href":"https:\/\/api.w.org\/{rel}","templated":true}]}}